{"id":47579,"date":"2023-04-13T10:11:02","date_gmt":"2023-04-13T00:11:02","guid":{"rendered":"https:\/\/www.esim4.com\/wagen\/"},"modified":"2024-09-11T03:38:35","modified_gmt":"2024-09-10T17:38:35","slug":"cart","status":"publish","type":"page","link":"https:\/\/www.esim4.com\/de\/cart\/","title":{"rendered":"Wagen"},"content":{"rendered":"\n\n<div class=\"row row-full-width align-middle align-center\"  id=\"row-567469804\">\n\n\n\t<div id=\"col-1046663928\" class=\"col medium-4 small-12 large-4\"  >\n\t\t\t\t<div class=\"col-inner text-center\"  >\n\t\t\t\n\t\t\t\n\n\t<div class=\"img has-hover x md-x lg-x y md-y lg-y\" id=\"image_1570330677\">\n\t\t\t\t\t\t\t\t<div class=\"img-inner dark\" >\n\t\t\t<img loading=\"lazy\" decoding=\"async\" width=\"600\" height=\"259\" src=\"https:\/\/www.esim4.com\/wp-content\/uploads\/2024\/08\/visualhunter-0d9dcab4598e19a1dc088fb4fdf94151.png\" class=\"attachment-large size-large\" alt=\"\" srcset=\"https:\/\/www.esim4.com\/wp-content\/uploads\/2024\/08\/visualhunter-0d9dcab4598e19a1dc088fb4fdf94151.png 600w, https:\/\/www.esim4.com\/wp-content\/uploads\/2024\/08\/visualhunter-0d9dcab4598e19a1dc088fb4fdf94151-510x220.png 510w\" sizes=\"auto, (max-width: 600px) 100vw, 600px\">\t\t\t\t\t\t\n\t\t\t\t\t<\/div>\n\t\t\t\t\t\t\t\t\n<style>\n#image_1570330677 {\n  width: 50%;\n}\n<\/style>\n\t<\/div>\n\t\n\n\n\t\t<\/div>\n\t\t\t\t\t<\/div>\n\n\t\n\n<\/div>\n<div class=\"row row-collapse row-full-width\"  id=\"row-1039807024\">\n\n\n\t<div id=\"col-1886768675\" class=\"col medium-4 small-12 large-4\"  >\n\t\t\t\t<div class=\"col-inner\"  >\n\t\t\t\n\t\t\t\n\n\t<div class=\"img has-hover x md-x lg-x y md-y lg-y\" id=\"image_1148947988\">\n\t\t\t\t\t\t\t\t<div class=\"img-inner dark\" >\n\t\t\t<img loading=\"lazy\" decoding=\"async\" width=\"246\" height=\"75\" src=\"https:\/\/www.esim4.com\/wp-content\/uploads\/2024\/08\/sdfsdf.png\" class=\"attachment-large size-large\" alt=\"\">\t\t\t\t\t\t\n\t\t\t\t\t<\/div>\n\t\t\t\t\t\t\t\t\n<style>\n#image_1148947988 {\n  width: 48%;\n}\n<\/style>\n\t<\/div>\n\t\n\n\t<div class=\"img has-hover x md-x lg-x y md-y lg-y\" id=\"image_1507594254\">\n\t\t\t\t\t\t\t\t<div class=\"img-inner dark\" >\n\t\t\t<img loading=\"lazy\" decoding=\"async\" width=\"530\" height=\"101\" src=\"https:\/\/www.esim4.com\/wp-content\/uploads\/2024\/08\/TP.png\" class=\"attachment-large size-large\" alt=\"\" srcset=\"https:\/\/www.esim4.com\/wp-content\/uploads\/2024\/08\/TP.png 530w, https:\/\/www.esim4.com\/wp-content\/uploads\/2024\/08\/TP-510x97.png 510w\" sizes=\"auto, (max-width: 530px) 100vw, 530px\">\t\t\t\t\t\t\n\t\t\t\t\t<\/div>\n\t\t\t\t\t\t\t\t\n<style>\n#image_1507594254 {\n  width: 30%;\n}\n<\/style>\n\t<\/div>\n\t\n\n<p><strong>Verwenden Sie den esim4 esim f\u00fcr Kroatien<\/strong><\/p>\n<p>Ich habe den esim4 esim f\u00fcr Kroatien verwendet. Ich habe den QR-Code sofort nach der Bestellung erhalten und die Aktivierung war einfach. Ich habe vergessen, das Roaming auf dem neuen esim zu aktivieren, aber der Kundenservice hat sofort geantwortet und war sehr hilfreich bei der Identifizierung des Problems. Sie haben eine App namens Yabb, mit der ich meine Datennutzung \u00fcberpr\u00fcfen, das esim aufladen, Anrufe t\u00e4tigen und SMS versenden kann. Insgesamt bin ich sehr zufrieden.<\/p>\n\n\t\t<\/div>\n\t\t\t\t\n<style>\n#col-1886768675 > .col-inner {\n  padding: 0px 15px 0px 0px;\n}\n<\/style>\n\t<\/div>\n\n\t\n\n\t<div id=\"col-439001710\" class=\"col medium-4 small-12 large-4\"  >\n\t\t\t\t<div class=\"col-inner\"  >\n\t\t\t\n\t\t\t\n\n\t<div class=\"img has-hover x md-x lg-x y md-y lg-y\" id=\"image_1504742857\">\n\t\t\t\t\t\t\t\t<div class=\"img-inner dark\" >\n\t\t\t<img loading=\"lazy\" decoding=\"async\" width=\"240\" height=\"67\" src=\"https:\/\/www.esim4.com\/wp-content\/uploads\/2024\/08\/Screenshot-2024-08-29-173643-jpg.webp\" class=\"attachment-large size-large\" alt=\"\">\t\t\t\t\t\t\n\t\t\t\t\t<\/div>\n\t\t\t\t\t\t\t\t\n<style>\n#image_1504742857 {\n  width: 44%;\n}\n<\/style>\n\t<\/div>\n\t\n\n\t<div class=\"img has-hover x md-x lg-x y md-y lg-y\" id=\"image_2024359739\">\n\t\t\t\t\t\t\t\t<div class=\"img-inner dark\" >\n\t\t\t<img loading=\"lazy\" decoding=\"async\" width=\"530\" height=\"101\" src=\"https:\/\/www.esim4.com\/wp-content\/uploads\/2024\/08\/TP.png\" class=\"attachment-large size-large\" alt=\"\" srcset=\"https:\/\/www.esim4.com\/wp-content\/uploads\/2024\/08\/TP.png 530w, https:\/\/www.esim4.com\/wp-content\/uploads\/2024\/08\/TP-510x97.png 510w\" sizes=\"auto, (max-width: 530px) 100vw, 530px\">\t\t\t\t\t\t\n\t\t\t\t\t<\/div>\n\t\t\t\t\t\t\t\t\n<style>\n#image_2024359739 {\n  width: 30%;\n}\n<\/style>\n\t<\/div>\n\t\n\n<p><strong>Die Datengeschwindigkeit war schneller als bei meinem Heimatanbieter<\/strong><\/p>\n<p>Ich habe eine 1GB &#8211; 7 Tage esim f\u00fcr meine Reise nach Japan von ihrer Website gekauft. Der QR-Code f\u00fcr die Installation von Esim kam per E-Mail ein paar Minuten nach meiner Bestellung. Ich habe esim auf meinem Handy in Australien installiert, bevor ich nach Tokio abreiste, und als ich ankam, zeigte mein Telefon an, dass ich eine Datenverbindung mit Docomo hatte. W\u00e4hrend meines 5-t\u00e4gigen Urlaubs in Japan brach die Verbindung nie ab und die Geschwindigkeit war h\u00f6her als bei meinem australischen Anbieter.<\/p>\n\n\t\t<\/div>\n\t\t\t\t\n<style>\n#col-439001710 > .col-inner {\n  padding: 0px 15px 0px 0px;\n}\n<\/style>\n\t<\/div>\n\n\t\n\n\t<div id=\"col-535926998\" class=\"col medium-4 small-12 large-4\"  >\n\t\t\t\t<div class=\"col-inner\"  >\n\t\t\t\n\t\t\t\n\n\t<div class=\"img has-hover x md-x lg-x y md-y lg-y\" id=\"image_1051042726\">\n\t\t\t\t\t\t\t\t<div class=\"img-inner dark\" >\n\t\t\t<img loading=\"lazy\" decoding=\"async\" width=\"295\" height=\"66\" src=\"https:\/\/www.esim4.com\/wp-content\/uploads\/2024\/08\/Screenshot-2024-08-29-173706-jpg.webp\" class=\"attachment-large size-large\" alt=\"\">\t\t\t\t\t\t\n\t\t\t\t\t<\/div>\n\t\t\t\t\t\t\t\t\n<style>\n#image_1051042726 {\n  width: 52%;\n}\n<\/style>\n\t<\/div>\n\t\n\n\t<div class=\"img has-hover x md-x lg-x y md-y lg-y\" id=\"image_43010618\">\n\t\t\t\t\t\t\t\t<div class=\"img-inner dark\" >\n\t\t\t<img loading=\"lazy\" decoding=\"async\" width=\"530\" height=\"101\" src=\"https:\/\/www.esim4.com\/wp-content\/uploads\/2024\/08\/TP.png\" class=\"attachment-large size-large\" alt=\"\" srcset=\"https:\/\/www.esim4.com\/wp-content\/uploads\/2024\/08\/TP.png 530w, https:\/\/www.esim4.com\/wp-content\/uploads\/2024\/08\/TP-510x97.png 510w\" sizes=\"auto, (max-width: 530px) 100vw, 530px\">\t\t\t\t\t\t\n\t\t\t\t\t<\/div>\n\t\t\t\t\t\t\t\t\n<style>\n#image_43010618 {\n  width: 30%;\n}\n<\/style>\n\t<\/div>\n\t\n\n<p><strong>Schneller als Hotel-Wifi in Vietnam<\/strong><\/p>\n<p>Reiste von den USA nach Singapur, Malaysia, Hongkong, Taiwan, Japan, Thailand und Vietnam. Urspr\u00fcnglich kaufte ich bei der Landung f\u00fcr jedes Land eine eSIM, verbrauchte aber nicht alle Daten, bevor ich zum n\u00e4chsten Ziel abreiste. In Hongkong habe ich die Asia eSIM gekauft, die f\u00fcr alle L\u00e4nder, die ich besuchen wollte, verwendet werden kann, so dass ich keine ungenutzten Daten verschwendet habe. Ich bin im Intercontinental in Danang, Vietnam, und die Geschwindigkeit dieser eSIM ist schneller als das Wifi des Hotels.<\/p>\n\n\t\t<\/div>\n\t\t\t\t\n<style>\n#col-535926998 > .col-inner {\n  padding: 0px 15px 0px 0px;\n}\n<\/style>\n\t<\/div>\n\n\t\n\n<\/div>\n\n","protected":false},"excerpt":{"rendered":"","protected":false},"author":1,"featured_media":0,"parent":0,"menu_order":0,"comment_status":"closed","ping_status":"closed","template":"","meta":{"_acf_changed":false,"footnotes":""},"class_list":["post-47579","page","type-page","status-publish","hentry"],"acf":[],"jetpack_sharing_enabled":true,"_links":{"self":[{"href":"https:\/\/www.esim4.com\/de\/wp-json\/wp\/v2\/pages\/47579","targetHints":{"allow":["GET"]}}],"collection":[{"href":"https:\/\/www.esim4.com\/de\/wp-json\/wp\/v2\/pages"}],"about":[{"href":"https:\/\/www.esim4.com\/de\/wp-json\/wp\/v2\/types\/page"}],"author":[{"embeddable":true,"href":"https:\/\/www.esim4.com\/de\/wp-json\/wp\/v2\/users\/1"}],"replies":[{"embeddable":true,"href":"https:\/\/www.esim4.com\/de\/wp-json\/wp\/v2\/comments?post=47579"}],"version-history":[{"count":1,"href":"https:\/\/www.esim4.com\/de\/wp-json\/wp\/v2\/pages\/47579\/revisions"}],"predecessor-version":[{"id":47585,"href":"https:\/\/www.esim4.com\/de\/wp-json\/wp\/v2\/pages\/47579\/revisions\/47585"}],"wp:attachment":[{"href":"https:\/\/www.esim4.com\/de\/wp-json\/wp\/v2\/media?parent=47579"}],"curies":[{"name":"wp","href":"https:\/\/api.w.org\/{rel}","templated":true}]}}