{"id":47608,"date":"2023-04-22T08:14:22","date_gmt":"2023-04-21T22:14:22","guid":{"rendered":"https:\/\/www.esim4.com\/esim-kompatible-geraete\/"},"modified":"2024-09-11T03:29:51","modified_gmt":"2024-09-10T17:29:51","slug":"esim-kompatible-geraete","status":"publish","type":"page","link":"https:\/\/www.esim4.com\/de\/esim-kompatible-geraete\/","title":{"rendered":"eSIM-kompatible Ger\u00e4te"},"content":{"rendered":"\n  <div id=\"page-header-829548848\" class=\"page-header-wrapper\">\n  <div class=\"page-title light simple-title\">\n\n    \n    <div class=\"page-title-inner container align-center text-center flex-row-col medium-flex-wrap\" >\n              <div class=\"title-wrapper flex-col\">\n          <h1 class=\"entry-title mb-0\">\n            eSIM-kompatible Ger\u00e4te          <\/h1>\n        <\/div>\n                    <div class=\"title-content flex-col\">\n        <div class=\"title-breadcrumbs pb-half pt-half\"><nav class=\"woocommerce-breadcrumb breadcrumbs uppercase\">Startseite<\/nav><\/div>      <\/div>\n    <\/div>\n\n       <\/div>\n    <\/div>\n  \n\n<header class=\"mb-6\">\n<h1 class=\"measure-sm mb-6 text-blue-800 font-display font-bold text-2xl md:text-3xl\">Welche Ger\u00e4te unterst\u00fctzen eSIM?<\/h1>\n<\/header>\n<div class=\"typeset space-y-6 measure-md text-lg\">\n<p>Die folgende Liste wird st\u00e4ndig erweitert, da immer mehr eSIM-kompatible Ger\u00e4te auf den Markt kommen.<\/p>\n<p>Um eine eSIM verwenden zu k\u00f6nnen, muss Ihr Ger\u00e4t vom Netzbetreiber freigeschaltet und eSIM-kompatibel sein.\nAnhand der folgenden Liste k\u00f6nnen Sie feststellen, ob Ihr Ger\u00e4t die eSIM-Technologie unterst\u00fctzt.\n(Beachten Sie, dass es l\u00e4nder- und betreiberspezifische Einschr\u00e4nkungen geben kann)*.  <\/p>\n<p>Ab <b>Oktober 2023<\/b> sind die eSIM-kompatiblen Ger\u00e4te wie folgt:<\/p>\n<h4><b>APPLE*<\/b><\/h4>\n<ul>\n<li aria-level=\"1\">iPhone 15<\/li>\n<li aria-level=\"1\">iPhone 15 Plus<\/li>\n<li aria-level=\"1\">iPhone 15 Pro<\/li>\n<li aria-level=\"1\">iPhone 15 Pro Max<\/li>\n<li aria-level=\"1\">iPhone 14<\/li>\n<li aria-level=\"1\">iPhone 14 Plus<\/li>\n<li aria-level=\"1\">iPhone 14 Pro<\/li>\n<li aria-level=\"1\">iPhone 14 Pro Max<\/li>\n<li aria-level=\"1\">iPhone 13<\/li>\n<li aria-level=\"1\">iPhone 13 Mini<\/li>\n<li aria-level=\"1\">iPhone 13 Pro<\/li>\n<li aria-level=\"1\">iPhone 13 Pro Max<\/li>\n<li aria-level=\"1\">iPhone 12<\/li>\n<li aria-level=\"1\">iPhone 12 Mini<\/li>\n<li aria-level=\"1\">iPhone 12 Pro<\/li>\n<li aria-level=\"1\">iPhone 12 Pro Max<\/li>\n<li aria-level=\"1\">iPhone 11<\/li>\n<li aria-level=\"1\">iPhone 11 Pro<\/li>\n<li aria-level=\"1\">iPhone 11 Pro Max<\/li>\n<li aria-level=\"1\">iPhone XS<\/li>\n<li aria-level=\"1\">iPhone XS Max<\/li>\n<li aria-level=\"1\">iPhone XR<\/li>\n<li aria-level=\"1\">iPhone SE (2020)<\/li>\n<li aria-level=\"1\">iPhone SE (2022)<\/li>\n<li aria-level=\"1\">iPad Air (3. Generation)<\/li>\n<li aria-level=\"1\">iPad Air (4. Generation)<\/li>\n<li aria-level=\"1\">iPad Air (5. Generation)<\/li>\n<li aria-level=\"1\">iPad Pro 11-Zoll (1. Generation)<\/li>\n<li aria-level=\"1\">iPad Pro 11-Zoll (2. Generation)<\/li>\n<li aria-level=\"1\">iPad Pro 11-Zoll (3. Generation)<\/li>\n<li aria-level=\"1\">iPad Pro 11-Zoll (4. Generation)<\/li>\n<li aria-level=\"1\">iPad Pro 12,9-Zoll (3. Generation)<\/li>\n<li aria-level=\"1\">iPad Pro 12,9-Zoll (4. Generation)<\/li>\n<li aria-level=\"1\">iPad Pro 12,9-Zoll (5. Generation)<\/li>\n<li>iPad Pro 12,9-Zoll (6. Generation)<\/li>\n<li aria-level=\"1\">iPad (7. Generation)<\/li>\n<li aria-level=\"1\">iPad (8. Generation)<\/li>\n<li aria-level=\"1\">iPad (9. Generation)<\/li>\n<li aria-level=\"1\">iPad (10. Generation)<\/li>\n<li aria-level=\"1\">iPad Mini (5. Generation)<\/li>\n<li aria-level=\"1\">iPad Mini (6. Generation)<\/li>\n<\/ul>\n<h6>*Die folgenden Apple-Ger\u00e4te sind NICHT eSIM-f\u00e4hig:<br>&#8211; iPhone-Ger\u00e4te vom chinesischen Festland.<br>&#8211; iPhone-Ger\u00e4te aus Hongkong und Macao (mit Ausnahme des iPhone 13 Mini, iPhone 12 Mini, iPhone SE 2020 und iPhone XS).<\/h6>\n<h6>*F\u00fcr in der T\u00dcRKEI gekaufte iPhones und iPads:<br>&#8211; Wenn Sie Ihr Ger\u00e4t zum ersten Mal nach dem 23. Juni 2020 einrichten, wird Ihre eSIM nach der Installation aktiviert. Wenden Sie sich an Ihren Anbieter, wenn Sie die eSIM-Funktion nicht aktiviert haben.<\/h6>\n<h6>*Nur iPad-Ger\u00e4te mit Wi-Fi + Cellular-Funktionen werden unterst\u00fctzt.<\/h6>\n<h4><b>SAMSUNG*<\/b><\/h4>\n<ul>\n<li>Galaxy A54 <b> 5G*<\/b><\/li>\n<li>Galaxy <b> S23*<\/b><\/li>\n<li>Galaxy <b> S23+*<\/b><\/li>\n<li>Galaxy S23 <b> Ultra*<\/b><b><\/b><\/li>\n<li>Galaxy S22 <b> 5G*<\/b><\/li>\n<li>Galaxy S22+ <b> 5G*<\/b><\/li>\n<li>Galaxy S22 Ultra <b> 5G*<\/b><\/li>\n<li>Galaxy S21 <b> 5G*<\/b><\/li>\n<li>Galaxy S21+ <b> 5G*<\/b><\/li>\n<li>Galaxy S21 Ultra <b> 5G*<\/b><\/li>\n<li>Galaxy S20 <b> 5G*<\/b><\/li>\n<li>Galaxy <b> S20*<\/b><\/li>\n<li>Galaxy <b> S20+*<\/b><\/li>\n<li>Galaxy S20+ <b> 5G*<\/b><\/li>\n<li>Galaxy S20 <b> Ultra*<\/b><\/li>\n<li>Galaxy S20 Ultra <b> 5G*<\/b><\/li>\n<li>Galaxy Z Flip<\/li>\n<li>Galaxy Z Flip 3 5G<\/li>\n<li>Galaxy Z Flip 4<\/li>\n<li>Galaxy Z Flip 5<\/li>\n<li>Galaxy Z Fold<\/li>\n<li>Galaxy Z Fold 2<\/li>\n<li>Galaxy Z Fold 3<\/li>\n<li>Galaxy Z Fold 4<\/li>\n<li>Galaxy Z Fold 5<\/li>\n<li>Galaxy Note 20<\/li>\n<li>Galaxy Note 20 5G<\/li>\n<li>Galaxy Note 20 Ultra<\/li>\n<li>Galaxy Note 20 Ultra 5G<\/li>\n<\/ul>\n<h6>*Die folgenden Samsung Galaxy-Ger\u00e4te sind NICHT eSIM-f\u00e4hig:<br>&#8211; Alle Galaxy-Ger\u00e4te, die aus China, Hongkong und Taiwan stammen.<br>&#8211; Alle Galaxy FE &#8222;Fan Edition&#8220; Modelle.<br>&#8211; USA-Modelle des Galaxy S20, S21*, und Note 20 Ultra.<\/h6>\n<h6>*Die meisten in S\u00fcdkorea gekauften Samsung Galaxy-Ger\u00e4te unterst\u00fctzen keine eSIMs, mit Ausnahme des Galaxy S23, S23+, S23 Ultra, Z Flip4, Z Fold4, Z Flip5, Z Fold5 und A54 5G.<\/h6>\n<h6>*Die Verf\u00fcgbarkeit des Galaxy A54 5G eSIM kann je nach Land\/Region und Anbieter variieren.\nBitte wenden Sie sich an Ihren Netzbetreiber oder Ger\u00e4tehersteller, um zu best\u00e4tigen, dass Ihr Galaxy A54 5G eSIM-f\u00e4hig ist. <\/h6>\n<h6><b><\/b>*<b>Ger\u00e4te der Galaxy S21-Serie (mit Ausnahme der FE-Modelle) aus Kanada und den USA sind m\u00f6glicherweise eSIM-f\u00e4hig, sofern das One UI 4-Update installiert ist.\nBitte setzen Sie sich mit Ihrem Anbieter oder Ger\u00e4tehersteller in Verbindung, um zu best\u00e4tigen, dass Ihr Samsung-Ger\u00e4t eSIM-f\u00e4hig ist. <\/b><\/h6>\n<h4><b>GOOGLE PIXEL<\/b><\/h4>\n<ul>\n<li aria-level=\"1\">Pixel Fold<\/li>\n<li aria-level=\"1\">Pixel 7 Pro<\/li>\n<li>Pixel 7a<\/li>\n<li>Pixel 7<\/li>\n<li aria-level=\"1\">Pixel 6 Pro<\/li>\n<li>Pixel 6a<\/li>\n<li>Pixel 6<\/li>\n<li>Pixel 5a<\/li>\n<li aria-level=\"1\">Pixel 5<\/li>\n<li aria-level=\"1\">Pixel 4a<\/li>\n<li aria-level=\"1\">Pixel 4<\/li>\n<li aria-level=\"1\">Pixel 4 XL<\/li>\n<li aria-level=\"1\">Pixel 3 &amp; 3 XL*<\/li>\n<li aria-level=\"1\">Pixel 3a &amp; 3a XL*<\/li>\n<\/ul>\n<h6><b>*<\/b><b>Die folgenden Google Pixel-Ger\u00e4te sind NICHT eSIM-f\u00e4hig:<br><\/b><b><\/b><b> &#8211; <\/b><b>Pixel 3-Modelle aus Australien, Taiwan und Japan und solche, die mit einem Dienst von anderen US-amerikanischen oder kanadischen Anbietern als Sprint und Google Fi erworben wurden.<br><\/b><b><\/b><b> &#8211; <\/b><b>Pixel 3a-Modelle, die in S\u00fcdostasien und mit dem Service von Verizon erworben wurden.<\/b><\/h6>\n<h4><b>HAMMER*<\/b><\/h4>\n<ul>\n<li aria-level=\"1\">HAMMER Explorer PRO<\/li>\n<li aria-level=\"1\">HAMMER Klinge 3<\/li>\n<li aria-level=\"1\">HAMMER Klinge 5G<\/li>\n<li aria-level=\"1\">myPhone NOW eSIM<\/li>\n<\/ul>\n<h6>*<b>Die eSIM-Unterst\u00fctzung ist nur in bestimmten Regionen verf\u00fcgbar.\nBitte erkundigen Sie sich bei Ihrem Mobilfunkanbieter oder Ger\u00e4tehersteller, ob Ihr Hammer Ger\u00e4t eSIM-f\u00e4hig ist. <\/b><\/h6>\n<h4><b>HONOR*<\/b><\/h4>\n<ul>\n<li>Honor Magic5 Pro<\/li>\n<li>Honor Magic4 Pro<\/li>\n<li>Ehre 90<\/li>\n<\/ul>\n<h6>*<b>Die eSIM-Unterst\u00fctzung ist nur in bestimmten Regionen verf\u00fcgbar.\nBitte wenden Sie sich an Ihren Mobilfunkanbieter oder Ger\u00e4tehersteller, um zu best\u00e4tigen, dass Ihr Honor Ger\u00e4t eSIM-f\u00e4hig ist. <\/b><\/h6>\n<h4><b>HUAWEI<\/b><\/h4>\n<ul>\n<li aria-level=\"1\">Huawei P40  <\/li>\n<li aria-level=\"1\">Huawei P40 Pro*<\/li>\n<li aria-level=\"1\">Huawei Mate 40 Pro<\/li>\n<\/ul>\n<h6><b>*<\/b><b>Die folgenden HUAWEI-Ger\u00e4te sind NICHT eSIM-f\u00e4hig:<br><\/b><b><\/b><b> &#8211; <\/b><b>Huawei P40 Pro+<br><\/b><b><\/b><b> &#8211; <\/b><b>Alle in China erworbenen Huawei-Ger\u00e4te sind nicht eSIM-f\u00e4hig.<\/b><\/h6>\n<h4><b>MOTOROLA*<\/b><\/h4>\n<ul>\n<li aria-level=\"1\">Motorola Edge 40 Neo<\/li>\n<li>Motorola Edge 40 Pro<\/li>\n<li aria-level=\"1\">Motorola Edge+<\/li>\n<li>Motorola Razr 40 Ultra<\/li>\n<li aria-level=\"1\">Motorola Razr 2022<\/li>\n<li aria-level=\"1\">Motorola Razr 2019<\/li>\n<li aria-level=\"1\">Motorola Razr 5G<\/li>\n<li>Motorola G53 5G<\/li>\n<\/ul>\n<h6>*eSIM-Unterst\u00fctzung ist nur in bestimmten Regionen verf\u00fcgbar.\nBitte erkundigen Sie sich bei Ihrem Mobilfunkanbieter oder Ger\u00e4tehersteller, ob Ihr Motorola Ger\u00e4t eSIM-f\u00e4hig ist. <\/h6>\n<h4><b>NOKIA*<\/b><\/h4>\n<ul>\n<li>Nokia XR21<\/li>\n<li>Nokia X30<\/li>\n<\/ul>\n<h6>*<b>Die eSIM-Unterst\u00fctzung ist nur in bestimmten Regionen verf\u00fcgbar.\nWenden Sie sich bitte an Ihren Netzbetreiber oder Ger\u00e4tehersteller, um sicherzustellen, dass Ihr Nokia Ger\u00e4t eSIM-f\u00e4hig ist. <\/b><\/h6>\n<h4><b>ONEPLUS*<\/b><\/h4>\n<ul>\n<li aria-level=\"1\">OnePlus 11<\/li>\n<\/ul>\n<h6>*<b>Die eSIM-Unterst\u00fctzung ist nur in bestimmten Regionen verf\u00fcgbar.\nBitte wenden Sie sich an Ihren Mobilfunkanbieter oder Ger\u00e4tehersteller, um zu best\u00e4tigen, dass Ihr OnePlus Ger\u00e4t eSIM-f\u00e4hig ist. <\/b><\/h6>\n<h4><b>OPPO*<\/b><\/h4>\n<ul>\n<li aria-level=\"1\">OPPO Find N2 Flip<\/li>\n<li>OPPO Find X3 Pro<\/li>\n<li aria-level=\"1\">OPPO Find X5<\/li>\n<li aria-level=\"1\">OPPO Find X5 Pro<\/li>\n<li aria-level=\"1\">OPPO Reno A<\/li>\n<\/ul>\n<h6><b>*<\/b><b>Die Verf\u00fcgbarkeit von eSIM kann je nach Land\/Region und Anbieter variieren.\nBitte wenden Sie sich an Ihren Anbieter oder Ger\u00e4tehersteller, um zu best\u00e4tigen, dass Ihr Oppo-Ger\u00e4t eSIM-f\u00e4hig ist. <\/b><\/h6>\n<h4><b>RAKUTEN*<\/b><\/h4>\n<ul>\n<li aria-level=\"1\">Rakuten Big<\/li>\n<li aria-level=\"1\">Rakuten Big S<\/li>\n<li aria-level=\"1\">Rakuten Mini<\/li>\n<li aria-level=\"1\">Rakuten Hand<\/li>\n<\/ul>\n<h6><b>*<\/b><b>Die eSIM-Unterst\u00fctzung ist nur in Japan und bestimmten Regionen verf\u00fcgbar.\nBitte wenden Sie sich an Ihren Mobilfunkanbieter oder Ger\u00e4tehersteller, um zu best\u00e4tigen, dass Ihr Rakuten-Ger\u00e4t eSIM-f\u00e4hig ist. <\/b><\/h6>\n<h4><b>SCHARF*<\/b><\/h4>\n<ul>\n<li aria-level=\"1\">AQUOS Sense4 Lite<\/li>\n<li aria-level=\"1\">AQUOS R7<\/li>\n<li aria-level=\"1\">AQUOS Wunsch<\/li>\n<li aria-level=\"1\">AQUOS Zero6<\/li>\n<li aria-level=\"1\">AQUOS Sense6<\/li>\n<\/ul>\n<h6><b>*<\/b><b>Die eSIM-Unterst\u00fctzung ist nur in Japan und bestimmten Regionen verf\u00fcgbar.\nBitte wenden Sie sich an Ihren Netzbetreiber oder Ger\u00e4tehersteller, um zu best\u00e4tigen, dass Ihr Aquos Ger\u00e4t eSIM-f\u00e4hig ist. <\/b><\/h6>\n<h4><b>SONY<\/b><b>*<\/b><\/h4>\n<ul>\n<li>Sony Xperia 1 V<\/li>\n<li>Sony Xperia 1 IV<\/li>\n<li aria-level=\"1\">Sony Xperia 5 IV<\/li>\n<li aria-level=\"1\">Sony Xperia 10 III Lite<\/li>\n<li aria-level=\"1\">Sony Xperia 10 <b> IV*<\/b><\/li>\n<\/ul>\n<h6><b>*Die Verf\u00fcgbarkeit von eSIM kann je nach Land\/Region und Anbieter variieren.\nBitte wenden Sie sich an Ihren Anbieter oder Ger\u00e4tehersteller, um zu best\u00e4tigen, dass Ihr Xperia Ger\u00e4t eSIM-f\u00e4hig ist. <\/b><\/h6>\n<h6><b><\/b><b><\/b><b>*<\/b><b>Die eSIM-Unterst\u00fctzung des Sony Xperia 10 IV ist nur in Europa verf\u00fcgbar.\nBitte wenden Sie sich an Ihren Netzbetreiber oder Ger\u00e4tehersteller, um zu best\u00e4tigen, dass Ihr Sony Xperia 10 IV eSIM-f\u00e4hig ist. <\/b><b><\/b><\/h6>\n<h4><b>XIAOMI*<\/b><\/h4>\n<ul>\n<li>Xiaomi 13T<\/li>\n<li>Xiaomi 13T Pro<\/li>\n<li>Xiaomi 13<\/li>\n<li aria-level=\"1\">Xiaomi 13 Pro<\/li>\n<li aria-level=\"1\">Xiaomi 13 Lite<\/li>\n<li>Xiaomi 12T Pro<b><\/b><\/li>\n<li>Xiaomi Redmi Note 11 Pro <b> 5G*<\/b><\/li>\n<\/ul>\n<h6><b>*<\/b><b>Die Verf\u00fcgbarkeit von eSIM kann je nach Land\/Region und Anbieter variieren.\nBitte wenden Sie sich an Ihren Anbieter oder Ger\u00e4tehersteller, um zu best\u00e4tigen, dass Ihr Xiaomi-Ger\u00e4t eSIM-f\u00e4hig ist. <\/b><\/h6>\n<h6><b>*<\/b><b>Redmi Note 11 Pro 5G eSIM-Unterst\u00fctzung ist nur in Japan verf\u00fcgbar.\nBitte wenden Sie sich an Ihren Anbieter oder Ger\u00e4tehersteller, um zu best\u00e4tigen, dass Ihr   <\/b><b>Redmi Note 11 Pro 5G <\/b><b>Ger\u00e4t ist eSIM-f\u00e4hig.<\/b><\/h6>\n<h4><b>ANDERE*<\/b><\/h4>\n<ul>\n<li>Nuu Mobile X5<\/li>\n<li>Gemini PDA 4G+Wi-Fi<\/li>\n<li>Fairphone 4<\/li>\n<\/ul>\n<h6><b>*<\/b><b>Die Verf\u00fcgbarkeit von eSIM kann je nach Land\/Region und Anbieter variieren.\nBitte wenden Sie sich an Ihren Netzbetreiber oder Ger\u00e4tehersteller, um zu best\u00e4tigen, dass Ihr Ger\u00e4t eSIM-f\u00e4hig ist. <\/b><\/h6>\n<h3><b>WINDOWS 10*<\/b><b>\/ WINDOWS 11 LAPTOPS<\/b><\/h3>\n<p><b>ACER<\/b><\/p>\n<ul>\n<li aria-level=\"1\">Acer Swift 3<\/li>\n<li aria-level=\"1\">Acer Swift 7<\/li>\n<li aria-level=\"1\">Acer TravelMate P2<\/li>\n<li aria-level=\"1\">Acer TravelMate Spin P4<\/li>\n<li aria-level=\"1\">Acer TravelMate P6<\/li>\n<\/ul>\n<h4><b>ASUS<\/b><\/h4>\n<ul>\n<li aria-level=\"1\">ASUS Mini Transformer T103HAF<\/li>\n<li aria-level=\"1\">ASUS NovaGo TP370QL<\/li>\n<li aria-level=\"1\">ASUS Vivobook Flip 14 TP401NA<\/li>\n<\/ul>\n<h4><b>DELL<\/b><\/h4>\n<ul>\n<li aria-level=\"1\">Dell Latitude 7210 2-in-1<\/li>\n<li aria-level=\"1\">Dell Latitude 9410<\/li>\n<li aria-level=\"1\">Dell Latitude 7310<\/li>\n<li aria-level=\"1\">Dell Latitude 7410<\/li>\n<li aria-level=\"1\">Dell Latitude 9510<\/li>\n<li aria-level=\"1\">Dell Latitude 5410<\/li>\n<li aria-level=\"1\">Dell Latitude 5411<\/li>\n<li aria-level=\"1\">Dell Latitude 5511<\/li>\n<\/ul>\n<h4><b>HP<\/b><\/h4>\n<ul>\n<li aria-level=\"1\">HP Elitebook G5<\/li>\n<li aria-level=\"1\">HP Probook G5<\/li>\n<li aria-level=\"1\">HP Zbook G5<\/li>\n<li aria-level=\"1\">HP Spectre Folio 13<\/li>\n<\/ul>\n<h4><b>LENOVO<\/b><\/h4>\n<ul>\n<li aria-level=\"1\">ThinkPad X1 Titanium Yoga 2 in 1<\/li>\n<li aria-level=\"1\">ThinkPad X1 Carbon Gen 9<\/li>\n<li aria-level=\"1\">ThinkPad X1 Fold<\/li>\n<li aria-level=\"1\">ThinkPad X1 Nano<\/li>\n<li aria-level=\"1\">ThinkPad X12 Abnehmbar<\/li>\n<li aria-level=\"1\">Lenovo Flex 5G<\/li>\n<li aria-level=\"1\">Lenovo Yoga C630<\/li>\n<li aria-level=\"1\">Lenovo Miix 630<\/li>\n<li aria-level=\"1\">Lenovo Yoga 520<\/li>\n<li aria-level=\"1\">Lenovo Yoga 720 (2-in-1-Modelle)<\/li>\n<\/ul>\n<h4><b>OBERFL\u00c4CHE*<\/b><\/h4>\n<ul>\n<li aria-level=\"1\">Surface Pro 9<\/li>\n<li aria-level=\"1\">Surface Go 3<\/li>\n<li aria-level=\"1\">Surface Pro X<\/li>\n<li aria-level=\"1\">Surface Duo 2<\/li>\n<li aria-level=\"1\">Oberfl\u00e4che Duo<\/li>\n<\/ul>\n<h6><b>*<\/b><b>F\u00fcr Windows 10: Ihr PC muss \u00fcber Windows 10 Version 1703 oder h\u00f6her verf\u00fcgen, damit Sie eine eSIM verwenden k\u00f6nnen.\nDas Ger\u00e4t muss au\u00dferdem LTE-f\u00e4hig sein. <\/b><\/h6>\n<h6><b>*<\/b><b>Oberfl\u00e4che: Alle von AT&amp;T gesperrten Ger\u00e4te unterst\u00fctzen keine eSIMs.\nWenn Sie Ihr Ger\u00e4t \u00fcber einen anderen Anbieter erworben haben, hat dieser m\u00f6glicherweise die eSIM-F\u00e4higkeit des Surface Duo deaktiviert.\nWenden Sie sich bitte an Ihren Anbieter, um dies zu best\u00e4tigen.  <\/b><\/h6>\n<\/div>\n\n","protected":false},"excerpt":{"rendered":"","protected":false},"author":1,"featured_media":0,"parent":0,"menu_order":0,"comment_status":"closed","ping_status":"closed","template":"","meta":{"_acf_changed":false,"footnotes":""},"class_list":["post-47608","page","type-page","status-publish","hentry"],"acf":[],"jetpack_sharing_enabled":true,"_links":{"self":[{"href":"https:\/\/www.esim4.com\/de\/wp-json\/wp\/v2\/pages\/47608","targetHints":{"allow":["GET"]}}],"collection":[{"href":"https:\/\/www.esim4.com\/de\/wp-json\/wp\/v2\/pages"}],"about":[{"href":"https:\/\/www.esim4.com\/de\/wp-json\/wp\/v2\/types\/page"}],"author":[{"embeddable":true,"href":"https:\/\/www.esim4.com\/de\/wp-json\/wp\/v2\/users\/1"}],"replies":[{"embeddable":true,"href":"https:\/\/www.esim4.com\/de\/wp-json\/wp\/v2\/comments?post=47608"}],"version-history":[{"count":2,"href":"https:\/\/www.esim4.com\/de\/wp-json\/wp\/v2\/pages\/47608\/revisions"}],"predecessor-version":[{"id":75935,"href":"https:\/\/www.esim4.com\/de\/wp-json\/wp\/v2\/pages\/47608\/revisions\/75935"}],"wp:attachment":[{"href":"https:\/\/www.esim4.com\/de\/wp-json\/wp\/v2\/media?parent=47608"}],"curies":[{"name":"wp","href":"https:\/\/api.w.org\/{rel}","templated":true}]}}