{"id":47618,"date":"2023-04-26T02:06:07","date_gmt":"2023-04-25T16:06:07","guid":{"rendered":"https:\/\/www.esim4.com\/bedingungen-und-konditionen\/"},"modified":"2024-09-11T03:22:36","modified_gmt":"2024-09-10T17:22:36","slug":"bedingungen-und-konditionen","status":"publish","type":"page","link":"https:\/\/www.esim4.com\/de\/bedingungen-und-konditionen\/","title":{"rendered":"Bedingungen und Konditionen+"},"content":{"rendered":"\n  <div id=\"page-header-1854638418\" class=\"page-header-wrapper\">\n  <div class=\"page-title light simple-title\">\n\n    \n    <div class=\"page-title-inner container align-center text-center flex-row-col medium-flex-wrap\" >\n              <div class=\"title-wrapper flex-col\">\n          <h1 class=\"entry-title mb-0\">\n            Bedingungen und Konditionen+          <\/h1>\n        <\/div>\n                    <div class=\"title-content flex-col\">\n        <div class=\"title-breadcrumbs pb-half pt-half\"><nav class=\"woocommerce-breadcrumb breadcrumbs uppercase\">Startseite<\/nav><\/div>      <\/div>\n    <\/div>\n\n       <\/div>\n    <\/div>\n  \n\n<p>Diese Allgemeinen Gesch\u00e4ftsbedingungen (&#8222;Bedingungen&#8220;) regeln Ihren Zugang zu und Ihre Nutzung der eSIM-Dienste von Bay Call Pty Limited (die &#8222;Dienste&#8220;), die von Bay Call Pty Limited.\nABN 60 104 926 678 (&#8222;Bay Call Pty Limited&#8220;, &#8222;wir&#8220;, &#8222;uns&#8220; oder &#8222;unser&#8220;).\nIndem Sie auf die Dienste zugreifen oder diese nutzen, erkl\u00e4ren Sie sich mit diesen Bedingungen einverstanden.\nWenn Sie mit einem Teil dieser Bedingungen nicht einverstanden sind, d\u00fcrfen Sie nicht auf unsere Dienste zugreifen oder diese nutzen.   <\/p>\n<p><strong>Dienstleistungen<\/strong><\/p>\n<p>Bay Call Pty Limited bietet als Wiederverk\u00e4ufer von Prepaid-eSIMs eine Plattform f\u00fcr den Erwerb und die Verwaltung von elektronischen SIM-Karten (eSIM) f\u00fcr mobile Ger\u00e4te.\nUnsere Dienstleistungen umfassen den Verkauf von eSIM-Profilen und die damit verbundenen Dienstleistungen, wie z.B. Planmanagement und Kundensupport, die von Drittanbietern und Service Providern bereitgestellt werden. <\/p>\n<p><strong>Teilnahmeberechtigung und Registrierung<\/strong><br>Um unsere Dienste zu nutzen, m\u00fcssen Sie mindestens 18 Jahre alt und nach geltendem Recht in der Lage sein, rechtsverbindliche Vertr\u00e4ge abzuschlie\u00dfen. Um auf bestimmte Funktionen unserer Dienste zugreifen zu k\u00f6nnen, m\u00fcssen Sie sich m\u00f6glicherweise f\u00fcr ein Konto registrieren. Sie verpflichten sich, bei der Registrierung genaue und vollst\u00e4ndige Angaben zu machen und Ihre Kontoinformationen auf dem neuesten Stand zu halten. Sie sind daf\u00fcr verantwortlich, die Vertraulichkeit Ihres Kontos und Ihres Passworts zu wahren und den Zugriff auf Ihren Computer oder Ihr mobiles Ger\u00e4t zu beschr\u00e4nken.<\/p>\n<p><strong>K\u00e4ufe<\/strong><br>Wenn Sie einen Kauf \u00fcber unsere Dienste t\u00e4tigen, verpflichten Sie sich, g\u00fcltige und aktuelle Zahlungsinformationen anzugeben. Sie erkl\u00e4ren und garantieren, dass Sie das Recht haben, die angegebene(n) Zahlungsmethode(n) zu verwenden. Wir behalten uns das Recht vor, Ihre Bestellung aus beliebigen Gr\u00fcnden abzulehnen, zu stornieren oder zu \u00e4ndern, einschlie\u00dflich, aber nicht beschr\u00e4nkt auf die Verf\u00fcgbarkeit von Produkten oder Dienstleistungen, Fehler in der Beschreibung oder im Preis oder andere Gr\u00fcnde.<\/p>\n<p><strong>Ger\u00e4tekompatibilit\u00e4t<\/strong><br>Die eSIM-Profile von Bay Call Pty Limited sind mit bestimmten Ger\u00e4ten und Anbietern kompatibel. Es liegt in Ihrer Verantwortung, vor dem Kauf sicherzustellen, dass Ihr Ger\u00e4t mit dem eSIM-Profil und den damit verbundenen Diensten kompatibel ist. Wir sind nicht verantwortlich f\u00fcr Inkompatibilit\u00e4tsprobleme, die nach dem Kauf eines eSIM-Profils auftreten.<\/p>\n<p><strong>Keine R\u00fcckerstattung<\/strong><br>Alle Verk\u00e4ufe von eSIM-Profilen sind endg\u00fcltig und nicht erstattungsf\u00e4hig. F\u00fcr den Fall, dass ein erworbenes eSIM-Profil nicht mit Ihrem Ger\u00e4t oder Ihrem Anbieter kompatibel ist, k\u00f6nnen Sie sich an unseren Kundendienst wenden. Wir k\u00f6nnen jedoch nicht garantieren, dass wir in solchen F\u00e4llen eine L\u00f6sung oder eine Erstattung anbieten k\u00f6nnen.<\/p>\n<p><strong>Einschr\u00e4nkung der Haftung<\/strong><br>Bay Call Pty Limited und seine verbundenen Unternehmen, F\u00fchrungskr\u00e4fte, Direktoren, Mitarbeiter, Vertreter und Lizenzgeber haften im vollen gesetzlich zul\u00e4ssigen Umfang nicht f\u00fcr indirekte, zuf\u00e4llige, besondere oder Folgesch\u00e4den oder f\u00fcr den Verlust von Gewinnen, Daten, Nutzung oder Firmenwert, die sich aus Ihrem Zugriff auf die Dienste oder deren Nutzung oder der Unf\u00e4higkeit, auf die Dienste zuzugreifen oder diese zu nutzen, aus dem Verhalten oder den Inhalten Dritter in den Diensten, aus den Diensten erhaltenen Inhalten oder aus dem unbefugten Zugriff, der unbefugten Nutzung oder Ver\u00e4nderung Ihrer \u00dcbertragungen oder Inhalte ergeben.<\/p>\n<p><strong>Geltendes Recht und Gerichtsstand<\/strong><br>Diese Bedingungen unterliegen den Gesetzen Australiens und werden in \u00dcbereinstimmung mit diesen ausgelegt, ungeachtet der Bestimmungen des Kollisionsrechts. Sie erkl\u00e4ren sich damit einverstanden, sich der pers\u00f6nlichen Gerichtsbarkeit der Gerichte in Australien zu unterwerfen, um alle Streitigkeiten, die sich aus oder in Verbindung mit diesen Bedingungen oder Ihrer Nutzung der Dienste ergeben, auszutragen.<\/p>\n<p><strong>\u00c4nderungen der Bedingungen<\/strong><br>Wir behalten uns das Recht vor, diese Bedingungen jederzeit zu \u00e4ndern. Wir werden Sie \u00fcber wesentliche \u00c4nderungen informieren, indem wir die aktualisierten Bedingungen auf unserer Website ver\u00f6ffentlichen. Ihre fortgesetzte Nutzung der Dienste nach dem Datum des Inkrafttretens der aktualisierten Bedingungen stellt Ihre Zustimmung zu den \u00c4nderungen dar.<\/p>\n<p><strong>Geistiges Eigentum<\/strong><br>Alle geistigen Eigentumsrechte an den Diensten, einschlie\u00dflich, aber nicht beschr\u00e4nkt auf Urheberrechte, Marken und Patente, sind Eigentum von Bay Call Pty Limited oder seinen Lizenzgebern. Sie d\u00fcrfen keine unserer geistigen Eigentumsrechte ohne unsere vorherige schriftliche Zustimmung nutzen.<\/p>\n<p><strong>Entsch\u00e4digung<\/strong><br>Sie verpflichten sich, Bay Call Pty Limited und seine Tochtergesellschaften zu entsch\u00e4digen, zu verteidigen und schadlos zu halten<\/p>\n<p>, F\u00fchrungskr\u00e4fte, Direktoren, Mitarbeiter, Vertreter und Lizenzgeber von und gegen alle Anspr\u00fcche, Sch\u00e4den, Verpflichtungen, Verluste, Haftungen, Kosten und Ausgaben (einschlie\u00dflich angemessener Anwaltsgeb\u00fchren), die sich aus oder im Zusammenhang mit:\n(a) Ihrem Zugang zu oder Ihrer Nutzung der Dienste;\n(b) Ihrem Versto\u00df gegen diese Bedingungen; oder\n(c) einem Versto\u00df gegen geltende Gesetze oder Vorschriften.   <\/p>\n<p><strong>Terminierung<\/strong><\/p>\n<p>Wir k\u00f6nnen Ihren Zugang zu den Diensten jederzeit ohne vorherige Ank\u00fcndigung oder Haftung aus beliebigen Gr\u00fcnden k\u00fcndigen oder aussetzen, einschlie\u00dflich, aber nicht beschr\u00e4nkt auf Ihre Verletzung dieser Bedingungen.\nMit der K\u00fcndigung erlischt Ihr Recht, die Dienste zu nutzen, sofort.\nWenn Sie Ihr Konto k\u00fcndigen m\u00f6chten, k\u00f6nnen Sie die Nutzung der Dienste einfach einstellen.\nAlle Bestimmungen dieser Bedingungen, die ihrer Natur nach die Beendigung \u00fcberdauern sollten, \u00fcberdauern die Beendigung, einschlie\u00dflich, aber nicht beschr\u00e4nkt auf Eigentumsbestimmungen, Gew\u00e4hrleistungsausschl\u00fcsse, Entsch\u00e4digung und Haftungsbeschr\u00e4nkungen.   <\/p>\n<p><strong>Trennbarkeit<\/strong><\/p>\n<p>Sollte sich eine Bestimmung dieser Bedingungen als nicht durchsetzbar oder ung\u00fcltig erweisen, wird diese Bestimmung auf das erforderliche Mindestma\u00df beschr\u00e4nkt oder aufgehoben, so dass die Bedingungen ansonsten in vollem Umfang in Kraft bleiben und durchsetzbar sind.<\/p>\n<p><strong>Gesamte Vereinbarung<\/strong><\/p>\n<p>Diese Bedingungen und alle Richtlinien oder Betriebsregeln, die von uns auf unserer Website oder in Bezug auf die Dienste ver\u00f6ffentlicht werden, stellen die gesamte Vereinbarung und \u00dcbereinkunft zwischen Ihnen und uns dar und regeln Ihre Nutzung der Dienste und ersetzen alle fr\u00fcheren oder gleichzeitigen Vereinbarungen, Mitteilungen und Vorschl\u00e4ge, ob m\u00fcndlich oder schriftlich, zwischen Ihnen und uns (einschlie\u00dflich, aber nicht beschr\u00e4nkt auf fr\u00fchere Versionen der Bedingungen).<\/p>\n<p><strong>Zuweisung<\/strong><\/p>\n<p>Sie d\u00fcrfen diese Bedingungen nicht ohne unsere vorherige schriftliche Zustimmung abtreten, \u00fcbertragen oder unterlizenzieren.\nWir d\u00fcrfen diese Bedingungen ohne Einschr\u00e4nkung abtreten, \u00fcbertragen oder unterlizenzieren. <\/p>\n<p><strong>Kein Verzicht<\/strong><\/p>\n<p>Unser Vers\u00e4umnis, ein Recht oder eine Bestimmung dieser Bedingungen durchzusetzen, gilt nicht als Verzicht auf diese Rechte.\nDer Verzicht auf ein solches Recht oder eine solche Bestimmung ist nur dann wirksam, wenn er schriftlich erfolgt und von einem ordnungsgem\u00e4\u00df bevollm\u00e4chtigten Vertreter von Bay Call Pty Limited unterzeichnet wird.\nSofern nicht ausdr\u00fccklich in diesen Bedingungen festgelegt, l\u00e4sst die Aus\u00fcbung von Rechtsmitteln durch eine der Parteien gem\u00e4\u00df diesen Bedingungen ihre anderen Rechtsmittel gem\u00e4\u00df diesen Bedingungen oder anderweitig unber\u00fchrt.  <\/p>\n<p><strong>Kontaktieren Sie uns<\/strong><\/p>\n<p>Wenn Sie Fragen zu diesen Bedingungen haben, kontaktieren Sie uns bitte unter sales@esim4.com.<\/p>\n\n\n","protected":false},"excerpt":{"rendered":"","protected":false},"author":1,"featured_media":0,"parent":0,"menu_order":0,"comment_status":"closed","ping_status":"closed","template":"","meta":{"_acf_changed":false,"footnotes":""},"class_list":["post-47618","page","type-page","status-publish","hentry"],"acf":[],"jetpack_sharing_enabled":true,"_links":{"self":[{"href":"https:\/\/www.esim4.com\/de\/wp-json\/wp\/v2\/pages\/47618","targetHints":{"allow":["GET"]}}],"collection":[{"href":"https:\/\/www.esim4.com\/de\/wp-json\/wp\/v2\/pages"}],"about":[{"href":"https:\/\/www.esim4.com\/de\/wp-json\/wp\/v2\/types\/page"}],"author":[{"embeddable":true,"href":"https:\/\/www.esim4.com\/de\/wp-json\/wp\/v2\/users\/1"}],"replies":[{"embeddable":true,"href":"https:\/\/www.esim4.com\/de\/wp-json\/wp\/v2\/comments?post=47618"}],"version-history":[{"count":2,"href":"https:\/\/www.esim4.com\/de\/wp-json\/wp\/v2\/pages\/47618\/revisions"}],"predecessor-version":[{"id":75912,"href":"https:\/\/www.esim4.com\/de\/wp-json\/wp\/v2\/pages\/47618\/revisions\/75912"}],"wp:attachment":[{"href":"https:\/\/www.esim4.com\/de\/wp-json\/wp\/v2\/media?parent=47618"}],"curies":[{"name":"wp","href":"https:\/\/api.w.org\/{rel}","templated":true}]}}