{"id":47624,"date":"2023-04-22T08:23:59","date_gmt":"2023-04-21T22:23:59","guid":{"rendered":"https:\/\/www.esim4.com\/wie-kann-ich-ueberpruefen-ob-mein-ios-geraet-esim-kompatibel-und-fuer-den-netzbetreiber-freigeschaltet-ist\/"},"modified":"2025-04-17T10:27:19","modified_gmt":"2025-04-17T00:27:19","slug":"wie-kann-ich-ueberpruefen-ob-mein-ios-geraet-esim-kompatibel-und-fuer-den-netzbetreiber-freigeschaltet-ist","status":"publish","type":"page","link":"https:\/\/www.esim4.com\/de\/wie-kann-ich-ueberpruefen-ob-mein-ios-geraet-esim-kompatibel-und-fuer-den-netzbetreiber-freigeschaltet-ist\/","title":{"rendered":"Wie kann ich \u00fcberpr\u00fcfen, ob mein iOS-Ger\u00e4t eSIM-kompatibel und f\u00fcr den Netzbetreiber freigeschaltet ist?"},"content":{"rendered":"\n  <div id=\"page-header-1252039106\" class=\"page-header-wrapper\">\n  <div class=\"page-title light simple-title\">\n\n    \n    <div class=\"page-title-inner container align-center text-center flex-row-col medium-flex-wrap\" >\n              <div class=\"title-wrapper flex-col\">\n          <h1 class=\"entry-title mb-0\">\n            Wie kann ich \u00fcberpr\u00fcfen, ob mein iOS-Ger\u00e4t eSIM-kompatibel und f\u00fcr den Netzbetreiber freigeschaltet ist?          <\/h1>\n        <\/div>\n                    <div class=\"title-content flex-col\">\n        <div class=\"title-breadcrumbs pb-half pt-half\"><nav class=\"woocommerce-breadcrumb breadcrumbs uppercase\">Startseite<\/nav><\/div>      <\/div>\n    <\/div>\n\n       <\/div>\n    <\/div>\n  \n\n<p>Um herauszufinden, ob Ihr iOS-Ger\u00e4t eSIM-kompatibel und vom Netzbetreiber freigeschaltet ist, m\u00fcssen Sie Folgendes tun:<\/p>\n<ul>\n<li>Gehen Sie zu&nbsp;<strong>Einstellungen&gt; Allgemein&gt; \u00dcber.<\/strong><\/li>\n<li>Scrollen Sie nach unten, um den Bereich<strong>&nbsp;&#8222;Tr\u00e4gerschloss<\/strong>&#8220;&nbsp;aufzurufen.<\/li>\n<li>Auf&nbsp; sollte<strong>&#8222;NO SIM restrictions&#8220;<\/strong> stehen<strong>,<\/strong> was bedeutet, dass das Ger\u00e4t freigeschaltet ist.<\/li>\n<li>Scrollen Sie nach unten, um die<strong>&nbsp;&#8222;AVAILABLE SIM<\/strong>&#8220;&nbsp;(iOS 15 und neuer) anzuzeigen oder&nbsp;Abschnitt <strong>&#8222;DIGITAL SIM&#8220; (<\/strong>\u00e4ltere iOS-Versionen).\nSie sollte eine<strong>&nbsp;IMEI unter AVAILABLE SIM oder DIGITAL SIM<\/strong> enthalten, was bedeutet, dass das Ger\u00e4t eSIM-kompatibel ist. <\/li>\n<\/ul>\n<p>Wenn Sie mehr als eine SIM-Karte in Ihrem Ger\u00e4t haben, m\u00fcssen Sie je nach den M\u00f6glichkeiten Ihres Ger\u00e4ts&nbsp;<strong>eine der SIM-Karten vor\u00fcbergehend deaktivieren\/entfernen<\/strong>&nbsp;bevor Sie versuchen, die eSIM herunterzuladen.<\/p>\n<p><img loading=\"lazy\" decoding=\"async\" class=\"alignnone size-full wp-image-4176\" src=\"https:\/\/www.esim4.com\/wp-content\/uploads\/2023\/04\/how-to-check-if-my-ios-device-is-esim-compatible-and-carrier-unlocked.png\" alt=\"\" width=\"1434\" height=\"1414\" srcset=\"https:\/\/www.esim4.com\/wp-content\/uploads\/2023\/04\/how-to-check-if-my-ios-device-is-esim-compatible-and-carrier-unlocked.png 1434w, https:\/\/www.esim4.com\/wp-content\/uploads\/2023\/04\/how-to-check-if-my-ios-device-is-esim-compatible-and-carrier-unlocked-406x400.png 406w, https:\/\/www.esim4.com\/wp-content\/uploads\/2023\/04\/how-to-check-if-my-ios-device-is-esim-compatible-and-carrier-unlocked-811x800.png 811w, https:\/\/www.esim4.com\/wp-content\/uploads\/2023\/04\/how-to-check-if-my-ios-device-is-esim-compatible-and-carrier-unlocked-768x757.png 768w, https:\/\/www.esim4.com\/wp-content\/uploads\/2023\/04\/how-to-check-if-my-ios-device-is-esim-compatible-and-carrier-unlocked-510x503.png 510w, https:\/\/www.esim4.com\/wp-content\/uploads\/2023\/04\/how-to-check-if-my-ios-device-is-esim-compatible-and-carrier-unlocked-100x100.png 100w\" sizes=\"auto, (max-width: 1434px) 100vw, 1434px\" \/><\/p>\n","protected":false},"excerpt":{"rendered":"","protected":false},"author":1,"featured_media":0,"parent":0,"menu_order":0,"comment_status":"closed","ping_status":"closed","template":"","meta":{"_acf_changed":false,"footnotes":""},"class_list":["post-47624","page","type-page","status-publish","hentry"],"acf":[],"jetpack_sharing_enabled":true,"_links":{"self":[{"href":"https:\/\/www.esim4.com\/de\/wp-json\/wp\/v2\/pages\/47624","targetHints":{"allow":["GET"]}}],"collection":[{"href":"https:\/\/www.esim4.com\/de\/wp-json\/wp\/v2\/pages"}],"about":[{"href":"https:\/\/www.esim4.com\/de\/wp-json\/wp\/v2\/types\/page"}],"author":[{"embeddable":true,"href":"https:\/\/www.esim4.com\/de\/wp-json\/wp\/v2\/users\/1"}],"replies":[{"embeddable":true,"href":"https:\/\/www.esim4.com\/de\/wp-json\/wp\/v2\/comments?post=47624"}],"version-history":[{"count":3,"href":"https:\/\/www.esim4.com\/de\/wp-json\/wp\/v2\/pages\/47624\/revisions"}],"predecessor-version":[{"id":88976,"href":"https:\/\/www.esim4.com\/de\/wp-json\/wp\/v2\/pages\/47624\/revisions\/88976"}],"wp:attachment":[{"href":"https:\/\/www.esim4.com\/de\/wp-json\/wp\/v2\/media?parent=47624"}],"curies":[{"name":"wp","href":"https:\/\/api.w.org\/{rel}","templated":true}]}}