{"id":47633,"date":"2023-04-26T02:06:30","date_gmt":"2023-04-25T16:06:30","guid":{"rendered":"https:\/\/www.esim4.com\/datenschutzpolitik\/"},"modified":"2024-12-06T17:20:36","modified_gmt":"2024-12-06T06:20:36","slug":"datenschutzpolitik","status":"publish","type":"page","link":"https:\/\/www.esim4.com\/de\/datenschutzpolitik\/","title":{"rendered":"DATENSCHUTZPOLITIK"},"content":{"rendered":"\n  <div id=\"page-header-540643706\" class=\"page-header-wrapper\">\n  <div class=\"page-title light simple-title\">\n\n    \n    <div class=\"page-title-inner container align-center text-center flex-row-col medium-flex-wrap\" >\n              <div class=\"title-wrapper flex-col\">\n          <h1 class=\"entry-title mb-0\">\n            DATENSCHUTZPOLITIK          <\/h1>\n        <\/div>\n                    <div class=\"title-content flex-col\">\n        <div class=\"title-breadcrumbs pb-half pt-half\"><nav class=\"woocommerce-breadcrumb breadcrumbs uppercase\">Startseite<\/nav><\/div>      <\/div>\n    <\/div>\n\n       <\/div>\n    <\/div>\n  \n\n<p>Bay Call Pty Limited ABN 34 297 542 192 (&#8222;Bay Call Pty Limited&#8220;, &#8222;wir&#8220;, &#8222;uns&#8220; oder &#8222;unser&#8220;) verpflichtet sich zum Schutz Ihrer Privatsph\u00e4re.\nIn dieser Datenschutzerkl\u00e4rung wird erl\u00e4utert, wie wir Ihre pers\u00f6nlichen Daten erfassen, verwenden, weitergeben und sch\u00fctzen, wenn Sie auf unsere eSIM-Dienste (die &#8222;Dienste&#8220;) zugreifen oder diese nutzen.\nDurch die Nutzung unserer Dienste erkl\u00e4ren Sie sich mit der Erfassung und Nutzung Ihrer pers\u00f6nlichen Daten gem\u00e4\u00df dieser Datenschutzrichtlinie einverstanden.  <\/p>\n<p><strong>Informationen, die wir sammeln<\/strong><br>Wir k\u00f6nnen verschiedene Arten von Informationen sammeln, einschlie\u00dflich:<\/p>\n<p>a.\nPers\u00f6nliche Informationen: Pers\u00f6nliche Daten, die Sie bei der Registrierung f\u00fcr ein Konto oder bei einem Kauf angeben, wie z.B. Ihr Name, Ihre E-Mail-Adresse, Ihre Telefonnummer und Ihre Zahlungsinformationen. <\/p>\n<p>b.\nGer\u00e4te-Informationen: Informationen \u00fcber Ihr Ger\u00e4t, einschlie\u00dflich Ger\u00e4temodell, Betriebssystem, Browsertyp, eindeutige Ger\u00e4tekennungen und Informationen \u00fcber mobile Netzwerke. <\/p>\n<p>c.\nInformationen \u00fcber die Nutzung: Informationen \u00fcber Ihre Nutzung unserer Dienste, einschlie\u00dflich Zugriffszeiten, betrachtete Seiten und Ihre IP-Adresse. <\/p>\n<p>d.\nStandortinformationen: Wir k\u00f6nnen ungef\u00e4hre Standortinformationen auf der Grundlage Ihrer IP-Adresse oder genauere Standortinformationen erfassen, wenn Sie uns die Erlaubnis erteilen, auf die Standortdienste Ihres Ger\u00e4ts zuzugreifen. <\/p>\n<p><strong>Wie wir Ihre Informationen verwenden<\/strong><br>Wir verwenden die von uns gesammelten Informationen f\u00fcr verschiedene Zwecke, unter anderem um:<\/p>\n<p>a.\nBereitstellung, Pflege und Verbesserung unserer Dienste. <\/p>\n<p>b.\nVerarbeiten Sie Transaktionen und versenden Sie dazugeh\u00f6rige Informationen wie Best\u00e4tigungen und Rechnungen. <\/p>\n<p>c.\nPersonalisierung und Verbesserung Ihrer Erfahrung mit unseren Services. <\/p>\n<p>d.\nAuf Ihre Kommentare, Fragen und W\u00fcnsche zu reagieren und Kundenbetreuung anzubieten. <\/p>\n<p>e.\nMit Ihnen \u00fcber unsere Dienstleistungen, Werbeaktionen und andere Neuigkeiten und Informationen zu kommunizieren, von denen wir glauben, dass sie f\u00fcr Sie von Interesse sein k\u00f6nnten. <\/p>\n<p>f.\n\u00dcberwachung und Analyse von Trends, Nutzung und Aktivit\u00e4ten in Verbindung mit unseren Diensten. <\/p>\n<p>g.\nAufdeckung, Untersuchung und Verhinderung von betr\u00fcgerischen Transaktionen und anderen illegalen Aktivit\u00e4ten sowie Schutz der Rechte und des Eigentums von Bay Call Pty Limited und anderen. <\/p>\n<p>h.\nEinhaltung rechtlicher Verpflichtungen, Beilegung von Streitigkeiten und Durchsetzung unserer Vereinbarungen. <\/p>\n<p><strong>Informationsaustausch und Offenlegung<\/strong><br>Wir k\u00f6nnen Ihre pers\u00f6nlichen Daten unter den folgenden Umst\u00e4nden weitergeben:<\/p>\n<p>a.\nMit Drittanbietern und Dienstleistern, um Ihre eSIM-K\u00e4ufe zu erf\u00fcllen und die damit verbundenen Dienstleistungen anzubieten. <\/p>\n<p>b.\nMit Dritten, um Dienstleistungen in unserem Namen zu erbringen, wie z.B. Zahlungsabwicklung, Datenanalyse, Marketingdienste und Kundensupport. <\/p>\n<p>c.\nAls Reaktion auf ein Gerichtsverfahren, wie z.B. einen Gerichtsbeschluss oder eine Vorladung, oder wenn wir in gutem Glauben davon ausgehen, dass die Offenlegung notwendig ist, um das Gesetz einzuhalten, unsere Rechte oder die Rechte anderer zu sch\u00fctzen oder Betrug oder Sicherheitsbedenken zu verhindern. <\/p>\n<p>d.\nIn Verbindung mit oder w\u00e4hrend der Verhandlungen \u00fcber eine Fusion, den Verkauf von Unternehmensverm\u00f6gen, eine Finanzierung oder die \u00dcbernahme unseres gesamten oder eines Teils unseres Unternehmens durch ein anderes Unternehmen. <\/p>\n<p>e.\nMit Ihrer Zustimmung oder auf Ihre Anweisung. <\/p>\n<p><strong>Datensicherheit<\/strong><br>Wir ergreifen angemessene Ma\u00dfnahmen, um Ihre pers\u00f6nlichen Daten vor unbefugtem Zugriff, unbefugter Nutzung oder Offenlegung zu sch\u00fctzen. Allerdings ist keine Methode der \u00dcbertragung \u00fcber das Internet oder der elektronischen Speicherung v\u00f6llig sicher, so dass wir die absolute Sicherheit Ihrer pers\u00f6nlichen Daten nicht garantieren k\u00f6nnen.<\/p>\n<p><strong>Aufbewahrung von Daten<\/strong><br>Wir werden Ihre pers\u00f6nlichen Daten so lange aufbewahren, wie es f\u00fcr die Bereitstellung unserer Dienste und die Erf\u00fcllung der in dieser Datenschutzerkl\u00e4rung beschriebenen Zwecke erforderlich ist oder wie es das Gesetz vorschreibt.<\/p>\n<p><strong>Internationale \u00dcberweisungen<\/strong><br>Ihre pers\u00f6nlichen Daten k\u00f6nnen an Computer au\u00dferhalb Ihres Landes oder einer anderen staatlichen Gerichtsbarkeit, in der andere Datenschutzgesetze als in Ihrer Gerichtsbarkeit gelten, \u00fcbertragen und dort gespeichert werden. Indem Sie Ihre pers\u00f6nlichen Daten zur Verf\u00fcgung stellen, stimmen Sie dieser \u00dcbertragung, Speicherung und Verarbeitung zu.<\/p>\n<p><strong>Ihre Rechte und Wahlm\u00f6glichkeiten<\/strong><br>Sie k\u00f6nnen auf Ihre pers\u00f6nlichen Daten zugreifen, sie korrigieren, aktualisieren oder l\u00f6schen, indem Sie sich bei Ihrem Konto anmelden oder uns unter [your contact email address] kontaktieren. Sie k\u00f6nnen sich auch gegen den Erhalt von Werbemitteilungen von uns entscheiden, indem Sie die Anweisungen in diesen Mitteilungen befolgen<\/p>\n<p>oder indem Sie Ihre Kommunikationspr\u00e4ferenzen in den Einstellungen Ihres Kontos aktualisieren.\nWenn Sie sich gegen den Erhalt von Werbemitteilungen entscheiden, k\u00f6nnen wir Ihnen weiterhin nicht werbliche E-Mails senden, z. B. \u00fcber Ihr Konto oder unsere laufenden Gesch\u00e4ftsbeziehungen. <\/p>\n<p><strong>Websites von Drittanbietern<\/strong><\/p>\n<p>Unsere Dienste k\u00f6nnen Links zu Websites oder Diensten Dritter enthalten, die nicht von Bay Call Pty Limited betrieben oder kontrolliert werden.\nDiese Datenschutzrichtlinie gilt nicht f\u00fcr solche Dienste Dritter, und wir sind nicht verantwortlich f\u00fcr den Inhalt, die Datenschutzrichtlinien oder die Praktiken von Diensten Dritter.\nWir empfehlen Ihnen, die Datenschutzrichtlinien der Dienste Dritter, auf die Sie zugreifen, zu \u00fcberpr\u00fcfen.  <\/p>\n<p><strong>Datenschutz f\u00fcr Kinder<\/strong><\/p>\n<p>Unsere Dienste richten sich nicht an Personen unter 18 Jahren, und wir erfassen nicht wissentlich pers\u00f6nliche Daten von Kindern unter 18 Jahren.\nWenn wir erfahren, dass ein Kind unter 18 Jahren uns pers\u00f6nliche Daten zur Verf\u00fcgung gestellt hat, werden wir Ma\u00dfnahmen ergreifen, um diese Daten zu l\u00f6schen. <\/p>\n<p><strong>\u00c4nderungen an dieser Datenschutzrichtlinie<\/strong><\/p>\n<p>Wir k\u00f6nnen unsere Datenschutzrichtlinie von Zeit zu Zeit aktualisieren.\nWenn wir wesentliche \u00c4nderungen an dieser Datenschutzrichtlinie vornehmen, werden wir Sie dar\u00fcber informieren, indem wir die aktualisierte Richtlinie auf unserer Website oder auf andere Weise, z. B. per E-Mail, ver\u00f6ffentlichen.\nWenn Sie unsere Dienste nach dem Datum des Inkrafttretens der aktualisierten Datenschutzrichtlinie weiterhin nutzen, erkl\u00e4ren Sie sich mit den \u00c4nderungen einverstanden.  <\/p>\n<p><strong>Kontaktieren Sie uns<\/strong><\/p>\n<p>Wenn Sie Fragen oder Bedenken zu dieser Datenschutzrichtlinie oder unseren Datenschutzpraktiken haben, kontaktieren Sie uns bitte unter sales@esim4.com<\/p>\n\n\n","protected":false},"excerpt":{"rendered":"","protected":false},"author":1,"featured_media":0,"parent":0,"menu_order":0,"comment_status":"closed","ping_status":"closed","template":"","meta":{"_acf_changed":false,"footnotes":""},"class_list":["post-47633","page","type-page","status-publish","hentry"],"acf":[],"jetpack_sharing_enabled":true,"_links":{"self":[{"href":"https:\/\/www.esim4.com\/de\/wp-json\/wp\/v2\/pages\/47633","targetHints":{"allow":["GET"]}}],"collection":[{"href":"https:\/\/www.esim4.com\/de\/wp-json\/wp\/v2\/pages"}],"about":[{"href":"https:\/\/www.esim4.com\/de\/wp-json\/wp\/v2\/types\/page"}],"author":[{"embeddable":true,"href":"https:\/\/www.esim4.com\/de\/wp-json\/wp\/v2\/users\/1"}],"replies":[{"embeddable":true,"href":"https:\/\/www.esim4.com\/de\/wp-json\/wp\/v2\/comments?post=47633"}],"version-history":[{"count":1,"href":"https:\/\/www.esim4.com\/de\/wp-json\/wp\/v2\/pages\/47633\/revisions"}],"predecessor-version":[{"id":47636,"href":"https:\/\/www.esim4.com\/de\/wp-json\/wp\/v2\/pages\/47633\/revisions\/47636"}],"wp:attachment":[{"href":"https:\/\/www.esim4.com\/de\/wp-json\/wp\/v2\/media?parent=47633"}],"curies":[{"name":"wp","href":"https:\/\/api.w.org\/{rel}","templated":true}]}}