{"id":47658,"date":"2023-05-05T01:09:19","date_gmt":"2023-05-04T15:09:19","guid":{"rendered":"https:\/\/www.esim4.com\/installationsanleitung-fuer-ios\/"},"modified":"2024-09-17T18:40:38","modified_gmt":"2024-09-17T08:40:38","slug":"installationsanleitung-fuer-ios","status":"publish","type":"page","link":"https:\/\/www.esim4.com\/de\/installationsanleitung-fuer-ios\/","title":{"rendered":"Installationsanleitung f\u00fcr iOS"},"content":{"rendered":"\n  <div id=\"page-header-72807219\" class=\"page-header-wrapper\">\n  <div class=\"page-title light simple-title\">\n\n    \n    <div class=\"page-title-inner container align-center text-center flex-row-col medium-flex-wrap\" >\n              <div class=\"title-wrapper flex-col\">\n          <h1 class=\"entry-title mb-0\">\n            Installationsanleitung f\u00fcr iOS          <\/h1>\n        <\/div>\n                    <div class=\"title-content flex-col\">\n        <div class=\"title-breadcrumbs pb-half pt-half\"><nav class=\"woocommerce-breadcrumb breadcrumbs uppercase\">Startseite<\/nav><\/div>      <\/div>\n    <\/div>\n\n       <\/div>\n    <\/div>\n  \n\n\t<div id=\"gap-1358391101\" class=\"gap-element clearfix\" style=\"display:block; height:auto;\">\n\t\t\n<style>\n#gap-1358391101 {\n  padding-top: 30px;\n}\n<\/style>\n\t<\/div>\n\t\n\n<div class=\"row\"  id=\"row-9622071\">\n\n\n\t<div id=\"col-2039061316\" class=\"col medium-6 small-12 large-6\"  >\n\t\t\t\t<div class=\"col-inner\"  >\n\t\t\t\n\t\t\t\n\n<p><span style=\"font-weight: 400;\">Folgen Sie diesen Anweisungen, die je nach Ger\u00e4t und Spracheinstellung variieren k\u00f6nnen.<\/span><\/p>\n<p><b>Wichtige Informationen:<\/b><\/p>\n<p><span style=\"font-weight: 400;\">&#8211; Vergewissern Sie sich, dass Ihr Ger\u00e4t eSIM-kompatibel ist und das Netzwerk nicht gesperrt ist.<br><\/span><span style=\"font-weight: 400;\">&#8211; Verbinden Sie sich mit einem starken Wi-Fi-Netzwerk, um die eSIM erfolgreich zu aktivieren.<br><\/span><span style=\"font-weight: 400;\">&#8211; Beachten Sie, dass die G\u00fcltigkeit der eSIM mit der Installation beginnt.<br><\/span><span style=\"font-weight: 400;\">&#8211; Entfernen Sie die eSIM nicht, da sie nicht wieder installiert oder regeneriert werden kann.<\/span><\/p>\n<p><span style=\"font-weight: 400;\">  1.  <\/span><span style=\"color: #333333;\">Hinzuf\u00fcgen einer eSIM \u00fcber die Einstellungen Ihres Ger\u00e4ts.<\/span><\/p>\n<p><span style=\"font-weight: 400;\"> <\/span><span style=\"font-weight: 400;\">Navigieren Sie zu {Einstellungen} &gt; { Mobilfunk\/Mobile Daten } &gt; { eSIM\/Datentarif hinzuf\u00fcgen }<\/span><\/p>\n<p><span style=\"color: #333333;\">2. W\u00e4hlen Sie die Option QR-Code, um die eSIM zu installieren.<\/span><\/p>\n<p><span style=\"font-weight: 400;\">F\u00fcr Ger\u00e4te mit iOS 16 und h\u00f6her w\u00e4hlen Sie { QR-Code verwenden }. Andernfalls fahren Sie mit dem n\u00e4chsten Schritt fort.<\/span><\/p>\n<p><span style=\"color: #333333;\">3. die Installation der eSIM \u00fcber einen QR-Code oder die manuelle Eingabe.<\/span><\/p>\n<p><span style=\"font-weight: 400;\"> <\/span><span style=\"font-weight: 400;\">Scannen Sie den QR-Code oder geben Sie manuell Ihre eSIM-Informationen ein, die Sie in Ihrer E-Mail finden.<\/span><\/p>\n<p><span style=\"font-weight: 400;\"> <\/span><span style=\"font-weight: 400;\">Stellen Sie sicher, dass Sie eine starke Wi-Fi-Verbindung haben, damit die eSIM-Aktivierung erfolgreich ist.<\/span><\/p>\n<p><span style=\"font-weight: 400;\">4. Warten Sie auf die Aktivierung der eSIM.<\/span><\/p>\n<p><span style=\"font-weight: 400;\"> <\/span><span style=\"font-weight: 400;\">Die eSIM verbindet sich mit dem Netzwerk, was ein paar Minuten dauern kann.\nSobald die Verbindung hergestellt ist, tippen Sie auf &#8222;Fertig&#8220;. <\/span><\/p>\n<p><span style=\"font-weight: 400;\">5. <\/span><span style=\"color: #333333;\">Beschriftung Ihrer eSIM.<\/span><\/p>\n<p><span style=\"font-weight: 400;\">Nachdem Sie Ihre eSIM hinzugef\u00fcgt haben, beschriften Sie sie, um die Verwaltung Ihrer Profile zu erleichtern.<\/span><\/p>\n<p><span style=\"font-weight: 400;\">Gehen Sie zu {Einstellungen } &gt; { Mobilfunk\/Mobile Daten } &gt; eSIM-Profil &gt; { Mobilfunkplan-Etikett } &gt; Geben Sie eine benutzerdefinierte Bezeichnung ein (z. B. { Ziel } &#8211; eSIM ).<\/span><\/p>\n<p><span style=\"font-weight: 400;\">Die Installation ist abgeschlossen!\nSie sind nun fast bereit, die Daten zu verwenden. <\/span><\/p>\n<p><span style=\"font-weight: 400;\"> <\/span><\/p>\n<p><b>Zugriff auf Daten:<\/b><\/p>\n<p><span style=\"font-weight: 400;\">1. Aktivieren Sie das eSIM-Profil.<\/span><\/p>\n<p><span style=\"font-weight: 400;\">Navigieren Sie zu {Einstellungen} &gt; { Mobilfunk\/Mobile Daten } &gt; eSIM-Profil &gt; Schalten Sie &#8218;Diese Leitung einschalten&#8216; ein.<\/span><\/p>\n<p><span style=\"font-weight: 400;\">2. Aktivieren Sie { Daten-Roaming } nur f\u00fcr Ihr eSIM-Profil.<\/span><\/p>\n<p><span style=\"font-weight: 400;\">Gehen Sie zu {Einstellungen} &gt; { Mobilfunk\/Mobile Daten } &gt; eSIM-Profil &gt; Schalten Sie &#8218;Daten-Roaming&#8216; ein.<\/span><\/p>\n<p><span style=\"font-weight: 400;\">3. W\u00e4hlen Sie Ihr eSIM-Profil f\u00fcr { Cellular Data }.<\/span><\/p>\n<p><span style=\"font-weight: 400;\">Navigieren Sie zu {Einstellungen} &gt; { Mobilfunk\/Mobile Daten } &gt; { Mobilfunkdaten } &gt; W\u00e4hlen Sie Ihr eSIM-Profil.<\/span><\/p>\n<p><span style=\"font-weight: 400;\">Deaktivieren Sie &#8218;Allow Cellular Data Switching&#8216;, um unn\u00f6tige Roaming-Geb\u00fchren von Ihrem nationalen Anbieter zu vermeiden.<\/span><\/p>\n<p><span style=\"font-weight: 400;\"> <\/span><\/p>\n<p><b>Fehlersuche: Kein Internetzugang<\/b><\/p>\n<p><span style=\"font-weight: 400;\">Wenn Sie die eSIM korrekt installiert haben, aber trotzdem nicht auf das Internet zugreifen k\u00f6nnen, versuchen Sie Folgendes:<\/span><\/p>\n<p><span style=\"font-weight: 400;\">&#8211; Entfernen Sie die eSIM nicht, da sie nicht wieder installiert oder regeneriert werden kann.<\/span><\/p>\n<p><span style=\"font-weight: 400;\">&#8211; W\u00e4hlen Sie manuell ein Netzwerk aus.<\/span><\/p>\n<p><span style=\"font-weight: 400;\">Gehen Sie zu {Einstellungen } &gt; { Mobilfunk\/Mobile Daten } &gt; eSIM-Profil &gt; { Netzauswahl } &gt; Deaktivieren Sie &#8218;Automatisch&#8216; &gt; Suchen und w\u00e4hlen Sie das unterst\u00fctzende Netz manuell.<\/span><\/p>\n<p><span style=\"font-weight: 400;\"> <\/span><\/p>\n<p> <\/p>\n\n\t\t<\/div>\n\t\t\t\t\t<\/div>\n\n\t\n\n\t<div id=\"col-1617453077\" class=\"col medium-6 small-12 large-6\"  >\n\t\t\t\t<div class=\"col-inner\"  >\n\t\t\t\n\t\t\t\n\n<div class=\"container section-title-container\" ><h3 class=\"section-title section-title-normal\"><b><\/b><span class=\"section-title-main\" >iOS eSIM mit QR-Code installieren<\/span><b><\/b><\/h3><\/div>\n\n<div class=\"video video-fit mb\" style=\"padding-top:100%;\"><iframe loading=\"lazy\" title=\"Apple iOS - How to install travel eSIM with  the QR Code\" width=\"1020\" height=\"574\" src=\"https:\/\/www.youtube.com\/embed\/3Pi_QyZli_s?feature=oembed\" frameborder=\"0\" allow=\"accelerometer; autoplay; clipboard-write; encrypted-media; gyroscope; picture-in-picture; web-share\" referrerpolicy=\"strict-origin-when-cross-origin\" allowfullscreen><\/iframe><\/div>\n\n<div class=\"container section-title-container\" ><h3 class=\"section-title section-title-normal\"><b><\/b><span class=\"section-title-main\" >iOS eSIM manuell installieren<\/span><b><\/b><\/h3><\/div>\n\n<div class=\"video video-fit mb\" style=\"padding-top:100%;\"><p><iframe loading=\"lazy\" title=\"Apple iOS - How to install travel eSIm manually\" width=\"1020\" height=\"574\" src=\"https:\/\/www.youtube.com\/embed\/__qgZn3iAv8?feature=oembed\" frameborder=\"0\" allow=\"accelerometer; autoplay; clipboard-write; encrypted-media; gyroscope; picture-in-picture; web-share\" referrerpolicy=\"strict-origin-when-cross-origin\" allowfullscreen><\/iframe><\/p>\n<\/div>\n\n\n\t\t<\/div>\n\t\t\t\t\t<\/div>\n\n\t\n\n<\/div>\n\n","protected":false},"excerpt":{"rendered":"","protected":false},"author":1,"featured_media":0,"parent":0,"menu_order":0,"comment_status":"closed","ping_status":"closed","template":"","meta":{"_acf_changed":false,"footnotes":""},"class_list":["post-47658","page","type-page","status-publish","hentry"],"acf":[],"jetpack_sharing_enabled":true,"_links":{"self":[{"href":"https:\/\/www.esim4.com\/de\/wp-json\/wp\/v2\/pages\/47658","targetHints":{"allow":["GET"]}}],"collection":[{"href":"https:\/\/www.esim4.com\/de\/wp-json\/wp\/v2\/pages"}],"about":[{"href":"https:\/\/www.esim4.com\/de\/wp-json\/wp\/v2\/types\/page"}],"author":[{"embeddable":true,"href":"https:\/\/www.esim4.com\/de\/wp-json\/wp\/v2\/users\/1"}],"replies":[{"embeddable":true,"href":"https:\/\/www.esim4.com\/de\/wp-json\/wp\/v2\/comments?post=47658"}],"version-history":[{"count":6,"href":"https:\/\/www.esim4.com\/de\/wp-json\/wp\/v2\/pages\/47658\/revisions"}],"predecessor-version":[{"id":76289,"href":"https:\/\/www.esim4.com\/de\/wp-json\/wp\/v2\/pages\/47658\/revisions\/76289"}],"wp:attachment":[{"href":"https:\/\/www.esim4.com\/de\/wp-json\/wp\/v2\/media?parent=47658"}],"curies":[{"name":"wp","href":"https:\/\/api.w.org\/{rel}","templated":true}]}}