{"id":47662,"date":"2024-06-14T17:15:32","date_gmt":"2024-06-14T07:15:32","guid":{"rendered":"https:\/\/www.esim4.com\/ueber-uns\/"},"modified":"2025-04-28T10:46:49","modified_gmt":"2025-04-28T00:46:49","slug":"ueber-uns","status":"publish","type":"page","link":"https:\/\/www.esim4.com\/de\/ueber-uns\/","title":{"rendered":"\u00dcber uns"},"content":{"rendered":"<div class=\"wp-block-image\">\n<figure class=\"aligncenter size-full\"><img loading=\"lazy\" decoding=\"async\" width=\"389\" height=\"150\" src=\"https:\/\/www.esim4.com\/wp-content\/uploads\/2023\/04\/footer-about-us.png\" alt=\"\" class=\"wp-image-10545\"><\/figure>\n<\/div>\n<div style=\"height:42px\" aria-hidden=\"true\" class=\"wp-block-spacer\"><\/div>\n\n<h1 class=\"wp-block-heading has-text-align-center\">Ein Service f\u00fcr Reiselustige<\/h1>\n\n<p class=\"has-text-align-center\">Wir bei eSIM4 glauben, dass Ihre mobilen Daten Sie nicht davon abhalten sollten, Ihre Reisen in vollen Z\u00fcgen zu genie\u00dfen.\nAus der gemeinsamen Leidenschaft f\u00fcr Weltreisen und einem tiefen Verst\u00e4ndnis f\u00fcr die Bed\u00fcrfnisse des modernen Reisenden hat unser Team einen Service entwickelt, mit dem Sie die volle Kontrolle dar\u00fcber haben, wie viel Sie f\u00fcr Daten bezahlen. <\/p>\n\n<p class=\"has-text-align-center\">Wir haben es uns zur Aufgabe gemacht, die Art und Weise, wie Sie im Ausland in Verbindung bleiben, zu vereinfachen, damit Sie sich auf Ihre Abenteuer konzentrieren k\u00f6nnen und nicht auf eine unangenehme Rechnung am Ende des Monats.<\/p>\n\n<p class=\"has-text-align-center\">Unser Unternehmen ist seit 2002 in der Telekommunikationsbranche t\u00e4tig.\nUnser Team von technikbegeisterten Reisenden mit Sitz in der pulsierenden Stadt Sydney, Australien, hat eine benutzerfreundliche Plattform entwickelt, die Ihnen die M\u00f6glichkeit bietet, internationale Daten zu nutzen. <\/p>\n\n<p class=\"has-text-align-center\">Mit eSIM4 k\u00f6nnen Sie ganz einfach den Datentarif ausw\u00e4hlen, der Ihren Bed\u00fcrfnissen entspricht, ganz gleich, ob Sie ein Wochenendausfl\u00fcgler oder ein Langzeitabenteurer sind, und Sie haben die Gewissheit, dass Sie immer verbunden sind.<\/p>\n\n<p class=\"has-text-align-center\">Wir sind stolz auf unser Engagement, unseren Kunden einen unvergleichlichen Mehrwert zu bieten.\nDurch unsere Partnerschaften mit f\u00fchrenden Mobilfunknetzen auf der ganzen Welt stellen wir sicher, dass Sie Zugang zu zuverl\u00e4ssigen Hochgeschwindigkeitsdaten haben, egal wohin Ihre Reise Sie f\u00fchrt.\nUnd mit unserem engagierten Kundenbetreuungsteam.  <\/p>\n\n<p class=\"has-text-align-center\">Kontaktieren Sie uns:<br\/>Telefon: 1800 671 823 (Australienweit kostenloser Anruf)<br\/>Telefon: +61 2 9283 9292 (International)<br\/>Adresse: Suite 18, 281 &#8211; 287 Sussex St Sydney NSW 2000 Australien<\/p>\n","protected":false},"excerpt":{"rendered":"<p>Ein Service f\u00fcr Reiselustige Wir bei eSIM4 glauben, dass Ihre mobilen Daten Sie nicht davon abhalten sollten, Ihre Reisen in vollen Z\u00fcgen zu genie\u00dfen. Aus der gemeinsamen Leidenschaft f\u00fcr Weltreisen und einem tiefen Verst\u00e4ndnis f\u00fcr die Bed\u00fcrfnisse des modernen Reisenden hat unser Team einen Service entwickelt, mit dem Sie die volle Kontrolle dar\u00fcber haben, wie [&#8230;]\n","protected":false},"author":4,"featured_media":0,"parent":0,"menu_order":0,"comment_status":"closed","ping_status":"closed","template":"","meta":{"_acf_changed":false,"footnotes":""},"class_list":["post-47662","page","type-page","status-publish","hentry"],"acf":[],"jetpack_sharing_enabled":true,"_links":{"self":[{"href":"https:\/\/www.esim4.com\/de\/wp-json\/wp\/v2\/pages\/47662","targetHints":{"allow":["GET"]}}],"collection":[{"href":"https:\/\/www.esim4.com\/de\/wp-json\/wp\/v2\/pages"}],"about":[{"href":"https:\/\/www.esim4.com\/de\/wp-json\/wp\/v2\/types\/page"}],"author":[{"embeddable":true,"href":"https:\/\/www.esim4.com\/de\/wp-json\/wp\/v2\/users\/4"}],"replies":[{"embeddable":true,"href":"https:\/\/www.esim4.com\/de\/wp-json\/wp\/v2\/comments?post=47662"}],"version-history":[{"count":2,"href":"https:\/\/www.esim4.com\/de\/wp-json\/wp\/v2\/pages\/47662\/revisions"}],"predecessor-version":[{"id":90612,"href":"https:\/\/www.esim4.com\/de\/wp-json\/wp\/v2\/pages\/47662\/revisions\/90612"}],"wp:attachment":[{"href":"https:\/\/www.esim4.com\/de\/wp-json\/wp\/v2\/media?parent=47662"}],"curies":[{"name":"wp","href":"https:\/\/api.w.org\/{rel}","templated":true}]}}