{"id":47679,"date":"2013-08-11T20:13:42","date_gmt":"2013-08-11T10:13:42","guid":{"rendered":"https:\/\/www.esim4.com\/faqs\/"},"modified":"2024-09-10T21:58:46","modified_gmt":"2024-09-10T11:58:46","slug":"faqs","status":"publish","type":"page","link":"https:\/\/www.esim4.com\/de\/faqs\/","title":{"rendered":"FAQs"},"content":{"rendered":"\n  <div id=\"page-header-1020448606\" class=\"page-header-wrapper\">\n  <div class=\"page-title light simple-title\">\n\n    \n    <div class=\"page-title-inner container align-center text-center flex-row-col medium-flex-wrap\" >\n              <div class=\"title-wrapper flex-col\">\n          <h1 class=\"entry-title mb-0\">\n            FAQs          <\/h1>\n        <\/div>\n                    <div class=\"title-content flex-col\">\n        <div class=\"title-breadcrumbs pb-half pt-half\"><nav class=\"woocommerce-breadcrumb breadcrumbs uppercase\">Startseite<\/nav><\/div>      <\/div>\n    <\/div>\n\n       <\/div>\n    <\/div>\n  \n\n<p>Willkommen auf unserer Seite mit den h\u00e4ufig gestellten Fragen (FAQs)!\nDiese Ressource wurde sorgf\u00e4ltig zusammengestellt, um Ihnen Antworten auf h\u00e4ufig gestellte Fragen zu geben und Ihre Bedenken bez\u00fcglich unserer Dienstleistungen auszur\u00e4umen.\nWir wissen, wie wichtig eine klare Kommunikation und ein reibungsloser Ablauf sind. Deshalb haben wir die wichtigsten Fragen und Antworten f\u00fcr Sie zusammengestellt, damit Sie sich in unserem Angebot zurechtfinden.\nWenn Sie die gesuchten Informationen nicht finden k\u00f6nnen oder weitere Informationen ben\u00f6tigen, z\u00f6gern Sie bitte nicht, sich an unser Support-Team zu wenden.\nWir sind gerne f\u00fcr Sie da und sorgen daf\u00fcr, dass Sie bei jedem Schritt zufrieden sind.    <\/p>\n<p>\n<div class=\"accordion\">\n\n<div id=\"accordion-1784603249\" class=\"accordion-item\"><a id=\"accordion-1784603249-label\" href=\"#\" class=\"accordion-title plain\" aria-expanded=\"false\" aria-controls=\"accordion-1784603249-content\"><button class=\"toggle\" aria-label=\"Toggle\"><i class=\"icon-angle-down\"><\/i><\/button><span>Welche Ger\u00e4te k\u00f6nnen mit eSIM verwendet werden?<\/span><\/a><div id=\"accordion-1784603249-content\" class=\"accordion-inner\" aria-labelledby=\"accordion-1784603249-label\">\n\n<p>Zu den kompatiblen eSIM-Ger\u00e4ten geh\u00f6ren sowohl iOS- als auch Android-Ger\u00e4te, die eSIM-f\u00e4hig und entsperrt sind.\nEs ist wichtig zu wissen, dass SIM-gesperrte Ger\u00e4te nicht mit einer eSIM verwendet werden k\u00f6nnen. <\/p>\n<ul>\n<li>Wie kann ich \u00fcberpr\u00fcfen, ob mein iOS-Ger\u00e4t eSIM-kompatibel und f\u00fcr den Netzbetreiber freigeschaltet ist?<\/li>\n<li>Welche Ger\u00e4te unterst\u00fctzen eSim?<\/li>\n<\/ul>\n\n<\/div><\/div>\n<div id=\"accordion-2589168974\" class=\"accordion-item\"><a id=\"accordion-2589168974-label\" href=\"#\" class=\"accordion-title plain\" aria-expanded=\"false\" aria-controls=\"accordion-2589168974-content\"><button class=\"toggle\" aria-label=\"Toggle\"><i class=\"icon-angle-down\"><\/i><\/button><span>Was ist Ihre Aktivierungspolitik?<\/span><\/a><div id=\"accordion-2589168974-content\" class=\"accordion-inner\" aria-labelledby=\"accordion-2589168974-label\">\n\n<p>Die G\u00fcltigkeitsdauer beginnt, wenn sich die eSIM mit einem der unterst\u00fctzten Netze verbindet.<\/p>\n\n<\/div><\/div>\n<div id=\"accordion-118213256\" class=\"accordion-item\"><a id=\"accordion-118213256-label\" href=\"#\" class=\"accordion-title plain\" aria-expanded=\"false\" aria-controls=\"accordion-118213256-content\"><button class=\"toggle\" aria-label=\"Toggle\"><i class=\"icon-angle-down\"><\/i><\/button><span>Beinhaltet Ihr eSIM-Tarif Sprachanrufe und Textnachrichten?<\/span><\/a><div id=\"accordion-118213256-content\" class=\"accordion-inner\" aria-labelledby=\"accordion-118213256-label\">\n\n<p>Unsere eSIM bietet reine Datenpakete, was bedeutet, dass Orts- und Auslandsgespr\u00e4che nicht erlaubt sind.\nSie k\u00f6nnen jedoch Apps wie WhatsApp oder Skype verwenden, um Anrufe zu t\u00e4tigen, indem Sie Ihren Datentarif nutzen, falls erforderlich. <\/p>\n\n<\/div><\/div>\n<div id=\"accordion-1238255668\" class=\"accordion-item\"><a id=\"accordion-1238255668-label\" href=\"#\" class=\"accordion-title plain\" aria-expanded=\"false\" aria-controls=\"accordion-1238255668-content\"><button class=\"toggle\" aria-label=\"Toggle\"><i class=\"icon-angle-down\"><\/i><\/button><span>Kann ich SMS versenden?<\/span><\/a><div id=\"accordion-1238255668-content\" class=\"accordion-inner\" aria-labelledby=\"accordion-1238255668-label\">\n\n<p>Nein, unsere eSIM ist nur f\u00fcr Daten, aber Sie k\u00f6nnen Watapps, Telegram usw. verwenden, um Ihre Nachrichten zu versenden.<\/p>\n\n<\/div><\/div>\n<div id=\"accordion-2966735072\" class=\"accordion-item\"><a id=\"accordion-2966735072-label\" href=\"#\" class=\"accordion-title plain\" aria-expanded=\"false\" aria-controls=\"accordion-2966735072-content\"><button class=\"toggle\" aria-label=\"Toggle\"><i class=\"icon-angle-down\"><\/i><\/button><span>Wenn ich versuche, den QR-Code zu installieren (manuell oder durch Scannen), sagt er, dass er nicht mehr verf\u00fcgbar ist, also senden Sie bitte erneut einen guten QR-Code.<\/span><\/a><div id=\"accordion-2966735072-content\" class=\"accordion-inner\" aria-labelledby=\"accordion-2966735072-label\">\n\n<p>Sie k\u00f6nnen Ihre eSIM nur einmal installieren.\nWenn Sie mehr als einmal installieren, erhalten Sie eine Meldung, dass der Code nicht mehr g\u00fcltig\/verf\u00fcgbar ist. <\/p>\n\n<\/div><\/div>\n<div id=\"accordion-3431669477\" class=\"accordion-item\"><a id=\"accordion-3431669477-label\" href=\"#\" class=\"accordion-title plain\" aria-expanded=\"false\" aria-controls=\"accordion-3431669477-content\"><button class=\"toggle\" aria-label=\"Toggle\"><i class=\"icon-angle-down\"><\/i><\/button><span>Kann ich meine bisherige Handynummer behalten?<\/span><\/a><div id=\"accordion-3431669477-content\" class=\"accordion-inner\" aria-labelledby=\"accordion-3431669477-label\">\n\n<p>Ja, unsere eSIM kann zusammen mit Ihrer aktuellen SIM-Karte verwendet werden. Bitte beachten Sie jedoch, dass Sie immer nur eine eSIM-Karte gleichzeitig verwenden k\u00f6nnen.\neSIM und physische eSIM k\u00f6nnen gleichzeitig aktiv sein. <\/p>\n\n<\/div><\/div>\n<div id=\"accordion-1816946851\" class=\"accordion-item\"><a id=\"accordion-1816946851-label\" href=\"#\" class=\"accordion-title plain\" aria-expanded=\"false\" aria-controls=\"accordion-1816946851-content\"><button class=\"toggle\" aria-label=\"Toggle\"><i class=\"icon-angle-down\"><\/i><\/button><span>Funktioniert eSIM auf dem iPhone 11?<\/span><\/a><div id=\"accordion-1816946851-content\" class=\"accordion-inner\" aria-labelledby=\"accordion-1816946851-label\">\n\n<p>ja, aber stellen Sie bitte sicher, dass Ihr Telefon nicht netzgesperrt ist<\/p>\n\n<\/div><\/div>\n<div id=\"accordion-643222576\" class=\"accordion-item\"><a id=\"accordion-643222576-label\" href=\"#\" class=\"accordion-title plain\" aria-expanded=\"false\" aria-controls=\"accordion-643222576-content\"><button class=\"toggle\" aria-label=\"Toggle\"><i class=\"icon-angle-down\"><\/i><\/button><span>Hat Ihr esim auch eine Nummer?<\/span><\/a><div id=\"accordion-643222576-content\" class=\"accordion-inner\" aria-labelledby=\"accordion-643222576-label\">\n\n<p>Nein, wir verkaufen nur Daten Internet nur eSIM.\nKeine Telefonnummer, aber Sie k\u00f6nnen whatapps, messenger, wechat usw. verwenden.\num Anrufe zu t\u00e4tigen  <\/p>\n\n<\/div><\/div>\n<div id=\"accordion-4233292942\" class=\"accordion-item\"><a id=\"accordion-4233292942-label\" href=\"#\" class=\"accordion-title plain\" aria-expanded=\"false\" aria-controls=\"accordion-4233292942-content\"><button class=\"toggle\" aria-label=\"Toggle\"><i class=\"icon-angle-down\"><\/i><\/button><span>Warum habe ich langsame Netzwerkgeschwindigkeiten?<\/span><\/a><div id=\"accordion-4233292942-content\" class=\"accordion-inner\" aria-labelledby=\"accordion-4233292942-label\">\n\n<p>Die Geschwindigkeit h\u00e4ngt von der Netzabdeckung, der \u00dcberlastung oder der Priorisierung des lokalen Netzbetreibers ab.\nWenn Ihre eSIM Sie jedoch dazu auffordert, Ihre APN-Einstellungen manuell hinzuzuf\u00fcgen\/zu aktualisieren &#8211; und wenn Sie diese nicht korrekt hinzuf\u00fcgen -, kann dies als langsame Verbindung missverstanden werden, w\u00e4hrend die eSIM in Wirklichkeit nicht korrekt eingerichtet wurde.\nWenn Sie langsame Netzwerkgeschwindigkeiten feststellen, \u00fcberpr\u00fcfen Sie bitte, ob Sie alle Anforderungen auf Ihrer eSIM-Installationsseite erf\u00fcllt haben, und gehen Sie wie folgt vor: Richten Sie Ihre APN-Einstellungen ein (falls erforderlich) Stellen Sie das Ger\u00e4t vor\u00fcbergehend auf 3G ein Wenn Sie nach Abschluss der obigen Schritte weiterhin langsame Netzwerkgeschwindigkeiten feststellen, versuchen Sie bitte Folgendes: Stellen Sie Ihr Ger\u00e4t nur auf 3G ein, wenn es verf\u00fcgbar ist Schalten Sie den Flugzeugmodus ein und aus Falls Ihre eSIM mehr als ein Netz unterst\u00fctzt, k\u00f6nnen Sie auch versuchen, ein anderes Netz auszuw\u00e4hlen als das, mit dem Sie derzeit verbunden sind, um zu sehen, ob es einen besseren Service bietet.  <\/p>\n\n<\/div><\/div>\n<div id=\"accordion-871727825\" class=\"accordion-item\"><a id=\"accordion-871727825-label\" href=\"#\" class=\"accordion-title plain\" aria-expanded=\"false\" aria-controls=\"accordion-871727825-content\"><button class=\"toggle\" aria-label=\"Toggle\"><i class=\"icon-angle-down\"><\/i><\/button><span>Warum erhalte ich die Fehlermeldung &quot;PDP-Authentifizierung fehlgeschlagen&quot;?<\/span><\/a><div id=\"accordion-871727825-content\" class=\"accordion-inner\" aria-labelledby=\"accordion-871727825-label\">\n\n<p>Der PDP-Authentifizierungsfehler kann mit Ihren Einstellungen oder den eSIM-Daten\/G\u00fcltigkeit zusammenh\u00e4ngen.<\/p>\n<p>\u00dcberpr\u00fcfen Sie bitte, ob Sie die folgenden Punkte beachtet haben: Der APN ist gem\u00e4\u00df den Informationen auf Ihrer eSIM-Installationsseite eingestellt (alle Kleinbuchstaben und in einem Wort). Sie haben noch Daten auf Ihrer eSIM: Wenn Sie versuchen, eine Verbindung herzustellen, w\u00e4hrend keine Daten mehr vorhanden sind, kann dieser Fehler auftreten.\nSie sind mit dem unterst\u00fctzten Netzwerk verbunden, wie auf Ihrer eSIM-Installationsseite angegeben. Um die eSIM-Installationsseite und alle Details zu finden, gehen Sie bitte zu Meine eSIMs &gt; Details &gt; eSIM installieren und scrollen Sie die Seite nach unten.\nIn diesem Fall setzen Sie bitte Ihre Netzwerkeinstellungen zur\u00fcck.\nWenn die obigen Schritte nicht helfen, versuchen Sie bitte, Ihre Netzwerkeinstellungen zur\u00fcckzusetzen*: Gehen Sie zu Einstellungen auf Ihrem Ger\u00e4t Gehen Sie zu Allgemein Gehen Sie zu Zur\u00fccksetzen Gehen Sie zu Netzwerkeinstellungen zur\u00fccksetzen Starten Sie Ihr Ger\u00e4t neu *Das Zur\u00fccksetzen der Netzwerkeinstellungen setzt bestehende WiFi-Netzwerke und Passw\u00f6rter, Mobilfunkeinstellungen sowie VPN- und APN-Einstellungen zur\u00fcck.   <\/p>\n\n<\/div><\/div>\n<div id=\"accordion-663584516\" class=\"accordion-item\"><a id=\"accordion-663584516-label\" href=\"#\" class=\"accordion-title plain\" aria-expanded=\"false\" aria-controls=\"accordion-663584516-content\"><button class=\"toggle\" aria-label=\"Toggle\"><i class=\"icon-angle-down\"><\/i><\/button><span>Warum erhalte ich die Fehlermeldung &#039;Unable to Complete Cellular Plan Change&#039;?<\/span><\/a><div id=\"accordion-663584516-content\" class=\"accordion-inner\" aria-labelledby=\"accordion-663584516-label\">\n\n<p>Die Fehlermeldung Unable to Complete Cellular Plan Change steht im Zusammenhang mit einem Installationsfehler, der durch verschiedene Faktoren verursacht werden kann, wie z.B:\n1. Es sind zu viele eSIMs auf dem Ger\u00e4t installiert.\nMit eSIM-kompatiblen Ger\u00e4ten k\u00f6nnen Sie mehrere eSIMs installieren, aber je nach Ger\u00e4temodell kann die Anzahl der eSIMs, die Sie gleichzeitig aktiv haben k\u00f6nnen, variieren.\nBei iPhones k\u00f6nnen beispielsweise 5 bis 10 eSIMs gespeichert werden, je nach Speicherplatz des Ger\u00e4ts.\nF\u00fcr weitere Informationen wenden Sie sich bitte an den Hersteller Ihres Telefons.\nWenn Sie sich vergewissert haben, dass Sie den eSIM-Speicher Ihres Ger\u00e4ts maximiert haben.\nSie k\u00f6nnen Ihre alten eSIMs aus dem Ger\u00e4t entfernen.\nEine Anleitung zum Entfernen von eSIMs finden Sie hier: Wie kann ich eine eSIM aus meinem Ger\u00e4t entfernen?\n2. Die Mobilfunk-\/Mobilfunkdaten sind in den Einstellungen des Ger\u00e4ts deaktiviert.\n3. Sie versuchen, eine eSIM zu installieren, die bereits installiert war: Die meisten eSIMs k\u00f6nnen nur einmal installiert werden.\nSie k\u00f6nnen \u00fcberpr\u00fcfen, ob die eSIM auf Ihrem Ger\u00e4t installiert ist, indem Sie zu Einstellungen &gt; Allgemein&gt; \u00dcber&gt; gehen. Scrollen Sie nach unten, um die ICCID zu finden (es handelt sich um eine 20-stellige Zahl, die mit 89XXXXXXXXXXXXXXXXXXXXXX beginnt und mit einer zuf\u00e4lligen Zusatzzahl endet).\nWenn Sie best\u00e4tigen, dass die ICCID installiert wurde, m\u00fcssen Sie m\u00f6glicherweise ein paar Einstellungen vornehmen, um eine Verbindung herzustellen.\nAlle Einzelheiten finden Sie auf Ihrer eSIM-Installationsseite.\n4.\nSchlechte Verbindung beim Versuch, die eSIM zu installieren.\nDas passiert h\u00e4ufig, wenn Sie das Wi-Fi des Schiffes oder das \u00f6ffentliche Wi-Fi benutzen.               <\/p>\n\n<\/div><\/div>\n<div id=\"accordion-455908665\" class=\"accordion-item\"><a id=\"accordion-455908665-label\" href=\"#\" class=\"accordion-title plain\" aria-expanded=\"false\" aria-controls=\"accordion-455908665-content\"><button class=\"toggle\" aria-label=\"Toggle\"><i class=\"icon-angle-down\"><\/i><\/button><span>Ich erhalte die Fehlermeldung &#039;Cellular Plans From This Carrier Cannot be Added&#039;.<\/span><\/a><div id=\"accordion-455908665-content\" class=\"accordion-inner\" aria-labelledby=\"accordion-455908665-label\">\n\n<p>Dieser Fehler kann angezeigt werden, wenn Sie versuchen, eine eSIM auf einem Ger\u00e4t zu installieren, das f\u00fcr das Netzwerk gesperrt ist.\nSie k\u00f6nnen \u00fcberpr\u00fcfen, ob Ihr Ger\u00e4t gesperrt ist, indem Sie die folgenden Schritte ausf\u00fchren: Gehen Sie zu Einstellungen &gt; Allgemein und tippen Sie auf Info.\nUnter Netzbetreibersperre sollte die Meldung Keine SIM-Einschr\u00e4nkungen erscheinen.\nWenn Sie diese Meldung nicht sehen, wenden Sie sich bitte an Ihren Netzbetreiber, um Ihr Ger\u00e4t entsperren zu lassen.   <\/p>\n\n<\/div><\/div>\n<div id=\"accordion-3868834384\" class=\"accordion-item\"><a id=\"accordion-3868834384-label\" href=\"#\" class=\"accordion-title plain\" aria-expanded=\"false\" aria-controls=\"accordion-3868834384-content\"><button class=\"toggle\" aria-label=\"Toggle\"><i class=\"icon-angle-down\"><\/i><\/button><span>Was sollte ich tun, wenn die eSIM auf meinem iOS-Ger\u00e4t nicht mehr aktiviert werden kann?<\/span><\/a><div id=\"accordion-3868834384-content\" class=\"accordion-inner\" aria-labelledby=\"accordion-3868834384-label\">\n\n<p>Manchmal kann die Aktivierung einer eSIM auf einem iOS-Ger\u00e4t stecken bleiben.<\/p>\n<p>Dies geschieht in der Regel, wenn Sie eine eSIM installiert haben, aber noch nicht in Ihrem Zielland\/-region angekommen sind.\nSie k\u00f6nnen beruhigt sein, denn Sie wissen, dass die eSIM vollst\u00e4ndig installiert ist, auch wenn sie &#8222;Aktivierung&#8220; oder &#8222;Aktivierungsfehler&#8220; anzeigt.\nDer Aktivierungsprozess wird abgeschlossen, wenn Sie Ihr Ziel erreichen und sich im Netzabdeckungsbereich befinden.\nDenken Sie daran, dass Sie auch dann, wenn die eSIM bei der Aktivierung stecken bleibt, andere Funktionen nutzen k\u00f6nnen, die nicht auf eine Netzverbindung angewiesen sind.\nSobald Sie Ihr Ziel erreicht haben und sich das Ger\u00e4t innerhalb des Netzabdeckungsbereichs befindet, sollte die eSIM erfolgreich aktiviert werden und Sie k\u00f6nnen sie verwenden.    <\/p>\n\n<\/div><\/div>\n<div id=\"accordion-2179013015\" class=\"accordion-item\"><a id=\"accordion-2179013015-label\" href=\"#\" class=\"accordion-title plain\" aria-expanded=\"false\" aria-controls=\"accordion-2179013015-content\"><button class=\"toggle\" aria-label=\"Toggle\"><i class=\"icon-angle-down\"><\/i><\/button><span>Mein Ger\u00e4t ist netzgesperrt eSIMs k\u00f6nnen nur auf Ger\u00e4ten installiert werden, die sowohl eSIM-kompatibel als auch netzgesperrt sind.<\/span><\/a><div id=\"accordion-2179013015-content\" class=\"accordion-inner\" aria-labelledby=\"accordion-2179013015-label\">\n\n<p>Bitte wenden Sie sich an Ihren Mobilfunkanbieter, um Ihr Ger\u00e4t zu entsperren.\nWenn Ihr Ger\u00e4t gerade erst freigeschaltet wurde, kann es sein, dass Ihr Mobilfunkanbieter die eSIM-Unterst\u00fctzung aus Sicherheitsgr\u00fcnden f\u00fcr eine gewisse Zeit deaktiviert hat.\nWenden Sie sich bitte an Ihren Mobilfunkanbieter, um Ihr Ger\u00e4t zu entsperren oder die Sicherheitseinstellungen au\u00dfer Kraft zu setzen.  <\/p>\n\n<\/div><\/div>\n<div id=\"accordion-3854744578\" class=\"accordion-item\"><a id=\"accordion-3854744578-label\" href=\"#\" class=\"accordion-title plain\" aria-expanded=\"false\" aria-controls=\"accordion-3854744578-content\"><button class=\"toggle\" aria-label=\"Toggle\"><i class=\"icon-angle-down\"><\/i><\/button><span>Welche wichtigen Informationen muss ich wissen, bevor ich einen Esim kaufe?<\/span><\/a><div id=\"accordion-3854744578-content\" class=\"accordion-inner\" aria-labelledby=\"accordion-3854744578-label\">\n\n<p>Ihr Ger\u00e4t muss sowohl netzunabh\u00e4ngig als auch mit eSIMs kompatibel sein.\nF\u00fcr die erfolgreiche Aktivierung der eSIM ist eine starke WiFi-Verbindung erforderlich.\nWenn der QR-Code nicht funktioniert, m\u00fcssen Sie den Code manuell in den Einstellungen Ihres Ger\u00e4ts eingeben.\nDenken Sie daran, dass die G\u00fcltigkeitsdauer der eSIM beginnt, sobald sie installiert ist.\nUm den Zugriff auf die eSIM nicht zu verlieren, sollten Sie sie w\u00e4hrend der Nutzung nicht entfernen, da eSIMs nicht neu installiert oder regeneriert werden k\u00f6nnen.\nVergessen Sie nicht, Daten-Roaming zu aktivieren.     <\/p>\n\n<\/div><\/div>\n<div id=\"accordion-3426514516\" class=\"accordion-item\"><a id=\"accordion-3426514516-label\" href=\"#\" class=\"accordion-title plain\" aria-expanded=\"false\" aria-controls=\"accordion-3426514516-content\"><button class=\"toggle\" aria-label=\"Toggle\"><i class=\"icon-angle-down\"><\/i><\/button><span>Ich kann keine Verbindung mit meiner eSIM auf meinem Android-Ger\u00e4t herstellen Wenn Sie Probleme mit der Verbindung Ihrer eSIM auf einem Android-Ger\u00e4t haben<\/span><\/a><div id=\"accordion-3426514516-content\" class=\"accordion-inner\" aria-labelledby=\"accordion-3426514516-label\">\n\n<p>stellen Sie bitte sicher, dass Sie die erforderlichen Einstellungen f\u00fcr Ihre eSIM \u00fcberpr\u00fcfen.\nDiese finden Sie unter Meine eSIMs &gt; Details &gt; eSIM installieren\/Datenzugang.\nSo schalten Sie das Daten-Roaming ein: Gehen Sie zu Einstellungen auf Ihrem Ger\u00e4t Gehen Sie zu Mobiles Netzwerk Tippen Sie auf Ihre eSIM Vergewissern Sie sich, dass Roaming auf EIN eingestellt ist.\nSo aktualisieren Sie den Zugangspunktnamen (APN-Einstellungen): Gehen Sie auf Ihrem Ger\u00e4t zu Einstellungen Gehen Sie zum Abschnitt Netzwerk &amp; Internet Gehen Sie zu Mobile Netzwerke Gehen Sie zu Zugangspunktnamen Tippen Sie auf &#8222;+&#8220; oder &#8222;HINZUF\u00dcGEN&#8220; Geben Sie unter APN die neuen APN-Einstellungen ein, wie sie in den eSIM-Installationsdetails angegeben sind (alles Kleinbuchstaben, alles ein Wort) Tippen Sie auf Speichern Lassen Sie die anderen Felder leer Bitte vergewissern Sie sich auch, dass das Ger\u00e4t mit dem\/den unterst\u00fctzten Netzwerken verbunden ist.   <\/p>\n\n<\/div><\/div>\n\n<\/div>\n\n","protected":false},"excerpt":{"rendered":"","protected":false},"author":1,"featured_media":0,"parent":0,"menu_order":0,"comment_status":"closed","ping_status":"closed","template":"","meta":{"_acf_changed":false,"footnotes":""},"class_list":["post-47679","page","type-page","status-publish","hentry"],"acf":[],"jetpack_sharing_enabled":true,"_links":{"self":[{"href":"https:\/\/www.esim4.com\/de\/wp-json\/wp\/v2\/pages\/47679","targetHints":{"allow":["GET"]}}],"collection":[{"href":"https:\/\/www.esim4.com\/de\/wp-json\/wp\/v2\/pages"}],"about":[{"href":"https:\/\/www.esim4.com\/de\/wp-json\/wp\/v2\/types\/page"}],"author":[{"embeddable":true,"href":"https:\/\/www.esim4.com\/de\/wp-json\/wp\/v2\/users\/1"}],"replies":[{"embeddable":true,"href":"https:\/\/www.esim4.com\/de\/wp-json\/wp\/v2\/comments?post=47679"}],"version-history":[{"count":1,"href":"https:\/\/www.esim4.com\/de\/wp-json\/wp\/v2\/pages\/47679\/revisions"}],"predecessor-version":[{"id":47680,"href":"https:\/\/www.esim4.com\/de\/wp-json\/wp\/v2\/pages\/47679\/revisions\/47680"}],"wp:attachment":[{"href":"https:\/\/www.esim4.com\/de\/wp-json\/wp\/v2\/media?parent=47679"}],"curies":[{"name":"wp","href":"https:\/\/api.w.org\/{rel}","templated":true}]}}