{"id":59861,"date":"2025-11-19T18:06:40","date_gmt":"2025-11-19T07:06:40","guid":{"rendered":"https:\/\/www.esim4.com\/product\/esim-indonesien-5-gb-30-tage\/"},"modified":"2024-09-10T08:12:05","modified_gmt":"2024-09-09T22:12:05","slug":"esim-indonesien-5-gb-30-tage","status":"publish","type":"product","link":"https:\/\/www.esim4.com\/de\/produkt\/esim-indonesien-5-gb-30-tage\/","title":{"rendered":"eSIM Indonesien &#8211; 5 GB &#8211; 30 Tage"},"content":{"rendered":"<p>  Hallo, Globetrotter! \ud83d\ude80 Bereiten Sie sich auf eine Reise in das versteckte Juwel der Welt, Indonesien, vor? Lassen Sie unsere 5 GB &#8211; 30 Tage eSIM Ihr zuverl\u00e4ssiger digitaler Verb\u00fcndeter sein, der sicherstellt, dass Sie auf Schritt und Tritt verbunden bleiben!<\/p>\n<p>  Diese eSIM ist nicht mit einer Rufnummer ausgestattet.<br \/>. Ob Sie beruflich oder privat unterwegs sind, verlassen Sie sich auf unsere robuste lokale Mobilfunkverbindung in Echtzeit, sobald Sie Ihr Reiseziel betreten!<\/p>\n<p>  Entdecken Sie die Vorteile unserer Prepaid-eSIM:<br \/>\n  &#8212;&#8212;&#8212;&#8212;&#8212;&#8212;&#8212;&#8212;&#8212;&#8212;&#8212;&#8212;&#8212;&#8212;&#8212;&#8211;<br \/>\n  \ud83c\udfaf In weniger als einer Minute sind Sie startklar. Nutzen Sie die schnelle lokale Verbindung, egal wohin Ihre Reise geht.<\/p>\n<p>  \ud83c\udf10 Tauchen Sie ein in die St\u00e4rke der 3G\/4G-Konnektivit\u00e4t mit unserer eSIM. Nutzen Sie die lokalen Internetgeschwindigkeiten und verabschieden Sie sich von den Schwierigkeiten des herk\u00f6mmlichen Roamings.<\/p>\n<p>  \ud83d\udcb0 Genie\u00dfen Sie g\u00fcnstige Tarife vor Ort. Verzichten Sie auf die Ungewissheit der hohen und unvorhersehbaren Roaming-Kosten.<\/p>\n<p>  \ud83d\udd70 Gewinnen Sie Ihre Zeit zur\u00fcck, ohne die SIM-Karte zu wechseln. Vergessen Sie lange Warteschlangen am Flughafen oder das l\u00e4stige Wechseln der SIM-Karten.<\/p>\n<p>  Unverwechselbare Produktmerkmale:<br \/>\n  &#8212;&#8212;&#8212;&#8212;&#8212;&#8212;&#8212;&#8212;&#8212;&#8212;&#8212;&#8212;&#8212;&#8212;&#8212;&#8211;<br \/>\n  \u2714\ufe0f Datenzugang: Prepaid eSIM 5 GB &#8211; 30 Tage.<\/p>\n<p>  \u2714\ufe0f G\u00fcltigkeitsdauer: Genie\u00dfen Sie eine 5 GB &#8211; 30 Tage G\u00fcltigkeitsdauer ab dem Tag der Aktivierung Ihrer eSIM.<\/p>\n<p>  \u2714\ufe0f Geschwindigkeit: Nutzen Sie die 3G\/4G-Konnektivit\u00e4t.<\/p>\n<p>  \u2714\ufe0f Plan Typ: Nur Daten. Bleiben Sie mit all Ihren Lieblings-Apps auf dem Laufenden und t\u00e4tigen Sie Anrufe \u00fcber Plattformen wie WhatsApp, Facebook und mehr.<\/p>\n<p>  \u2714\ufe0f Datenschutz: Wir respektieren Ihre Privatsph\u00e4re. Keine Identit\u00e4ts\u00fcberpr\u00fcfung erforderlich &#8211; erkunden Sie die Welt unter Wahrung Ihrer Anonymit\u00e4t.<\/p>\n<p>  \u2714\ufe0f Netzwerke: Unsere indonesische eSIM synchronisiert sich mit den lokalen Netzbetreibern und gew\u00e4hrleistet so eine ununterbrochene Netzabdeckung.<\/p>\n<p>  \u2714\ufe0f Abdeckung: Genie\u00dfen Sie eine fl\u00e4chendeckende Abdeckung an Ihrem Reiseziel.<\/p>\n<p>  \u2714\ufe0f Kompatibilit\u00e4t: Ausschlie\u00dflich f\u00fcr eSIM-unterst\u00fctzte, nicht gesperrte Ger\u00e4te entwickelt.<\/p>\n<p>  \u2714\ufe0f Lieferung: Nach dem Kauf erhalten Sie innerhalb von 24 Stunden per E-Mail Ihre individuelle eSIM und eine detaillierte Anleitung zur Einrichtung f\u00fcr iOS und Android. Scannen Sie einfach den QR-Code, um ihn zu aktivieren &#8211; so einfach ist das!<\/p>\n<p>  <strong>Was kann ich mit 5 GB &#8211; 30 Tagen Daten tun?<\/strong><br \/>\nMit unserem Datenpaket 5 GB &#8211; 30 Tage haben Sie mehr als genug Daten, um in Verbindung zu bleiben und das Beste aus Ihrer Reise zu machen. Hier sehen Sie, was Sie mit 5 GB &#8211; 30 Tagen Datenvolumen tun k\u00f6nnen:<br \/>\n<\/p>\n<p>Google Karte<br \/>\n13.421.772 Routen finden<\/p>\n<p>Spotify<br \/>\nH\u00f6ren Sie sich 1.024 Lieder an<\/p>\n<p>YouTube<br \/>\n1,4 Stunden Videos ansehen<\/p>\n<p>Facebook<br \/>\nErstellen Sie 2.560 Facebook-Beitr\u00e4ge<\/p>\n<p>Instagram<br \/>\n17.476 Instagram-Beitr\u00e4ge erstellen<\/p>\n<p>  *** Haftungsausschluss: Diese Sch\u00e4tzungen dienen nur als Referenz; die tats\u00e4chliche Datennutzung kann abweichen.<\/p>\n<p>  Laden Sie Ihre Reiseerinnerungen hoch und teilen Sie sie in den sozialen Medien, und bleiben Sie \u00fcber Videoanrufe mit Freunden und Familie in Verbindung.<\/p>\n<p>  Wir von eSIM4 haben es uns zur Aufgabe gemacht, die vertrauensw\u00fcrdigsten eSIM- und mobilen Internetl\u00f6sungen auf der ganzen Welt anzubieten.  <\/p>\n<p>  Wenn Sie Fragen haben oder Hilfe ben\u00f6tigen, z\u00f6gern Sie nicht, uns zu kontaktieren. Auf eine unverge\u00dfliche Reise! \ud83d\ude80<\/p>\n","protected":false},"excerpt":{"rendered":"<p>Hallo, Globetrotter! \ud83d\ude80 Bereiten Sie sich auf eine Reise in das versteckte Juwel der Welt, Indonesien, vor? Lassen Sie unsere 5 GB &#8211; 30 Tage eSIM Ihr zuverl\u00e4ssiger digitaler Verb\u00fcndeter sein, der sicherstellt, dass Sie auf Schritt und Tritt verbunden bleiben! Diese eSIM ist nicht mit einer Rufnummer ausgestattet.. Ob Sie beruflich oder privat unterwegs [&#8230;]\n","protected":false},"featured_media":59865,"template":"","meta":{"_acf_changed":false},"product_brand":[],"product_cat":[1181],"product_tag":[],"class_list":{"0":"post-59861","1":"product","2":"type-product","3":"status-publish","4":"has-post-thumbnail","6":"product_cat-indonesien","8":"first","9":"instock","10":"sale","11":"virtual","12":"purchasable","13":"product-type-simple"},"acf":[],"jetpack_sharing_enabled":true,"_links":{"self":[{"href":"https:\/\/www.esim4.com\/de\/wp-json\/wp\/v2\/product\/59861","targetHints":{"allow":["GET"]}}],"collection":[{"href":"https:\/\/www.esim4.com\/de\/wp-json\/wp\/v2\/product"}],"about":[{"href":"https:\/\/www.esim4.com\/de\/wp-json\/wp\/v2\/types\/product"}],"wp:featuredmedia":[{"embeddable":true,"href":"https:\/\/www.esim4.com\/de\/wp-json\/wp\/v2\/media\/59865"}],"wp:attachment":[{"href":"https:\/\/www.esim4.com\/de\/wp-json\/wp\/v2\/media?parent=59861"}],"wp:term":[{"taxonomy":"product_brand","embeddable":true,"href":"https:\/\/www.esim4.com\/de\/wp-json\/wp\/v2\/product_brand?post=59861"},{"taxonomy":"product_cat","embeddable":true,"href":"https:\/\/www.esim4.com\/de\/wp-json\/wp\/v2\/product_cat?post=59861"},{"taxonomy":"product_tag","embeddable":true,"href":"https:\/\/www.esim4.com\/de\/wp-json\/wp\/v2\/product_tag?post=59861"}],"curies":[{"name":"wp","href":"https:\/\/api.w.org\/{rel}","templated":true}]}}