{"id":47573,"date":"2023-04-13T10:11:02","date_gmt":"2023-04-13T00:11:02","guid":{"rendered":"https:\/\/www.esim4.com\/carrito\/"},"modified":"2024-09-11T03:39:02","modified_gmt":"2024-09-10T17:39:02","slug":"cart","status":"publish","type":"page","link":"https:\/\/www.esim4.com\/es\/cart\/","title":{"rendered":"Carrito"},"content":{"rendered":"\n\n<div class=\"row row-full-width align-middle align-center\"  id=\"row-1906809297\">\n\n\n\t<div id=\"col-1522006783\" class=\"col medium-4 small-12 large-4\"  >\n\t\t\t\t<div class=\"col-inner text-center\"  >\n\t\t\t\n\t\t\t\n\n\t<div class=\"img has-hover x md-x lg-x y md-y lg-y\" id=\"image_938554961\">\n\t\t\t\t\t\t\t\t<div class=\"img-inner dark\" >\n\t\t\t<img loading=\"lazy\" decoding=\"async\" width=\"600\" height=\"259\" src=\"https:\/\/www.esim4.com\/wp-content\/uploads\/2024\/08\/visualhunter-0d9dcab4598e19a1dc088fb4fdf94151.png\" class=\"attachment-large size-large\" alt=\"\" srcset=\"https:\/\/www.esim4.com\/wp-content\/uploads\/2024\/08\/visualhunter-0d9dcab4598e19a1dc088fb4fdf94151.png 600w, https:\/\/www.esim4.com\/wp-content\/uploads\/2024\/08\/visualhunter-0d9dcab4598e19a1dc088fb4fdf94151-510x220.png 510w\" sizes=\"auto, (max-width: 600px) 100vw, 600px\">\t\t\t\t\t\t\n\t\t\t\t\t<\/div>\n\t\t\t\t\t\t\t\t\n<style>\n#image_938554961 {\n  width: 50%;\n}\n<\/style>\n\t<\/div>\n\t\n\n\n\t\t<\/div>\n\t\t\t\t\t<\/div>\n\n\t\n\n<\/div>\n<div class=\"row row-collapse row-full-width\"  id=\"row-810479034\">\n\n\n\t<div id=\"col-1663920064\" class=\"col medium-4 small-12 large-4\"  >\n\t\t\t\t<div class=\"col-inner\"  >\n\t\t\t\n\t\t\t\n\n\t<div class=\"img has-hover x md-x lg-x y md-y lg-y\" id=\"image_1977434943\">\n\t\t\t\t\t\t\t\t<div class=\"img-inner dark\" >\n\t\t\t<img loading=\"lazy\" decoding=\"async\" width=\"246\" height=\"75\" src=\"https:\/\/www.esim4.com\/wp-content\/uploads\/2024\/08\/sdfsdf.png\" class=\"attachment-large size-large\" alt=\"\">\t\t\t\t\t\t\n\t\t\t\t\t<\/div>\n\t\t\t\t\t\t\t\t\n<style>\n#image_1977434943 {\n  width: 48%;\n}\n<\/style>\n\t<\/div>\n\t\n\n\t<div class=\"img has-hover x md-x lg-x y md-y lg-y\" id=\"image_1949823445\">\n\t\t\t\t\t\t\t\t<div class=\"img-inner dark\" >\n\t\t\t<img loading=\"lazy\" decoding=\"async\" width=\"530\" height=\"101\" src=\"https:\/\/www.esim4.com\/wp-content\/uploads\/2024\/08\/TP.png\" class=\"attachment-large size-large\" alt=\"\" srcset=\"https:\/\/www.esim4.com\/wp-content\/uploads\/2024\/08\/TP.png 530w, https:\/\/www.esim4.com\/wp-content\/uploads\/2024\/08\/TP-510x97.png 510w\" sizes=\"auto, (max-width: 530px) 100vw, 530px\">\t\t\t\t\t\t\n\t\t\t\t\t<\/div>\n\t\t\t\t\t\t\t\t\n<style>\n#image_1949823445 {\n  width: 30%;\n}\n<\/style>\n\t<\/div>\n\t\n\n<p><strong>Utilizado el esim4 esim para Croacia<\/strong><\/p>\n<p>Utiliza el esim4 esim para Croacia. Recib\u00ed el c\u00f3digo QR al instante de hacer el pedido y la activaci\u00f3n fue f\u00e1cil. Olvid\u00e9 activar la itinerancia en la nueva esim, pero su servicio de atenci\u00f3n al cliente me respondi\u00f3 al instante y me ayud\u00f3 mucho a identificar el problema. Tienen una aplicaci\u00f3n llamada Yabb para comprobar mi consumo de datos, recargar la esim, hacer llamadas y enviar SMS. En general, estoy muy contenta.<\/p>\n\n\t\t<\/div>\n\t\t\t\t\n<style>\n#col-1663920064 > .col-inner {\n  padding: 0px 15px 0px 0px;\n}\n<\/style>\n\t<\/div>\n\n\t\n\n\t<div id=\"col-1801008047\" class=\"col medium-4 small-12 large-4\"  >\n\t\t\t\t<div class=\"col-inner\"  >\n\t\t\t\n\t\t\t\n\n\t<div class=\"img has-hover x md-x lg-x y md-y lg-y\" id=\"image_337836962\">\n\t\t\t\t\t\t\t\t<div class=\"img-inner dark\" >\n\t\t\t<img loading=\"lazy\" decoding=\"async\" width=\"240\" height=\"67\" src=\"https:\/\/www.esim4.com\/wp-content\/uploads\/2024\/08\/Screenshot-2024-08-29-173643-jpg.webp\" class=\"attachment-large size-large\" alt=\"\">\t\t\t\t\t\t\n\t\t\t\t\t<\/div>\n\t\t\t\t\t\t\t\t\n<style>\n#image_337836962 {\n  width: 44%;\n}\n<\/style>\n\t<\/div>\n\t\n\n\t<div class=\"img has-hover x md-x lg-x y md-y lg-y\" id=\"image_279015811\">\n\t\t\t\t\t\t\t\t<div class=\"img-inner dark\" >\n\t\t\t<img loading=\"lazy\" decoding=\"async\" width=\"530\" height=\"101\" src=\"https:\/\/www.esim4.com\/wp-content\/uploads\/2024\/08\/TP.png\" class=\"attachment-large size-large\" alt=\"\" srcset=\"https:\/\/www.esim4.com\/wp-content\/uploads\/2024\/08\/TP.png 530w, https:\/\/www.esim4.com\/wp-content\/uploads\/2024\/08\/TP-510x97.png 510w\" sizes=\"auto, (max-width: 530px) 100vw, 530px\">\t\t\t\t\t\t\n\t\t\t\t\t<\/div>\n\t\t\t\t\t\t\t\t\n<style>\n#image_279015811 {\n  width: 30%;\n}\n<\/style>\n\t<\/div>\n\t\n\n<p><strong>La velocidad de datos era superior a la de mi operador local<\/strong><\/p>\n<p>Compr\u00e9 una esim de 1 GB &#8211; 7 d\u00edas para mi viaje a Jap\u00f3n en su sitio web. El c\u00f3digo QR para instalar el Esim me lleg\u00f3 por correo electr\u00f3nico unos minutos despu\u00e9s de hacer el pedido. Instal\u00e9 la esim en mi m\u00f3vil en Australia antes de irme a Tokio y cuando llegu\u00e9 mi tel\u00e9fono mostraba que ten\u00eda conexi\u00f3n de datos con Docomo. La conexi\u00f3n nunca se cort\u00f3 durante mis vacaciones de 5 d\u00edas en Jap\u00f3n y la velocidad era superior a la que obten\u00eda con mi operador australiano.<\/p>\n\n\t\t<\/div>\n\t\t\t\t\n<style>\n#col-1801008047 > .col-inner {\n  padding: 0px 15px 0px 0px;\n}\n<\/style>\n\t<\/div>\n\n\t\n\n\t<div id=\"col-649194542\" class=\"col medium-4 small-12 large-4\"  >\n\t\t\t\t<div class=\"col-inner\"  >\n\t\t\t\n\t\t\t\n\n\t<div class=\"img has-hover x md-x lg-x y md-y lg-y\" id=\"image_809098158\">\n\t\t\t\t\t\t\t\t<div class=\"img-inner dark\" >\n\t\t\t<img loading=\"lazy\" decoding=\"async\" width=\"295\" height=\"66\" src=\"https:\/\/www.esim4.com\/wp-content\/uploads\/2024\/08\/Screenshot-2024-08-29-173706-jpg.webp\" class=\"attachment-large size-large\" alt=\"\">\t\t\t\t\t\t\n\t\t\t\t\t<\/div>\n\t\t\t\t\t\t\t\t\n<style>\n#image_809098158 {\n  width: 52%;\n}\n<\/style>\n\t<\/div>\n\t\n\n\t<div class=\"img has-hover x md-x lg-x y md-y lg-y\" id=\"image_144916708\">\n\t\t\t\t\t\t\t\t<div class=\"img-inner dark\" >\n\t\t\t<img loading=\"lazy\" decoding=\"async\" width=\"530\" height=\"101\" src=\"https:\/\/www.esim4.com\/wp-content\/uploads\/2024\/08\/TP.png\" class=\"attachment-large size-large\" alt=\"\" srcset=\"https:\/\/www.esim4.com\/wp-content\/uploads\/2024\/08\/TP.png 530w, https:\/\/www.esim4.com\/wp-content\/uploads\/2024\/08\/TP-510x97.png 510w\" sizes=\"auto, (max-width: 530px) 100vw, 530px\">\t\t\t\t\t\t\n\t\t\t\t\t<\/div>\n\t\t\t\t\t\t\t\t\n<style>\n#image_144916708 {\n  width: 30%;\n}\n<\/style>\n\t<\/div>\n\t\n\n<p><strong>M\u00e1s r\u00e1pido que el Wifi de los hoteles en Vietnam<\/strong><\/p>\n<p>Viaj\u00f3 desde EEUU a Singapur, Malasia, Hong Kong, Taiw\u00e1n, Jap\u00f3n, Tailandia y Vietnam. Al principio, compraba una eSIM para cada pa\u00eds cuando aterrizaba, pero no agotaba todos los datos antes de partir hacia el siguiente destino. En Hong Kong, compr\u00e9 su eSIM para Asia, que se puede utilizar para todos los pa\u00edses que pensaba visitar, as\u00ed que no gast\u00e9 datos no utilizados. Estoy en el intercontinental de Danang, Vietnam, y la velocidad de esa eSIM es m\u00e1s r\u00e1pida que el Wifi del hotel.<\/p>\n\n\t\t<\/div>\n\t\t\t\t\n<style>\n#col-649194542 > .col-inner {\n  padding: 0px 15px 0px 0px;\n}\n<\/style>\n\t<\/div>\n\n\t\n\n<\/div>\n\n","protected":false},"excerpt":{"rendered":"","protected":false},"author":1,"featured_media":0,"parent":0,"menu_order":0,"comment_status":"closed","ping_status":"closed","template":"","meta":{"_acf_changed":false,"footnotes":""},"class_list":["post-47573","page","type-page","status-publish","hentry"],"acf":[],"jetpack_sharing_enabled":true,"_links":{"self":[{"href":"https:\/\/www.esim4.com\/es\/wp-json\/wp\/v2\/pages\/47573","targetHints":{"allow":["GET"]}}],"collection":[{"href":"https:\/\/www.esim4.com\/es\/wp-json\/wp\/v2\/pages"}],"about":[{"href":"https:\/\/www.esim4.com\/es\/wp-json\/wp\/v2\/types\/page"}],"author":[{"embeddable":true,"href":"https:\/\/www.esim4.com\/es\/wp-json\/wp\/v2\/users\/1"}],"replies":[{"embeddable":true,"href":"https:\/\/www.esim4.com\/es\/wp-json\/wp\/v2\/comments?post=47573"}],"version-history":[{"count":1,"href":"https:\/\/www.esim4.com\/es\/wp-json\/wp\/v2\/pages\/47573\/revisions"}],"predecessor-version":[{"id":47577,"href":"https:\/\/www.esim4.com\/es\/wp-json\/wp\/v2\/pages\/47573\/revisions\/47577"}],"wp:attachment":[{"href":"https:\/\/www.esim4.com\/es\/wp-json\/wp\/v2\/media?parent=47573"}],"curies":[{"name":"wp","href":"https:\/\/api.w.org\/{rel}","templated":true}]}}