{"id":47615,"date":"2023-04-26T02:06:07","date_gmt":"2023-04-25T16:06:07","guid":{"rendered":"https:\/\/www.esim4.com\/terminos-y-condiciones\/"},"modified":"2024-09-11T03:22:34","modified_gmt":"2024-09-10T17:22:34","slug":"terminos-y-condiciones","status":"publish","type":"page","link":"https:\/\/www.esim4.com\/es\/terminos-y-condiciones\/","title":{"rendered":"T\u00e9rminos y condiciones+"},"content":{"rendered":"\n  <div id=\"page-header-1983355151\" class=\"page-header-wrapper\">\n  <div class=\"page-title light simple-title\">\n\n    \n    <div class=\"page-title-inner container align-center text-center flex-row-col medium-flex-wrap\" >\n              <div class=\"title-wrapper flex-col\">\n          <h1 class=\"entry-title mb-0\">\n            T\u00e9rminos y condiciones+          <\/h1>\n        <\/div>\n                    <div class=\"title-content flex-col\">\n        <div class=\"title-breadcrumbs pb-half pt-half\"><nav class=\"woocommerce-breadcrumb breadcrumbs uppercase\">Inicio<\/nav><\/div>      <\/div>\n    <\/div>\n\n       <\/div>\n    <\/div>\n  \n\n<p>Estas Condiciones (\u00abCondiciones\u00bb) regulan tu acceso y uso de los servicios eSIM de Bay Call Pty Limited (los \u00abServicios\u00bb) prestados por Bay Call Pty Limited.\nABN 60 104 926 678 (\u00abBay Call Pty Limited\u00bb, \u00abnosotros\u00bb, \u00abnos\u00bb o \u00abnuestro\u00bb).\nAl acceder o utilizar los Servicios, aceptas quedar vinculado por estas Condiciones.\nSi no est\u00e1s de acuerdo con alguna parte de estas Condiciones, no debes acceder ni utilizar nuestros Servicios.   <\/p>\n<p><strong>Servicios<\/strong><\/p>\n<p>Bay Call Pty Limited ofrece una plataforma de compra y gesti\u00f3n de tarjetas SIM electr\u00f3nicas (eSIM) para dispositivos m\u00f3viles como revendedor de eSIM de prepago.\nNuestros Servicios incluyen la venta de perfiles de eSIM y servicios asociados, como la gesti\u00f3n de planes y la atenci\u00f3n al cliente, prestados por terceros operadores y proveedores de servicios. <\/p>\n<p><strong>Requisitos e inscripci\u00f3n<\/strong><br>Para utilizar nuestros Servicios, debes tener al menos 18 a\u00f1os y ser capaz de formalizar contratos legalmente vinculantes seg\u00fan la legislaci\u00f3n aplicable. Es posible que tengas que registrarte para obtener una cuenta para acceder a determinadas funciones de nuestros Servicios. Aceptas proporcionar informaci\u00f3n precisa y completa durante el registro y mantener actualizada la informaci\u00f3n de tu cuenta. Eres responsable de mantener la confidencialidad de tu cuenta y contrase\u00f1a y de restringir el acceso a tu ordenador o dispositivo m\u00f3vil.<\/p>\n<p><strong>Compras<\/strong><br>Cuando realizas una compra a trav\u00e9s de nuestros Servicios, te comprometes a proporcionar informaci\u00f3n de pago v\u00e1lida y actualizada. Declaras y garantizas que tienes derecho legal a utilizar el m\u00e9todo o m\u00e9todos de pago proporcionados. Nos reservamos el derecho a rechazar, cancelar o modificar tu pedido por cualquier motivo, incluidos, entre otros, la disponibilidad del producto o servicio, errores en la descripci\u00f3n o el precio, u otras razones.<\/p>\n<p><strong>Compatibilidad de dispositivos<\/strong><br>Los perfiles eSIM de Bay Call Pty Limited son compatibles con determinados dispositivos y operadores. Es tu responsabilidad asegurarte de que tu dispositivo es compatible con el perfil eSIM y los servicios asociados antes de comprarlo. No nos hacemos responsables de los problemas de incompatibilidad que surjan tras la compra de un perfil eSIM.<\/p>\n<p><strong>No se admiten devoluciones<\/strong><br>Todas las ventas de perfiles eSIM son definitivas y no reembolsables. En caso de que un perfil de eSIM adquirido no sea compatible con tu dispositivo u operador, puedes ponerte en contacto con nuestro equipo de atenci\u00f3n al cliente para obtener ayuda. Sin embargo, no garantizamos que podamos proporcionar una soluci\u00f3n o un reembolso en tales casos.<\/p>\n<p><strong>Limitaci\u00f3n de responsabilidad<\/strong><br>En la medida en que la ley lo permita, Bay Call Pty Limited y sus filiales, directivos, directores, empleados, agentes y licenciantes no ser\u00e1n responsables de ning\u00fan da\u00f1o indirecto, incidental, especial, consecuente o punitivo, ni de ninguna p\u00e9rdida de beneficios, datos, uso o fondo de comercio, que resulte de tu acceso a los Servicios o de tu incapacidad para acceder a ellos o utilizarlos, de cualquier conducta o contenido de terceros en los Servicios, de cualquier contenido obtenido de los Servicios o del acceso, uso o alteraci\u00f3n no autorizados de tus transmisiones o contenidos.<\/p>\n<p><strong>Ley aplicable y jurisdicci\u00f3n<\/strong><br>Estas Condiciones se rigen e interpretan de acuerdo con las leyes de Australia, sin tener en cuenta sus disposiciones sobre conflicto de leyes. Aceptas someterte a la jurisdicci\u00f3n personal de los tribunales ubicados en Australia con el fin de litigar todas las disputas que surjan o est\u00e9n relacionadas con estas Condiciones o con tu uso de los Servicios.<\/p>\n<p><strong>Cambios en las condiciones<\/strong><br>Nos reservamos el derecho a modificar estas Condiciones en cualquier momento. Te notificaremos los cambios materiales publicando las Condiciones actualizadas en nuestro sitio web. Tu uso continuado de los Servicios tras la fecha de entrada en vigor de las Condiciones actualizadas constituye tu aceptaci\u00f3n de los cambios.<\/p>\n<p><strong>Propiedad intelectual<\/strong><br>Todos los derechos de propiedad intelectual de los Servicios, incluidos, entre otros, los derechos de autor, las marcas comerciales y las patentes, son propiedad de Bay Call Pty Limited o de sus licenciantes. No puedes utilizar ninguno de nuestros derechos de propiedad intelectual sin nuestro consentimiento previo por escrito.<\/p>\n<p><strong>Indemnizaci\u00f3n<\/strong><br>Aceptas indemnizar, defender y eximir de toda responsabilidad a Bay Call Pty Limited y sus filiales<\/p>\n<p>, funcionarios, directores, empleados, agentes y licenciantes de y contra cualquier reclamaci\u00f3n, da\u00f1o, obligaci\u00f3n, p\u00e9rdida, responsabilidad, coste y gasto (incluidos los honorarios razonables de abogados) que surjan de o est\u00e9n relacionados con:\n(a) tu acceso o uso de los Servicios;\n(b) tu incumplimiento de estas Condiciones; o\n(c) cualquier infracci\u00f3n de las leyes o normativas aplicables.   <\/p>\n<p><strong>Terminaci\u00f3n<\/strong><\/p>\n<p>Podemos rescindir o suspender tu acceso a los Servicios en cualquier momento, sin previo aviso ni responsabilidad, por cualquier motivo, incluido, entre otros, el incumplimiento de estas Condiciones por tu parte.\nEn el momento de la rescisi\u00f3n, cesar\u00e1 inmediatamente tu derecho a utilizar los Servicios.\nSi deseas cancelar tu cuenta, puedes simplemente dejar de utilizar los Servicios.\nCualquier disposici\u00f3n de estas Condiciones que, por su naturaleza, deba sobrevivir a la rescisi\u00f3n, sobrevivir\u00e1 a la rescisi\u00f3n, incluyendo, sin limitaci\u00f3n, las disposiciones de propiedad, renuncias de garant\u00eda, indemnizaci\u00f3n y limitaciones de responsabilidad.   <\/p>\n<p><strong>Divisibilidad<\/strong><\/p>\n<p>Si alguna disposici\u00f3n de estas Condiciones se considera inaplicable o inv\u00e1lida, dicha disposici\u00f3n se limitar\u00e1 o eliminar\u00e1 en la medida m\u00ednima necesaria para que, por lo dem\u00e1s, las Condiciones sigan siendo plenamente vigentes y aplicables.<\/p>\n<p><strong>Acuerdo completo<\/strong><\/p>\n<p>Estas Condiciones y cualesquiera pol\u00edticas o normas de funcionamiento publicadas por nosotros en nuestro sitio web o con respecto a los Servicios constituyen el acuerdo y entendimiento \u00edntegro entre t\u00fa y nosotros y rigen tu uso de los Servicios, sustituyendo a cualesquiera acuerdos, comunicaciones y propuestas anteriores o contempor\u00e1neos, ya sean orales o escritos, entre t\u00fa y nosotros (incluyendo, pero sin limitarse a, cualesquiera versiones anteriores de las Condiciones).<\/p>\n<p><strong>Asignaci\u00f3n<\/strong><\/p>\n<p>No puedes ceder, transferir o sublicenciar estas Condiciones sin nuestro consentimiento previo por escrito.\nNosotros podemos ceder, transferir o sublicenciar estas Condiciones sin restricciones. <\/p>\n<p><strong>No Renuncia<\/strong><\/p>\n<p>El hecho de que no hagamos valer cualquier derecho o disposici\u00f3n de estas Condiciones no se considerar\u00e1 una renuncia a dichos derechos.\nLa renuncia a cualquiera de dichos derechos o disposiciones s\u00f3lo ser\u00e1 efectiva si se realiza por escrito y est\u00e1 firmada por un representante debidamente autorizado de Bay Call Pty Limited.\nSalvo que se establezca expresamente en estas Condiciones, el ejercicio por cualquiera de las partes de cualquiera de sus recursos en virtud de estas Condiciones se realizar\u00e1 sin perjuicio de sus otros recursos en virtud de estas Condiciones o de cualquier otro modo.  <\/p>\n<p><strong>Contacta con nosotros<\/strong><\/p>\n<p>Si tienes alguna pregunta sobre estas Condiciones, ponte en contacto con nosotros en sales@esim4.com.<\/p>\n\n\n","protected":false},"excerpt":{"rendered":"","protected":false},"author":1,"featured_media":0,"parent":0,"menu_order":0,"comment_status":"closed","ping_status":"closed","template":"","meta":{"_acf_changed":false,"footnotes":""},"class_list":["post-47615","page","type-page","status-publish","hentry"],"acf":[],"jetpack_sharing_enabled":true,"_links":{"self":[{"href":"https:\/\/www.esim4.com\/es\/wp-json\/wp\/v2\/pages\/47615","targetHints":{"allow":["GET"]}}],"collection":[{"href":"https:\/\/www.esim4.com\/es\/wp-json\/wp\/v2\/pages"}],"about":[{"href":"https:\/\/www.esim4.com\/es\/wp-json\/wp\/v2\/types\/page"}],"author":[{"embeddable":true,"href":"https:\/\/www.esim4.com\/es\/wp-json\/wp\/v2\/users\/1"}],"replies":[{"embeddable":true,"href":"https:\/\/www.esim4.com\/es\/wp-json\/wp\/v2\/comments?post=47615"}],"version-history":[{"count":2,"href":"https:\/\/www.esim4.com\/es\/wp-json\/wp\/v2\/pages\/47615\/revisions"}],"predecessor-version":[{"id":75908,"href":"https:\/\/www.esim4.com\/es\/wp-json\/wp\/v2\/pages\/47615\/revisions\/75908"}],"wp:attachment":[{"href":"https:\/\/www.esim4.com\/es\/wp-json\/wp\/v2\/media?parent=47615"}],"curies":[{"name":"wp","href":"https:\/\/api.w.org\/{rel}","templated":true}]}}