{"id":47652,"date":"2023-05-05T01:17:53","date_gmt":"2023-05-04T15:17:53","guid":{"rendered":"https:\/\/www.esim4.com\/guia-de-instalacion-para-android\/"},"modified":"2024-09-17T18:37:46","modified_gmt":"2024-09-17T08:37:46","slug":"guia-de-instalacion-para-android","status":"publish","type":"page","link":"https:\/\/www.esim4.com\/es\/guia-de-instalacion-para-android\/","title":{"rendered":"Gu\u00eda de instalaci\u00f3n para Android"},"content":{"rendered":"\n  <div id=\"page-header-909156795\" class=\"page-header-wrapper\">\n  <div class=\"page-title light simple-title\">\n\n    \n    <div class=\"page-title-inner container align-center text-center flex-row-col medium-flex-wrap\" >\n              <div class=\"title-wrapper flex-col\">\n          <h1 class=\"entry-title mb-0\">\n            Gu\u00eda de instalaci\u00f3n para Android          <\/h1>\n        <\/div>\n                    <div class=\"title-content flex-col\">\n        <div class=\"title-breadcrumbs pb-half pt-half\"><nav class=\"woocommerce-breadcrumb breadcrumbs uppercase\">Inicio<\/nav><\/div>      <\/div>\n    <\/div>\n\n       <\/div>\n    <\/div>\n  \n\n<p><span style=\"font-weight: 400;\">El proceso puede variar en funci\u00f3n de la configuraci\u00f3n de tu dispositivo y de tu idioma.<\/span><\/p>\n<p><b>Informaci\u00f3n importante:<\/b><\/p>\n<p><span style=\"font-weight: 400;\">&#8211; Aseg\u00farate de que tu dispositivo es compatible con eSIM y est\u00e1 desbloqueado de la red.<\/span><span style=\"font-weight: 400;\"><br><\/span><span style=\"font-weight: 400;\">&#8211; Con\u00e9ctate a una red Wi-Fi potente para activar correctamente la eSIM.<\/span><span style=\"font-weight: 400;\"><br><\/span><span style=\"font-weight: 400;\">&#8211; El periodo de validez de la eSIM comienza en el momento de la instalaci\u00f3n.<\/span><span style=\"font-weight: 400;\"><br><\/span><span style=\"font-weight: 400;\">&#8211; No extraigas la eSIM, ya que no se puede reinstalar ni regenerar.<\/span><\/p>\n<p><span style=\"font-weight: 400;\">Paso 1: A\u00f1ade una eSIM desde los Ajustes de tu dispositivo.<\/span><\/p>\n<p><span style=\"font-weight: 400;\">Navega hasta {Configuraci\u00f3n } &gt; { Conexiones } &gt; { Gestor de la tarjeta SIM }.  <br><\/span><\/p>\n<p><span style=\"font-weight: 400;\">Paso 2: Elige { A\u00f1adir plan m\u00f3vil } para instalar la eSIM.<\/span><\/p>\n<p><span style=\"font-weight: 400;\">Selecciona { A\u00f1adir plan m\u00f3vil } &gt; Toca { Escanear c\u00f3digo QR del operador }.<\/span><\/p>\n<p><span style=\"font-weight: 400;\">Paso 3: Instala la eSIM utilizando el c\u00f3digo QR o la instalaci\u00f3n manual.<\/span><\/p>\n<p><span style=\"font-weight: 400;\">Escanea el c\u00f3digo QR o introduce manualmente los datos de tu eSIM que se encuentran en el correo electr\u00f3nico.<\/span><\/p>\n<p><span style=\"font-weight: 400;\">Aseg\u00farate de tener una conexi\u00f3n Wi-Fi potente para activar correctamente la eSIM.<\/span><\/p>\n<p><span style=\"font-weight: 400;\">Paso 4: Espera a que se complete la activaci\u00f3n de la eSIM.<\/span><\/p>\n<p><span style=\"font-weight: 400;\">Tu eSIM se conectar\u00e1 a la red; esto puede tardar varios minutos.<\/span><\/p>\n<p><span style=\"font-weight: 400;\">Paso 5: Etiqueta tu eSIM.<\/span><\/p>\n<p><span style=\"font-weight: 400;\">Despu\u00e9s de a\u00f1adir la eSIM, etiqu\u00e9tala para facilitar su gesti\u00f3n.<\/span><\/p>\n<p><span style=\"font-weight: 400;\">Ve a {Configuraci\u00f3n } &gt; { Conexiones } &gt; { Gestor de tarjetas SIM } &gt; Elige el perfil eSIM &gt; Toca { Nombre } &gt; Introduce una etiqueta personalizada, como \u00ab{ Destino } &#8211; eSIM\u00bb.<\/span><\/p>\n<p><span style=\"font-weight: 400;\">\u00a1La instalaci\u00f3n se ha completado!<\/span><span style=\"font-weight: 400;\"><br><\/span><span style=\"font-weight: 400;\">Ya est\u00e1s casi listo para utilizar los datos.<\/span><\/p>\n<p><b>C\u00f3mo acceder a los datos<\/b><\/p>\n<p><span style=\"font-weight: 400;\">Paso 1: Habilita tu perfil eSIM.<\/span><\/p>\n<p><span style=\"font-weight: 400;\">Navega hasta {Configuraci\u00f3n } &gt; { Conexiones } &gt; { Gestor de tarjetas SIM } &gt; Activa tu eSIM.<\/span><\/p>\n<p><span style=\"font-weight: 400;\">Paso 2: Activa { Itinerancia de Datos } s\u00f3lo para tu perfil eSIM.<\/span><\/p>\n<p><span style=\"font-weight: 400;\">Ve a {Configuraci\u00f3n } &gt; { Conexiones } &gt; { Redes m\u00f3viles } &gt; Activa la \u00abItinerancia de datos\u00bb.<\/span><\/p>\n<p><span style=\"font-weight: 400;\">Paso 3: Selecciona tu perfil eSIM en {Datos M\u00f3viles}.<\/span><\/p>\n<p><span style=\"font-weight: 400;\">Navega hasta {Configuraci\u00f3n } &gt; { Conexiones } &gt; Pulsa { Datos m\u00f3viles } &gt; Elige tu perfil eSIM.<\/span><\/p>\n<p><span style=\"font-weight: 400;\">Desactiva \u00abConmutaci\u00f3n autom\u00e1tica de datos\u00bb para evitar cargos por itinerancia no deseados de tu operador nacional.<\/span><\/p>\n<p><b>Soluci\u00f3n de problemas | No se puede acceder a Internet<\/b><b><br><\/b><span style=\"font-weight: 400;\">Si has instalado la eSIM correctamente pero no puedes acceder a Internet, prueba los siguientes pasos para solucionar el problema. NO quites la eSIM, ya que generalmente no se puede reinstalar ni regenerar.<\/span><\/p>\n<ol>\n<li><span style=\"font-weight: 400;\">  Selecciona manualmente una red.<\/span><\/li>\n<\/ol>\n<p><span style=\"font-weight: 400;\">Ve a {Configuraci\u00f3n } &gt; { Conexiones } &gt; { Redes m\u00f3viles } &gt; { Operadores de red }.<\/span><span style=\"font-weight: 400;\"><br><\/span><span style=\"font-weight: 400;\">Desactiva el modo autom\u00e1tico y toca Aceptar para iniciar una b\u00fasqueda de red.<\/span><\/p>\n<p><span style=\"font-weight: 400;\">Cuando aparezca la lista de redes disponibles, selecciona una de ellas.<\/span><\/p>\n<ol start=\"2\">\n<li><span style=\"font-weight: 400;\">  Configura el APN manualmente, si es accesible.<\/span><\/li>\n<\/ol>\n<p><span style=\"font-weight: 400;\">Ve a {Configuraci\u00f3n } &gt; { Conexiones }.<\/span><span style=\"font-weight: 400;\"><br><\/span><span style=\"font-weight: 400;\">Selecciona { Red m\u00f3vil } &gt; Pulsa { Nombres de los puntos de acceso } (o selecciona { Avanzado } y luego pulsa { Nombres de puntos de acceso }).<\/span><span style=\"font-weight: 400;\"><br><\/span><span style=\"font-weight: 400;\">Haz clic en \u00abA\u00f1adir\u00bb.<\/span><span style=\"font-weight: 400;\"><br><\/span><span style=\"font-weight: 400;\">Introduce la APA de tu correo electr\u00f3nico y gu\u00e1rdala.<\/span><span style=\"font-weight: 400;\"><br><\/span><span style=\"font-weight: 400;\">Elige el APN que acabas de crear.<\/span><span style=\"font-weight: 400;\"><br><\/span><span style=\"font-weight: 400;\">Reinicia tu dispositivo.<\/span><\/p>\n\n","protected":false},"excerpt":{"rendered":"","protected":false},"author":1,"featured_media":0,"parent":0,"menu_order":0,"comment_status":"closed","ping_status":"closed","template":"","meta":{"_acf_changed":false,"footnotes":""},"class_list":["post-47652","page","type-page","status-publish","hentry"],"acf":[],"jetpack_sharing_enabled":true,"_links":{"self":[{"href":"https:\/\/www.esim4.com\/es\/wp-json\/wp\/v2\/pages\/47652","targetHints":{"allow":["GET"]}}],"collection":[{"href":"https:\/\/www.esim4.com\/es\/wp-json\/wp\/v2\/pages"}],"about":[{"href":"https:\/\/www.esim4.com\/es\/wp-json\/wp\/v2\/types\/page"}],"author":[{"embeddable":true,"href":"https:\/\/www.esim4.com\/es\/wp-json\/wp\/v2\/users\/1"}],"replies":[{"embeddable":true,"href":"https:\/\/www.esim4.com\/es\/wp-json\/wp\/v2\/comments?post=47652"}],"version-history":[{"count":6,"href":"https:\/\/www.esim4.com\/es\/wp-json\/wp\/v2\/pages\/47652\/revisions"}],"predecessor-version":[{"id":76283,"href":"https:\/\/www.esim4.com\/es\/wp-json\/wp\/v2\/pages\/47652\/revisions\/76283"}],"wp:attachment":[{"href":"https:\/\/www.esim4.com\/es\/wp-json\/wp\/v2\/media?parent=47652"}],"curies":[{"name":"wp","href":"https:\/\/api.w.org\/{rel}","templated":true}]}}