{"id":47656,"date":"2023-05-05T01:09:19","date_gmt":"2023-05-04T15:09:19","guid":{"rendered":"https:\/\/www.esim4.com\/guia-de-instalacion-para-ios\/"},"modified":"2024-09-17T18:41:16","modified_gmt":"2024-09-17T08:41:16","slug":"guia-de-instalacion-para-ios","status":"publish","type":"page","link":"https:\/\/www.esim4.com\/es\/guia-de-instalacion-para-ios\/","title":{"rendered":"Gu\u00eda de instalaci\u00f3n para iOS"},"content":{"rendered":"\n  <div id=\"page-header-1247751101\" class=\"page-header-wrapper\">\n  <div class=\"page-title light simple-title\">\n\n    \n    <div class=\"page-title-inner container align-center text-center flex-row-col medium-flex-wrap\" >\n              <div class=\"title-wrapper flex-col\">\n          <h1 class=\"entry-title mb-0\">\n            Gu\u00eda de instalaci\u00f3n para iOS          <\/h1>\n        <\/div>\n                    <div class=\"title-content flex-col\">\n        <div class=\"title-breadcrumbs pb-half pt-half\"><nav class=\"woocommerce-breadcrumb breadcrumbs uppercase\">Inicio<\/nav><\/div>      <\/div>\n    <\/div>\n\n       <\/div>\n    <\/div>\n  \n\n\t<div id=\"gap-2128736541\" class=\"gap-element clearfix\" style=\"display:block; height:auto;\">\n\t\t\n<style>\n#gap-2128736541 {\n  padding-top: 30px;\n}\n<\/style>\n\t<\/div>\n\t\n\n<div class=\"row\"  id=\"row-1348242586\">\n\n\n\t<div id=\"col-1854843624\" class=\"col medium-6 small-12 large-6\"  >\n\t\t\t\t<div class=\"col-inner\"  >\n\t\t\t\n\t\t\t\n\n<p><span style=\"font-weight: 400;\">Sigue estas instrucciones, que pueden variar en funci\u00f3n de la configuraci\u00f3n de tu dispositivo y de tu idioma.<\/span><\/p>\n<p><b>Informaci\u00f3n importante:<\/b><\/p>\n<p><span style=\"font-weight: 400;\">&#8211; Aseg\u00farate de que tu dispositivo es compatible con eSIM y est\u00e1 desbloqueado de la red.<br><\/span><span style=\"font-weight: 400;\">&#8211; Con\u00e9ctate a una red Wi-Fi potente para activar correctamente la eSIM.<br><\/span><span style=\"font-weight: 400;\">&#8211; Ten en cuenta que la validez de la eSIM comienza en el momento de la instalaci\u00f3n.<br><\/span><span style=\"font-weight: 400;\">&#8211; No extraigas la eSIM, ya que no se puede reinstalar ni regenerar.<\/span><\/p>\n<p><span style=\"font-weight: 400;\">  1.  <\/span><span style=\"color: #333333;\">A\u00f1adir una eSIM desde la configuraci\u00f3n de tu dispositivo.<\/span><\/p>\n<p><span style=\"font-weight: 400;\"> <\/span><span style=\"font-weight: 400;\">Navega hasta {Configuraci\u00f3n } &gt; { M\u00f3vil\/Datos m\u00f3viles } &gt; { A\u00f1adir eSIM\/Plan de Datos }<\/span><\/p>\n<p><span style=\"color: #333333;\">2. Elige la opci\u00f3n del c\u00f3digo QR para instalar la eSIM.<\/span><\/p>\n<p><span style=\"font-weight: 400;\">Para dispositivos con iOS 16 o superior, selecciona { Usar c\u00f3digo QR }. De lo contrario, pasa al siguiente paso.<\/span><\/p>\n<p><span style=\"color: #333333;\">3.Instala la eSIM utilizando un c\u00f3digo QR o introduci\u00e9ndola manualmente.<\/span><\/p>\n<p><span style=\"font-weight: 400;\"> <\/span><span style=\"font-weight: 400;\">Escanea el c\u00f3digo QR o introduce manualmente la informaci\u00f3n de tu eSIM, que encontrar\u00e1s en tu correo electr\u00f3nico.<\/span><\/p>\n<p><span style=\"font-weight: 400;\"> <\/span><span style=\"font-weight: 400;\">Aseg\u00farate de tener una conexi\u00f3n Wi-Fi potente para activar correctamente la eSIM.<\/span><\/p>\n<p><span style=\"font-weight: 400;\">4. Esperando la activaci\u00f3n de la eSIM.<\/span><\/p>\n<p><span style=\"font-weight: 400;\"> <\/span><span style=\"font-weight: 400;\">La eSIM se conectar\u00e1 a la red, lo que puede tardar unos minutos.\nUna vez conectada, pulsa \u00abListo\u00bb. <\/span><\/p>\n<p><span style=\"font-weight: 400;\">5. <\/span><span style=\"color: #333333;\">Etiquetar tu eSIM.<\/span><\/p>\n<p><span style=\"font-weight: 400;\">Despu\u00e9s de a\u00f1adir tu eSIM, etiqu\u00e9tala para facilitar la gesti\u00f3n de tus perfiles.<\/span><\/p>\n<p><span style=\"font-weight: 400;\">Ve a {Configuraci\u00f3n } &gt; { M\u00f3vil\/Datos m\u00f3viles } &gt; perfil eSIM &gt; { Etiqueta del plan celular } &gt; Escribe una etiqueta personalizada (por ejemplo, { Destino } &#8211; eSIM ).<\/span><\/p>\n<p><span style=\"font-weight: 400;\">\u00a1La instalaci\u00f3n se ha completado!\nYa est\u00e1s casi listo para utilizar los datos. <\/span><\/p>\n<p><span style=\"font-weight: 400;\"> <\/span><\/p>\n<p><b>Acceder a los datos:<\/b><\/p>\n<p><span style=\"font-weight: 400;\">1. Habilita el perfil eSIM.<\/span><\/p>\n<p><span style=\"font-weight: 400;\">Navega hasta {Configuraci\u00f3n } &gt; { M\u00f3vil\/Datos m\u00f3viles } &gt; Perfil eSIM &gt; Activa \u00abActivar esta l\u00ednea\u00bb.<\/span><\/p>\n<p><span style=\"font-weight: 400;\">2. Activa { Itinerancia de datos } s\u00f3lo para tu perfil eSIM.<\/span><\/p>\n<p><span style=\"font-weight: 400;\">Ve a {Configuraci\u00f3n } &gt; { M\u00f3vil\/Datos m\u00f3viles } &gt; Perfil eSIM &gt; Activa la \u00abItinerancia de datos\u00bb.<\/span><\/p>\n<p><span style=\"font-weight: 400;\">3. Elige tu perfil eSIM para { Datos Celulares }.<\/span><\/p>\n<p><span style=\"font-weight: 400;\">Navega hasta {Configuraci\u00f3n } &gt; { Datos M\u00f3viles } &gt; { Datos m\u00f3viles } &gt; Selecciona tu perfil eSIM.<\/span><\/p>\n<p><span style=\"font-weight: 400;\">Desactiva \u00abPermitir cambio de datos m\u00f3viles\u00bb para evitar cargos innecesarios por itinerancia de tu operador nacional.<\/span><\/p>\n<p><span style=\"font-weight: 400;\"> <\/span><\/p>\n<p><b>Soluci\u00f3n de problemas: No hay acceso a Internet<\/b><\/p>\n<p><span style=\"font-weight: 400;\">Si has instalado correctamente la eSIM pero sigues sin poder acceder a Internet, prueba lo siguiente:<\/span><\/p>\n<p><span style=\"font-weight: 400;\">&#8211; No extraigas la eSIM, ya que no se puede reinstalar ni regenerar.<\/span><\/p>\n<p><span style=\"font-weight: 400;\">&#8211; Selecciona manualmente una red.<\/span><\/p>\n<p><span style=\"font-weight: 400;\">Ve a {Configuraci\u00f3n } &gt; { M\u00f3vil\/Datos m\u00f3viles } &gt; Perfil eSIM &gt; { Selecci\u00f3n de red } &gt; Desactiva \u00abAutom\u00e1tico\u00bb &gt; Busca y selecciona manualmente la red de apoyo.<\/span><\/p>\n<p><span style=\"font-weight: 400;\"> <\/span><\/p>\n<p> <\/p>\n\n\t\t<\/div>\n\t\t\t\t\t<\/div>\n\n\t\n\n\t<div id=\"col-1220522625\" class=\"col medium-6 small-12 large-6\"  >\n\t\t\t\t<div class=\"col-inner\"  >\n\t\t\t\n\t\t\t\n\n<div class=\"container section-title-container\" ><h3 class=\"section-title section-title-normal\"><b><\/b><span class=\"section-title-main\" >iOS instalar eSIM con C\u00f3digo QR<\/span><b><\/b><\/h3><\/div>\n\n<div class=\"video video-fit mb\" style=\"padding-top:100%;\"><iframe loading=\"lazy\" title=\"Apple iOS - How to install travel eSIM with  the QR Code\" width=\"1020\" height=\"574\" src=\"https:\/\/www.youtube.com\/embed\/3Pi_QyZli_s?feature=oembed\" frameborder=\"0\" allow=\"accelerometer; autoplay; clipboard-write; encrypted-media; gyroscope; picture-in-picture; web-share\" referrerpolicy=\"strict-origin-when-cross-origin\" allowfullscreen><\/iframe><\/div>\n\n<div class=\"container section-title-container\" ><h3 class=\"section-title section-title-normal\"><b><\/b><span class=\"section-title-main\" >iOS instalar eSIM manualmente<\/span><b><\/b><\/h3><\/div>\n\n<div class=\"video video-fit mb\" style=\"padding-top:100%;\"><p><iframe loading=\"lazy\" title=\"Apple iOS - How to install travel eSIm manually\" width=\"1020\" height=\"574\" src=\"https:\/\/www.youtube.com\/embed\/__qgZn3iAv8?feature=oembed\" frameborder=\"0\" allow=\"accelerometer; autoplay; clipboard-write; encrypted-media; gyroscope; picture-in-picture; web-share\" referrerpolicy=\"strict-origin-when-cross-origin\" allowfullscreen><\/iframe><\/p>\n<\/div>\n\n\n\t\t<\/div>\n\t\t\t\t\t<\/div>\n\n\t\n\n<\/div>\n\n","protected":false},"excerpt":{"rendered":"","protected":false},"author":1,"featured_media":0,"parent":0,"menu_order":0,"comment_status":"closed","ping_status":"closed","template":"","meta":{"_acf_changed":false,"footnotes":""},"class_list":["post-47656","page","type-page","status-publish","hentry"],"acf":[],"jetpack_sharing_enabled":true,"_links":{"self":[{"href":"https:\/\/www.esim4.com\/es\/wp-json\/wp\/v2\/pages\/47656","targetHints":{"allow":["GET"]}}],"collection":[{"href":"https:\/\/www.esim4.com\/es\/wp-json\/wp\/v2\/pages"}],"about":[{"href":"https:\/\/www.esim4.com\/es\/wp-json\/wp\/v2\/types\/page"}],"author":[{"embeddable":true,"href":"https:\/\/www.esim4.com\/es\/wp-json\/wp\/v2\/users\/1"}],"replies":[{"embeddable":true,"href":"https:\/\/www.esim4.com\/es\/wp-json\/wp\/v2\/comments?post=47656"}],"version-history":[{"count":5,"href":"https:\/\/www.esim4.com\/es\/wp-json\/wp\/v2\/pages\/47656\/revisions"}],"predecessor-version":[{"id":76293,"href":"https:\/\/www.esim4.com\/es\/wp-json\/wp\/v2\/pages\/47656\/revisions\/76293"}],"wp:attachment":[{"href":"https:\/\/www.esim4.com\/es\/wp-json\/wp\/v2\/media?parent=47656"}],"curies":[{"name":"wp","href":"https:\/\/api.w.org\/{rel}","templated":true}]}}