{"id":47685,"date":"2023-04-22T08:14:22","date_gmt":"2023-04-21T22:14:22","guid":{"rendered":"https:\/\/www.esim4.com\/dispositivos-compatibles-con-esim\/"},"modified":"2024-09-11T03:29:49","modified_gmt":"2024-09-10T17:29:49","slug":"dispositivos-compatibles-con-esim","status":"publish","type":"page","link":"https:\/\/www.esim4.com\/es\/dispositivos-compatibles-con-esim\/","title":{"rendered":"Dispositivos compatibles con eSIM"},"content":{"rendered":"\n  <div id=\"page-header-505161968\" class=\"page-header-wrapper\">\n  <div class=\"page-title light simple-title\">\n\n    \n    <div class=\"page-title-inner container align-center text-center flex-row-col medium-flex-wrap\" >\n              <div class=\"title-wrapper flex-col\">\n          <h1 class=\"entry-title mb-0\">\n            Dispositivos compatibles con eSIM          <\/h1>\n        <\/div>\n                    <div class=\"title-content flex-col\">\n        <div class=\"title-breadcrumbs pb-half pt-half\"><nav class=\"woocommerce-breadcrumb breadcrumbs uppercase\">Inicio<\/nav><\/div>      <\/div>\n    <\/div>\n\n       <\/div>\n    <\/div>\n  \n\n<header class=\"mb-6\">\n<h1 class=\"measure-sm mb-6 text-blue-800 font-display font-bold text-2xl md:text-3xl\">\u00bfQu\u00e9 dispositivos admiten eSIM?<\/h1>\n<\/header>\n<div class=\"typeset space-y-6 measure-md text-lg\">\n<p>La lista que figura a continuaci\u00f3n se ampl\u00eda constantemente a medida que salen al mercado m\u00e1s dispositivos compatibles con la eSIM.<\/p>\n<p>Para utilizar una eSIM, tu dispositivo debe estar desbloqueado por el operador y ser compatible con la eSIM.\nConsulta la siguiente lista para ver si tu dispositivo es compatible con la tecnolog\u00eda eSIM.\n(Ten en cuenta que puede haber restricciones espec\u00edficas de cada pa\u00eds y operador)*.  <\/p>\n<p>A partir de <b>octubre de 2023<\/b>, los dispositivos compatibles con la eSIM son los siguientes:<\/p>\n<h4><b>APPLE*<\/b><\/h4>\n<ul>\n<li aria-level=\"1\">iPhone 15<\/li>\n<li aria-level=\"1\">iPhone 15 Plus<\/li>\n<li aria-level=\"1\">iPhone 15 Pro<\/li>\n<li aria-level=\"1\">iPhone 15 Pro Max<\/li>\n<li aria-level=\"1\">iPhone 14<\/li>\n<li aria-level=\"1\">iPhone 14 Plus<\/li>\n<li aria-level=\"1\">iPhone 14 Pro<\/li>\n<li aria-level=\"1\">iPhone 14 Pro Max<\/li>\n<li aria-level=\"1\">iPhone 13<\/li>\n<li aria-level=\"1\">iPhone 13 Mini<\/li>\n<li aria-level=\"1\">iPhone 13 Pro<\/li>\n<li aria-level=\"1\">iPhone 13 Pro Max<\/li>\n<li aria-level=\"1\">iPhone 12<\/li>\n<li aria-level=\"1\">iPhone 12 Mini<\/li>\n<li aria-level=\"1\">iPhone 12 Pro<\/li>\n<li aria-level=\"1\">iPhone 12 Pro Max<\/li>\n<li aria-level=\"1\">iPhone 11<\/li>\n<li aria-level=\"1\">iPhone 11 Pro<\/li>\n<li aria-level=\"1\">iPhone 11 Pro Max<\/li>\n<li aria-level=\"1\">iPhone XS<\/li>\n<li aria-level=\"1\">iPhone XS Max<\/li>\n<li aria-level=\"1\">iPhone XR<\/li>\n<li aria-level=\"1\">iPhone SE (2020)<\/li>\n<li aria-level=\"1\">iPhone SE (2022)<\/li>\n<li aria-level=\"1\">iPad Air (3\u00aa generaci\u00f3n)<\/li>\n<li aria-level=\"1\">iPad Air (4\u00aa generaci\u00f3n)<\/li>\n<li aria-level=\"1\">iPad Air (5\u00aa generaci\u00f3n)<\/li>\n<li aria-level=\"1\">iPad Pro de 11 pulgadas (1\u00aa generaci\u00f3n)<\/li>\n<li aria-level=\"1\">iPad Pro de 11 pulgadas (2\u00aa generaci\u00f3n)<\/li>\n<li aria-level=\"1\">iPad Pro de 11 pulgadas (3\u00aa generaci\u00f3n)<\/li>\n<li aria-level=\"1\">iPad Pro de 11 pulgadas (4\u00aa generaci\u00f3n)<\/li>\n<li aria-level=\"1\">iPad Pro de 12,9 pulgadas (3\u00aa generaci\u00f3n)<\/li>\n<li aria-level=\"1\">iPad Pro de 12,9 pulgadas (4\u00aa generaci\u00f3n)<\/li>\n<li aria-level=\"1\">iPad Pro de 12,9 pulgadas (5\u00aa generaci\u00f3n)<\/li>\n<li>iPad Pro de 12,9 pulgadas (6\u00aa generaci\u00f3n)<\/li>\n<li aria-level=\"1\">iPad (7\u00aa generaci\u00f3n)<\/li>\n<li aria-level=\"1\">iPad (8\u00aa generaci\u00f3n)<\/li>\n<li aria-level=\"1\">iPad (9\u00aa generaci\u00f3n)<\/li>\n<li aria-level=\"1\">iPad (10\u00aa generaci\u00f3n)<\/li>\n<li aria-level=\"1\">iPad Mini (5\u00aa generaci\u00f3n)<\/li>\n<li aria-level=\"1\">iPad Mini (6\u00aa generaci\u00f3n)<\/li>\n<\/ul>\n<h6>*Los siguientes dispositivos Apple NO tienen capacidad eSIM:<br>&#8211; Dispositivos iPhone de China continental.<br>&#8211; Dispositivos iPhone de Hong Kong y Macao (excepto el iPhone 13 Mini, el iPhone 12 Mini, el iPhone SE 2020 y el iPhone XS).<\/h6>\n<h6>*Para iPhones y iPads comprados en TURQU\u00cdA:<br>&#8211; Si configuras tu dispositivo por primera vez despu\u00e9s del 23 de junio de 2020, tu eSIM se activar\u00e1 tras la instalaci\u00f3n. Ponte en contacto con tu operador si no tienes activada la eSIM.<\/h6>\n<h6>*S\u00f3lo son compatibles los dispositivos iPad con funciones Wi-Fi + M\u00f3vil.<\/h6>\n<h4><b>SAMSUNG<\/b><\/h4>\n<ul>\n<li>Galaxy A54 <b> 5G<\/b><\/li>\n<li>Galaxy <b> S23<\/b><\/li>\n<li>Galaxy <b> S23+*<\/b><\/li>\n<li>Galaxy S23 <b> Ultra<\/b><b><\/b><\/li>\n<li>Galaxy S22 <b> 5G*<\/b><\/li>\n<li>Galaxy S22+ <b> 5G<\/b><\/li>\n<li>Galaxy S22 Ultra <b> 5G<\/b><\/li>\n<li>Galaxy S21 <b> 5G<\/b><\/li>\n<li>Galaxy S21+ <b> 5G<\/b><\/li>\n<li>Galaxy S21 Ultra <b> 5G<\/b><\/li>\n<li>Galaxy S20 <b> 5G<\/b><\/li>\n<li>Galaxy <b> S20<\/b><\/li>\n<li>Galaxy <b> S20+*<\/b><\/li>\n<li>Galaxy S20+ <b> 5G<\/b><\/li>\n<li>Galaxy S20 <b> Ultra<\/b><\/li>\n<li>Galaxy S20 Ultra <b> 5G<\/b><\/li>\n<li>Galaxy Z Flip<\/li>\n<li>Galaxy Z Flip 3 5G<\/li>\n<li>Galaxy Z Flip 4<\/li>\n<li>Galaxy Z Flip 5<\/li>\n<li>Galaxy Z Fold<\/li>\n<li>Galaxy Z Fold 2<\/li>\n<li>Galaxy Z Fold 3<\/li>\n<li>Galaxy Z Fold 4<\/li>\n<li>Galaxy Z Fold 5<\/li>\n<li>Galaxy Note 20<\/li>\n<li>Galaxy Note 20 5G<\/li>\n<li>Galaxy Note 20 Ultra<\/li>\n<li>Galaxy Note 20 Ultra 5G<\/li>\n<\/ul>\n<h6>*Los siguientes dispositivos Samsung Galaxy NO tienen capacidad eSIM:<br>&#8211; Todos los dispositivos Galaxy procedentes de China, Hong Kong y Taiw\u00e1n.<br>&#8211; Todos los modelos Galaxy FE \u00abEdici\u00f3n Fan\u00bb.<br>&#8211; Modelos para EE.UU. del Galaxy S20, S21* y Note 20 Ultra.<\/h6>\n<h6>*La mayor\u00eda de los dispositivos Samsung Galaxy adquiridos en Corea del Sur no admiten eSIM, excepto el Galaxy S23, S23+, S23 Ultra, Z Flip4, Z Fold4, Z Flip5, Z Fold5 y A54 5G.<\/h6>\n<h6>*La disponibilidad de la eSIM del Galaxy A54 5G puede variar seg\u00fan el pa\u00eds\/regi\u00f3n y el operador.\nPonte en contacto con tu operador o con el fabricante del dispositivo para confirmar que tu dispositivo Galaxy A54 5G es compatible con eSIM. <\/h6>\n<h6><b><\/b>*<b>Los dispositivos de la serie Galaxy S21 (a excepci\u00f3n de los modelos FE) de Canad\u00e1 y EE.UU. pueden tener capacidad para eSIM siempre que tengan instalada la actualizaci\u00f3n One UI 4.\nPonte en contacto con tu operador o con el fabricante del dispositivo para confirmar que tu dispositivo Samsung es compatible con eSIM. <\/b><\/h6>\n<h4><b>GOOGLE PIXEL<\/b><\/h4>\n<ul>\n<li aria-level=\"1\">Plegado de p\u00edxeles<\/li>\n<li aria-level=\"1\">Pixel 7 Pro<\/li>\n<li>P\u00edxel 7a<\/li>\n<li>Pixel 7<\/li>\n<li aria-level=\"1\">Pixel 6 Pro<\/li>\n<li>Pixel 6a<\/li>\n<li>Pixel 6<\/li>\n<li>Pixel 5a<\/li>\n<li aria-level=\"1\">Pixel 5<\/li>\n<li aria-level=\"1\">Pixel 4a<\/li>\n<li aria-level=\"1\">Pixel 4<\/li>\n<li aria-level=\"1\">Pixel 4 XL<\/li>\n<li aria-level=\"1\">Pixel 3 y 3 XL*.<\/li>\n<li aria-level=\"1\">Pixel 3a y 3a XL*.<\/li>\n<\/ul>\n<h6><b>*<\/b><b>Los siguientes dispositivos Google Pixel NO tienen capacidad eSIM:<br><\/b><b><\/b><b> &#8211; <\/b><b>Los modelos Pixel 3 procedentes de Australia, Taiw\u00e1n y Jap\u00f3n, y los adquiridos con servicio de operadores estadounidenses o canadienses distintos de Sprint y Google Fi.<br><\/b><b><\/b><b> &#8211; <\/b><b>Modelos Pixel 3a adquiridos en el Sudeste Asi\u00e1tico y con servicio de Verizon.<\/b><\/h6>\n<h4><b>MARTILLO*<\/b><\/h4>\n<ul>\n<li aria-level=\"1\">martillo explorador pro<\/li>\n<li aria-level=\"1\">HAMMER Hoja 3<\/li>\n<li aria-level=\"1\">HAMMER Cuchilla 5G<\/li>\n<li aria-level=\"1\">myPhone NOW eSIM<\/li>\n<\/ul>\n<h6>*<b>La compatibilidad con eSIM s\u00f3lo est\u00e1 disponible en algunas regiones.\nPonte en contacto con tu operador o con el fabricante del dispositivo para confirmar que tu dispositivo Hammer es compatible con eSIM. <\/b><\/h6>\n<h4><b>HONOR*<\/b><\/h4>\n<ul>\n<li>Honor Magic5 Pro<\/li>\n<li>Honor Magic4 Pro<\/li>\n<li>Honor 90<\/li>\n<\/ul>\n<h6>*<b>La compatibilidad con eSIM s\u00f3lo est\u00e1 disponible en algunas regiones.\nPonte en contacto con tu operador o con el fabricante del dispositivo para confirmar que tu dispositivo Honor es compatible con eSIM. <\/b><\/h6>\n<h4><b>HUAWEI<\/b><\/h4>\n<ul>\n<li aria-level=\"1\">Huawei P40  <\/li>\n<li aria-level=\"1\">Huawei P40 Pro*<\/li>\n<li aria-level=\"1\">Huawei Mate 40 Pro<\/li>\n<\/ul>\n<h6><b>*<\/b><b>Los siguientes dispositivos HUAWEI NO tienen capacidad eSIM:<br><\/b><b><\/b><b> &#8211; <\/b><b>Huawei P40 Pro+<br><\/b><b><\/b><b> &#8211; <\/b><b>Todos los dispositivos Huawei comprados en China no tienen capacidad eSIM.<\/b><\/h6>\n<h4><b>MOTOROLA<\/b><\/h4>\n<ul>\n<li aria-level=\"1\">Motorola Edge 40 Neo<\/li>\n<li>Motorola Edge 40 Pro<\/li>\n<li aria-level=\"1\">Motorola Edge<\/li>\n<li>Motorola Razr 40 Ultra<\/li>\n<li aria-level=\"1\">Motorola Razr 2022<\/li>\n<li aria-level=\"1\">Motorola Razr 2019<\/li>\n<li aria-level=\"1\">Motorola Razr 5G<\/li>\n<li>Motorola G53 5G<\/li>\n<\/ul>\n<h6>*La compatibilidad con eSIM s\u00f3lo est\u00e1 disponible en algunas regiones.\nPonte en contacto con tu operador o con el fabricante del dispositivo para confirmar que tu dispositivo Motorola es compatible con eSIM. <\/h6>\n<h4><b>NOKIA<\/b><\/h4>\n<ul>\n<li>Nokia XR21<\/li>\n<li>Nokia X30<\/li>\n<\/ul>\n<h6>*<b>La compatibilidad con eSIM s\u00f3lo est\u00e1 disponible en algunas regiones.\nPonte en contacto con tu operador o con el fabricante del dispositivo para confirmar que tu dispositivo Nokia es compatible con eSIM. <\/b><\/h6>\n<h4><b>ONEPLUS*<\/b><\/h4>\n<ul>\n<li aria-level=\"1\">OnePlus 11<\/li>\n<\/ul>\n<h6>*<b>La compatibilidad con eSIM s\u00f3lo est\u00e1 disponible en algunas regiones.\nPonte en contacto con tu operador o con el fabricante del dispositivo para confirmar que tu dispositivo OnePlus es compatible con eSIM. <\/b><\/h6>\n<h4><b>OPPO<\/b><\/h4>\n<ul>\n<li aria-level=\"1\">OPPO Find N2 Flip<\/li>\n<li>OPPO Find X3 Pro<\/li>\n<li aria-level=\"1\">OPPO Find X5<\/li>\n<li aria-level=\"1\">OPPO Find X5 Pro<\/li>\n<li aria-level=\"1\">OPPO Reno A<\/li>\n<\/ul>\n<h6><b>*<\/b><b>La disponibilidad de la eSIM puede variar seg\u00fan el pa\u00eds\/regi\u00f3n y el operador.\nPonte en contacto con tu operador o con el fabricante del dispositivo para confirmar que tu dispositivo Oppo es compatible con eSIM. <\/b><\/h6>\n<h4><b>RAKUTEN*<\/b><\/h4>\n<ul>\n<li aria-level=\"1\">Rakuten Grande<\/li>\n<li aria-level=\"1\">Rakuten Gran S<\/li>\n<li aria-level=\"1\">Rakuten Mini<\/li>\n<li aria-level=\"1\">Mano de Rakuten<\/li>\n<\/ul>\n<h6><b>*<\/b><b>La compatibilidad con eSIM s\u00f3lo est\u00e1 disponible en Jap\u00f3n y en algunas regiones.\nPonte en contacto con tu operador o el fabricante de tu dispositivo para confirmar que tu dispositivo Rakuten es compatible con eSIM. <\/b><\/h6>\n<h4><b>AFILADO*<\/b><\/h4>\n<ul>\n<li aria-level=\"1\">AQUOS Sense4 Lite<\/li>\n<li aria-level=\"1\">AQUOS R7<\/li>\n<li aria-level=\"1\">Deseo AQUOS<\/li>\n<li aria-level=\"1\">AQUOS Zero6<\/li>\n<li aria-level=\"1\">AQUOS Sense6<\/li>\n<\/ul>\n<h6><b>*<\/b><b>La compatibilidad con eSIM s\u00f3lo est\u00e1 disponible en Jap\u00f3n y en determinadas regiones.\nPonte en contacto con tu operador o con el fabricante del dispositivo para confirmar que tu dispositivo Aquos es compatible con eSIM. <\/b><\/h6>\n<h4><b>SONY<\/b><b>*<\/b><\/h4>\n<ul>\n<li>Sony Xperia 1 V<\/li>\n<li>Sony Xperia 1 IV<\/li>\n<li aria-level=\"1\">Sony Xperia 5 IV<\/li>\n<li aria-level=\"1\">Sony Xperia 10 III Lite<\/li>\n<li aria-level=\"1\">Xperia 10 <b> IV*<\/b> de Sony<\/li>\n<\/ul>\n<h6><b>*La disponibilidad de la eSIM puede variar seg\u00fan el pa\u00eds\/regi\u00f3n y el operador.\nPonte en contacto con tu operador o con el fabricante del dispositivo para confirmar que tu dispositivo Xperia es compatible con eSIM. <\/b><\/h6>\n<h6><b><\/b><b><\/b><b>*<\/b><b>La compatibilidad con eSIM del Sony Xperia 10 IV s\u00f3lo est\u00e1 disponible en Europa.\nPonte en contacto con tu operador o con el fabricante del dispositivo para confirmar que tu dispositivo Sony Xperia 10 IV es compatible con eSIM. <\/b><b><\/b><\/h6>\n<h4><b>XIAOMI*<\/b><\/h4>\n<ul>\n<li>Xiaomi 13T<\/li>\n<li>Xiaomi 13T Pro<\/li>\n<li>Xiaomi 13<\/li>\n<li aria-level=\"1\">Xiaomi 13 Pro<\/li>\n<li aria-level=\"1\">Xiaomi 13 Lite<\/li>\n<li>Xiaomi 12T Pro<b><\/b><\/li>\n<li>Xiaomi Redmi Note 11 Pro <b> 5G*<\/b><\/li>\n<\/ul>\n<h6><b>*<\/b><b>La disponibilidad de la eSIM puede variar seg\u00fan el pa\u00eds\/regi\u00f3n y el operador.\nPonte en contacto con tu operador o con el fabricante del dispositivo para confirmar que tu dispositivo Xiaomi es compatible con eSIM. <\/b><\/h6>\n<h6><b>*<\/b><b>La compatibilidad con Redmi Note 11 Pro 5G eSIM s\u00f3lo est\u00e1 disponible en Jap\u00f3n.\nPonte en contacto con tu operador o con el fabricante del dispositivo para confirmar que tu   <\/b><b>Redmi Note 11 Pro 5G <\/b><b>es compatible con eSIM.<\/b><\/h6>\n<h4><b>OTROS*<\/b><\/h4>\n<ul>\n<li>Nuu M\u00f3vil X5<\/li>\n<li>PDA Gemini 4G+Wi-Fi<\/li>\n<li>Fairphone 4<\/li>\n<\/ul>\n<h6><b>*<\/b><b>La disponibilidad de la eSIM puede variar seg\u00fan el pa\u00eds\/regi\u00f3n y el operador.\nPonte en contacto con tu operador o con el fabricante del dispositivo para confirmar que tu dispositivo es compatible con eSIM. <\/b><\/h6>\n<h3><b>WINDOWS 10<\/b><b>\/ PORT\u00c1TILES WINDOWS 11<\/b><\/h3>\n<p><b>ACER<\/b><\/p>\n<ul>\n<li aria-level=\"1\">Acer Swift 3<\/li>\n<li aria-level=\"1\">Acer Swift 7<\/li>\n<li aria-level=\"1\">Acer TravelMate P2<\/li>\n<li aria-level=\"1\">Acer TravelMate Spin P4<\/li>\n<li aria-level=\"1\">Acer TravelMate P6<\/li>\n<\/ul>\n<h4><b>ASUS<\/b><\/h4>\n<ul>\n<li aria-level=\"1\">ASUS Mini Transformer T103HAF<\/li>\n<li aria-level=\"1\">ASUS NovaGo TP370QL<\/li>\n<li aria-level=\"1\">ASUS Vivobook Flip 14 TP401NA<\/li>\n<\/ul>\n<h4><b>DELL<\/b><\/h4>\n<ul>\n<li aria-level=\"1\">Dell Latitude 7210 2 en 1<\/li>\n<li aria-level=\"1\">Dell Latitude 9410<\/li>\n<li aria-level=\"1\">Dell Latitude 7310<\/li>\n<li aria-level=\"1\">Dell Latitude 7410<\/li>\n<li aria-level=\"1\">Dell Latitude 9510<\/li>\n<li aria-level=\"1\">Dell Latitude 5410<\/li>\n<li aria-level=\"1\">Dell Latitude 5411<\/li>\n<li aria-level=\"1\">Dell Latitude 5511<\/li>\n<\/ul>\n<h4><b>HP<\/b><\/h4>\n<ul>\n<li aria-level=\"1\">HP Elitebook G5<\/li>\n<li aria-level=\"1\">HP Probook G5<\/li>\n<li aria-level=\"1\">HP Zbook G5<\/li>\n<li aria-level=\"1\">HP Spectre Folio 13<\/li>\n<\/ul>\n<h4><b>LENOVO<\/b><\/h4>\n<ul>\n<li aria-level=\"1\">ThinkPad X1 Titanium Yoga 2 en 1<\/li>\n<li aria-level=\"1\">ThinkPad X1 Carbon Gen 9<\/li>\n<li aria-level=\"1\">ThinkPad X1 Plegable<\/li>\n<li aria-level=\"1\">ThinkPad X1 Nano<\/li>\n<li aria-level=\"1\">ThinkPad X12 Desmontable<\/li>\n<li aria-level=\"1\">Lenovo Flex 5G<\/li>\n<li aria-level=\"1\">Lenovo Yoga C630<\/li>\n<li aria-level=\"1\">Lenovo Miix 630<\/li>\n<li aria-level=\"1\">Lenovo Yoga 520<\/li>\n<li aria-level=\"1\">Lenovo Yoga 720 (modelos 2 en 1)<\/li>\n<\/ul>\n<h4><b>SUPERFICIE*<\/b><\/h4>\n<ul>\n<li aria-level=\"1\">Surface Pro 9<\/li>\n<li aria-level=\"1\">Surface Go 3<\/li>\n<li aria-level=\"1\">Surface Pro X<\/li>\n<li aria-level=\"1\">Surface Duo 2<\/li>\n<li aria-level=\"1\">Superficie Duo<\/li>\n<\/ul>\n<h6><b>*<\/b><b>Para Windows 10: Tu PC debe tener Windows 10 versi\u00f3n 1703 o posterior para que puedas utilizar una eSIM.\nEl dispositivo tambi\u00e9n debe estar preparado para LTE. <\/b><\/h6>\n<h6><b>*<\/b><b>Superficie: Los dispositivos bloqueados por AT&amp;T no admiten eSIM.\nSi compraste tu dispositivo a trav\u00e9s de otro operador, es posible que \u00e9ste haya desactivado la funci\u00f3n eSIM en Surface Duo.\nPonte en contacto con el operador para confirmarlo.  <\/b><\/h6>\n<\/div>\n\n","protected":false},"excerpt":{"rendered":"","protected":false},"author":1,"featured_media":0,"parent":0,"menu_order":0,"comment_status":"closed","ping_status":"closed","template":"","meta":{"_acf_changed":false,"footnotes":""},"class_list":["post-47685","page","type-page","status-publish","hentry"],"acf":[],"jetpack_sharing_enabled":true,"_links":{"self":[{"href":"https:\/\/www.esim4.com\/es\/wp-json\/wp\/v2\/pages\/47685","targetHints":{"allow":["GET"]}}],"collection":[{"href":"https:\/\/www.esim4.com\/es\/wp-json\/wp\/v2\/pages"}],"about":[{"href":"https:\/\/www.esim4.com\/es\/wp-json\/wp\/v2\/types\/page"}],"author":[{"embeddable":true,"href":"https:\/\/www.esim4.com\/es\/wp-json\/wp\/v2\/users\/1"}],"replies":[{"embeddable":true,"href":"https:\/\/www.esim4.com\/es\/wp-json\/wp\/v2\/comments?post=47685"}],"version-history":[{"count":2,"href":"https:\/\/www.esim4.com\/es\/wp-json\/wp\/v2\/pages\/47685\/revisions"}],"predecessor-version":[{"id":75933,"href":"https:\/\/www.esim4.com\/es\/wp-json\/wp\/v2\/pages\/47685\/revisions\/75933"}],"wp:attachment":[{"href":"https:\/\/www.esim4.com\/es\/wp-json\/wp\/v2\/media?parent=47685"}],"curies":[{"name":"wp","href":"https:\/\/api.w.org\/{rel}","templated":true}]}}