{"id":81790,"date":"2024-11-05T01:26:38","date_gmt":"2024-11-04T14:26:38","guid":{"rendered":"https:\/\/www.esim4.com\/declaracion-de-privacidad-br\/"},"modified":"2024-12-06T17:21:15","modified_gmt":"2024-12-06T06:21:15","slug":"declaracion-de-privacidad-br","status":"publish","type":"page","link":"https:\/\/www.esim4.com\/es\/declaracion-de-privacidad-br\/","title":{"rendered":"Declaraci\u00f3n de privacidad (BR)"},"content":{"rendered":"\n<!-- Legal document generated by Complianz | GDPR\/CCPA Cookie Consent https:\/\/wordpress.org\/plugins\/complianz-gdpr -->\n<div id=\"cmplz-document\" class=\"cmplz-document privacy-statement cmplz-document-br\"><p><i>Esta declaraci\u00f3n de privacidad se actualiz\u00f3 por \u00faltima vez el marzo 16, 2026 y se aplica a los ciudadanos y residentes legales permanentes de Brasil. <\/i><br \/><br \/><\/p><p>En esta declaraci\u00f3n de privacidad, explicamos lo que hacemos con los datos que obtenemos sobre usted a trav\u00e9s de <a href=\"https:\/\/www.esim4.com\/es\/\">https:\/\/www.esim4.com\/es\/<\/a>. Le recomendamos que lea atentamente esta declaraci\u00f3n. En nuestro tratamiento cumplimos con los requisitos de la legislaci\u00f3n sobre privacidad. Esto significa, entre otras cosas, que:<\/p><ul>\n                <li>indicamos claramente los fines para los que procesamos los datos personales. Hacemos esto por medio de esta declaraci\u00f3n de privacidad.<\/li>\n                <li>nos proponemos limitar nuestra recopilaci\u00f3n de datos personales a los datos personales necesarios para fines leg\u00edtimos;<\/li>\n                <li>en primer lugar, solicitamos su consentimiento expl\u00edcito para el tratamiento de sus datos personales en los casos en que sea necesario.<\/li>\n                <li>tomamos las medidas de seguridad adecuadas para proteger sus datos personales y tambi\u00e9n lo exigimos a las partes que procesan datos personales en nuestro nombre;<\/li>\n                <li>respetamos su derecho a acceder, rectificar o cancelar sus datos personales previa solicitud.<\/li>\n            <\/ul><p>Si tiene alguna pregunta o quiere saber exactamente qu\u00e9 datos guardamos de usted, p\u00f3ngase en contacto con nosotros.<\/p><h2>1. Prop\u00f3sito, datos y periodo de retenci\u00f3n<\/h2>Podemos recopilar o recibir informaci\u00f3n personal para un n\u00famero de prop\u00f3sitos relacionados con nuestras operaciones comerciales, que pueden incluir lo siguiente: (haga clic para expandir) <details class=\"cmplz-dropdown dropdown-privacy-statement\"><summary><div><h3>1.1 Contacto &#8211; Por tel\u00e9fono, correo, correo electr\u00f3nico y\/o formularios en el sitio<\/h3><\/div><\/summary><p class=\"cmplz-subtitle\">Para ello utilizamos los siguientes datos:<\/p><p><ul><li>Una direcci\u00f3n de correo electr\u00f3nico<\/li><li>Direcci\u00f3n IP<\/li><li>Datos de geolocalizaci\u00f3n<\/li><li>Nombre de cuenta o alias<\/li><\/ul><\/p><p class=\"cmplz-subtitle\">La base sobre la que podemos procesar estos datos es:<\/p><p><a target=\"_blank\" rel=\"noopener noreferrer nofollow\" href=\"https:\/\/cookiedatabase.org\/legal-bases\/#agreement\">Es necesario para la ejecuci\u00f3n de un contrato o de procedimientos preliminares relacionados con un contrato en el que el interesado es parte. <\/a><\/p><p class=\"cmplz-subtitle\">Per\u00edodo de retenci\u00f3n<\/p><p>Una vez finalizado el servicio, conservaremos estos datos durante el siguiente per\u00edodo: 12 months.<\/p><\/details><details class=\"cmplz-dropdown dropdown-privacy-statement\"><summary><div><h3>1.2 Pagos<\/h3><\/div><\/summary><p class=\"cmplz-subtitle\">Para ello utilizamos los siguientes datos:<\/p><p><ul><li>Una direcci\u00f3n de correo electr\u00f3nico<\/li><li>Direcci\u00f3n IP<\/li><li>Informaci\u00f3n sobre la actividad en internet, incluyendo, pero sin limitarse a, el historial de navegaci\u00f3n, el historial de b\u00fasqueda y la informaci\u00f3n relacionada con la interacci\u00f3n de un consumidor con una web, aplicaci\u00f3n o anuncio en internet<\/li><li>Datos de geolocalizaci\u00f3n<\/li><li>Nombre de cuenta o alias<\/li><\/ul><\/p><p class=\"cmplz-subtitle\">La base sobre la que podemos procesar estos datos es:<\/p><p><a target=\"_blank\" rel=\"noopener noreferrer nofollow\" href=\"https:\/\/cookiedatabase.org\/legal-bases\/#public\">Es necesario para el cumplimiento de una tarea realizada en inter\u00e9s p\u00fablico o en el ejercicio del poder p\u00fablico conferido al responsable del tratamiento<\/a><\/p><p class=\"cmplz-subtitle\">Per\u00edodo de retenci\u00f3n<\/p><p>Una vez finalizado el servicio, conservaremos estos datos durante el siguiente per\u00edodo: 12 months.<\/p><\/details><details class=\"cmplz-dropdown dropdown-privacy-statement\"><summary><div><h3>1.3 Para dar soporte a servicios o productos que un cliente quiere comprar o ha comprado<\/h3><\/div><\/summary><p class=\"cmplz-subtitle\">Para ello utilizamos los siguientes datos:<\/p><p><ul><li>Una direcci\u00f3n de correo electr\u00f3nico<\/li><li>Direcci\u00f3n IP<\/li><li>Datos de geolocalizaci\u00f3n<\/li><li>Nombre de cuenta o alias<\/li><\/ul><\/p><p class=\"cmplz-subtitle\">La base sobre la que podemos procesar estos datos es:<\/p><p><a target=\"_blank\" rel=\"noopener noreferrer nofollow\" href=\"https:\/\/cookiedatabase.org\/legal-bases\/#public\">Es necesario para el cumplimiento de una tarea realizada en inter\u00e9s p\u00fablico o en el ejercicio del poder p\u00fablico conferido al responsable del tratamiento<\/a><\/p><p class=\"cmplz-subtitle\">Per\u00edodo de retenci\u00f3n<\/p><p>Una vez finalizado el servicio, conservaremos estos datos durante el siguiente per\u00edodo: 12 Months.<\/p><\/details><details class=\"cmplz-dropdown dropdown-privacy-statement\"><summary><div><h3>1.4 Para poder ofrecer productos y servicios personalizados.<\/h3><\/div><\/summary><p class=\"cmplz-subtitle\">Para ello utilizamos los siguientes datos:<\/p><p><ul><li>Un nombre y apellido<\/li><li>Direcci\u00f3n IP<\/li><li>Datos de geolocalizaci\u00f3n<\/li><li>Una direcci\u00f3n de correo electr\u00f3nico<\/li><\/ul><\/p><p class=\"cmplz-subtitle\">La base sobre la que podemos procesar estos datos es:<\/p><p><a target=\"_blank\" rel=\"noopener noreferrer nofollow\" href=\"https:\/\/cookiedatabase.org\/legal-bases\/#public\">Es necesario para el cumplimiento de una tarea realizada en inter\u00e9s p\u00fablico o en el ejercicio del poder p\u00fablico conferido al responsable del tratamiento<\/a><\/p><p class=\"cmplz-subtitle\">Per\u00edodo de retenci\u00f3n<\/p><p>Una vez finalizado el servicio, conservaremos estos datos durante el siguiente per\u00edodo: 12 Months.<\/p><\/details><details class=\"cmplz-dropdown dropdown-privacy-statement\"><summary><div><h3>1.5 Entregas<\/h3><\/div><\/summary><p class=\"cmplz-subtitle\">Para ello utilizamos los siguientes datos:<\/p><p><ul><li>Una direcci\u00f3n de correo electr\u00f3nico<\/li><li>Datos de geolocalizaci\u00f3n<\/li><li>Direcci\u00f3n IP<\/li><li>Nombre de cuenta o alias<\/li><\/ul><\/p><p class=\"cmplz-subtitle\">La base sobre la que podemos procesar estos datos es:<\/p><p><a target=\"_blank\" rel=\"noopener noreferrer nofollow\" href=\"https:\/\/cookiedatabase.org\/legal-bases\/#consent\">Tras la prestaci\u00f3n del consentimiento. <\/a><\/p><p class=\"cmplz-subtitle\">Per\u00edodo de retenci\u00f3n<\/p><p>Una vez finalizado el servicio, conservaremos estos datos durante el siguiente per\u00edodo: 12 Months.<\/p><\/details><details class=\"cmplz-dropdown dropdown-privacy-statement\"><summary><div><h3>1.6 Recopilaci\u00f3n y an\u00e1lisis de estad\u00edsticas para la mejora de la web.<\/h3><\/div><\/summary><p class=\"cmplz-subtitle\">Para ello utilizamos los siguientes datos:<\/p><p><ul><li>Una direcci\u00f3n de correo electr\u00f3nico<\/li><li>Direcci\u00f3n IP<\/li><li>Datos de geolocalizaci\u00f3n<\/li><li>Nombre de cuenta o alias<\/li><\/ul><\/p><p class=\"cmplz-subtitle\">La base sobre la que podemos procesar estos datos es:<\/p><p><a target=\"_blank\" rel=\"noopener noreferrer nofollow\" href=\"https:\/\/cookiedatabase.org\/legal-bases\/#public\">Es necesario para el cumplimiento de una tarea realizada en inter\u00e9s p\u00fablico o en el ejercicio del poder p\u00fablico conferido al responsable del tratamiento<\/a><\/p><p class=\"cmplz-subtitle\">Per\u00edodo de retenci\u00f3n<\/p><p>Una vez finalizado el servicio, conservaremos estos datos durante el siguiente per\u00edodo: 12 Months.<\/p><\/details><details class=\"cmplz-dropdown dropdown-privacy-statement\"><summary><div><h3>1.7 Para poder cumplir con las obligaciones legales<\/h3><\/div><\/summary><p class=\"cmplz-subtitle\">Para ello utilizamos los siguientes datos:<\/p><p><ul><li>Una direcci\u00f3n de correo electr\u00f3nico<\/li><li>Datos de geolocalizaci\u00f3n<\/li><li>Direcci\u00f3n IP<\/li><li>Nombre de cuenta o alias<\/li><\/ul><\/p><p class=\"cmplz-subtitle\">La base sobre la que podemos procesar estos datos es:<\/p><p><a target=\"_blank\" rel=\"noopener noreferrer nofollow\" href=\"https:\/\/cookiedatabase.org\/legal-bases\/#public\">Es necesario para el cumplimiento de una tarea realizada en inter\u00e9s p\u00fablico o en el ejercicio del poder p\u00fablico conferido al responsable del tratamiento<\/a><\/p><p class=\"cmplz-subtitle\">Per\u00edodo de retenci\u00f3n<\/p><p>Una vez finalizado el servicio, conservaremos estos datos durante el siguiente per\u00edodo: 12 Monrha.<\/p><\/details><h2>2. \u00bfQu\u00e9 ocurre si no nos facilita sus datos personales?<\/h2><p>Si no nos facilita sus datos personales, es posible que no podamos proporcionarle la informaci\u00f3n, los productos o la asistencia que busca.<\/p><h2>3. Cookies<\/h2><p>Nuestra web utiliza cookies. Para m\u00e1s informaci\u00f3n acerca de las cookies, por favor consulte nuestra <a href=\"https:\/\/www.esim4.com\/es\/politica-de-cookies-br\/\">Pol\u00edtica de cookies<\/a>.&nbsp;<\/p><h2>4. Pr\u00e1cticas de divulgaci\u00f3n<\/h2><p><p>Divulgamos informaci\u00f3n personal si nos lo exige la ley o una orden judicial, en respuesta a un organismo encargado de hacer cumplir la ley, en la medida en que lo permitan otras disposiciones legales, para proporcionar informaci\u00f3n o para una investigaci\u00f3n sobre un asunto relacionado con la seguridad p\u00fablica.<\/p><p>Si nuestro sitio web o nuestra organizaci\u00f3n son adquiridos, vendidos o participan en una fusi\u00f3n o adquisici\u00f3n, sus datos podr\u00e1n ser revelados a nuestros asesores y a los posibles compradores, y se transmitir\u00e1n a los nuevos propietarios.<\/p><\/p><p>Tenemos un acuerdo de procesamiento de datos con Google.<\/p><p>Google no puede utilizar los datos para otros servicios de Google.<\/p><h2>5. Seguridad<\/h2><p>Estamos comprometidos con la seguridad de los datos personales. Tomamos las medidas de seguridad adecuadas para limitar el abuso y el acceso no autorizado a los datos personales. Esto asegura que s\u00f3lo las personas necesarias tengan acceso a sus datos, que el acceso a los datos est\u00e9 protegido y que nuestras medidas de seguridad sean revisadas regularmente.<\/p><h2>6. Webs de terceros<\/h2><p>Esta declaraci\u00f3n de privacidad no se aplica a las webs de terceros conectados mediante enlaces en nuestra web. No podemos garantizar que estas terceras partes manejen sus datos personales de forma fiable o segura. Le recomendamos que lea las declaraciones de privacidad de estas webs antes de utilizarlos.<\/p><h2>7. Modificaciones de esta declaraci\u00f3n de privacidad<\/h2><p>Nos reservamos el derecho de hacer enmiendas a esta declaraci\u00f3n de privacidad. Se recomienda que consulte esta declaraci\u00f3n de privacidad regularmente para estar al tanto de cualquier cambio. Adem\u00e1s, le informaremos activamente siempre que sea posible.<\/p><h2>8. Acceso y modificaci\u00f3n de sus datos<\/h2><p>Si tiene alguna pregunta o quiere saber qu\u00e9 datos personales tenemos sobre usted, p\u00f3ngase en contacto con nosotros. Puede ponerse en contacto con nosotros a trav\u00e9s de la siguiente informaci\u00f3n. Sus derechos con respecto a los datos personales:<\/p><ul>\n                <li>confirmaci\u00f3n de la existencia del tratamiento;<\/li>\n                <li>acceso a los datos;<\/li>\n                <li>correcci\u00f3n de datos incompletos, inexactos o desactualizados; <\/li>\n                <li>anonimizaci\u00f3n, bloqueo o eliminaci\u00f3n de datos innecesarios, excesivos o tratados en desacuerdo con lo establecido en la Ley general de protecci\u00f3n de datos personales (LGPD);<\/li>\n                <li>portabilidad de los datos a otro proveedor de servicios o productos, previa solicitud expresa, de conformidad con la normativa de la autoridad nacional, respetando los secretos comerciales e industriales;<\/li>\n                <li>supresi\u00f3n de los datos personales tratados con el consentimiento del titular, salvo en los casos previstos en el art. 16 de la Ley general de protecci\u00f3n de datos personales (LGPD); <\/li>\n                <li>informaci\u00f3n sobre las entidades p\u00fablicas y privadas con las que el responsable del tratamiento ha compartido datos;<\/li>\n                <li>informaci\u00f3n sobre la posibilidad de no prestar el consentimiento y sobre las consecuencias de la denegaci\u00f3n.<\/li>\n            <\/ul><p>Para ejercer estos derechos, por favor comun\u00edquese con nosotros. Consulte los datos de contacto al final de esta Declaraci\u00f3n de Privacidad. <\/p>\n            <p>Por favor, aseg\u00farese de indicar siempre claramente qui\u00e9n es usted, para que podamos estar seguros de que no modificamos o eliminamos ning\u00fan dato de la persona equivocada.<\/p><h2>9. Enviando una reclamaci\u00f3n<\/h2><p>Si no est\u00e1 satisfecho con la forma en que tratamos o procesamos sus datos personales, tiene derecho a presentar una queja ante la Autoridad nacional de protecci\u00f3n de datos (ANPD):<\/p><p><br \/>Autoridade Nacional de Prote\u00e7\u00e3o de Dados\n\t\t\t\t\t\t<br \/>\n\t\t\t\t\t\t<br \/>Esplanada dos Minist\u00e9rios,\n\t\t\t\t\t\t<br \/>Bloco C,\n\t\t\t\t\t\t<br \/>2\u00ba andar,\n\t\t\t\t\t\t<br \/>CEP 70297-400 &#8211; Bras\u00edlia \u2013 DF.\n\t\t\t\t\t\t<br \/><a href=\"https:\/\/www.gov.br\/anpd\/pt-br\/canais_atendimento\/\" target=\"_blank\" rel=\"noopener\">Web<\/a><\/p><h2>10. Ni\u00f1os<\/h2><p>Nuestra web no est\u00e1 dise\u00f1ada para atraer ni\u00f1os y no es nuestra intenci\u00f3n recopilar datos personales de ni\u00f1os menores de edad en su pa\u00eds de residencia. Por lo tanto, solicitamos que los ni\u00f1os menores de edad no nos env\u00eden ning\u00fan dato personal.<\/p><h2>11. Datos de contacto<\/h2><p>Bay Call Pty Limited<br \/>\n        Suite 18, 281 &#8211; 287 Sussex Street, Sydney NSW 2000<br \/>\n        Australia<br \/>\n        Web: <a href=\"https:\/\/www.esim4.com\/es\/\">https:\/\/www.esim4.com\/es\/<\/a> <br \/>\n        Correo electr\u00f3nico: <span class=\"cmplz-obfuscate\">s&#097;l&#101;&#115;@<span class=\"cmplz-fmail-domain\">e&#120;&#046;&#099;om<\/span>es&#105;m4.&#099;o&#109;<\/span> <br \/>\n        N\u00famero de tel\u00e9fono: +61 2 9283 9292<\/p><h2>Anexo<\/h2><p><h2>WPML<\/h2><p>WPML uses cookies to identify the visitor\u2019s current language, the last visited language and the language of users who have logged in.<\/p><p>While you use the plugin, WPML will share data regarding the site through Installer. No data from the user itself will be shared.<\/p><h2>WPML<\/h2><p>WPML uses cookies to identify the visitor\u2019s current language, the last visited language and the language of users who have logged in.<\/p><p>While you use the plugin, WPML will share data regarding the site through Installer. No data from the user itself will be shared.<\/p><h2>WPML<\/h2><p>WPML uses cookies to identify the visitor\u2019s current language, the last visited language and the language of users who have logged in.<\/p><p>While you use the plugin, WPML will share data regarding the site through Installer. No data from the user itself will be shared.<\/p><h2>WooCommerce<\/h2><p>This sample language includes the basics around what personal data your store may be collecting, storing and sharing, as well as who may have access to that data. Depending on what settings are enabled and which additional plugins are used, the specific information shared by your store will vary. We recommend consulting with a lawyer when deciding what information to disclose on your privacy policy.<\/p><p>We collect information about you during the checkout process on our store.<\/p><h2>What we collect and store<\/h2><p>While you visit our site, we\u2019ll track:<\/p><ul><li>Products you\u2019ve viewed: we\u2019ll use this to, for example, show you products you\u2019ve recently viewed<\/li><li>Location, IP address and browser type: we\u2019ll use this for purposes like estimating taxes and shipping<\/li><li>Shipping address: we\u2019ll ask you to enter this so we can, for instance, estimate shipping before you place an order, and send you the order!<\/li><\/ul><p>We\u2019ll also use cookies to keep track of cart contents while you\u2019re browsing our site.<\/p><p>Note: you may want to further detail your cookie policy, and link to that section from here.<\/p><p>When you purchase from us, we\u2019ll ask you to provide information including your name, billing address, shipping address, email address, phone number, credit card\/payment details and optional account information like username and password. We\u2019ll use this information for purposes, such as, to:<\/p><ul><li>Send you information about your account and order<\/li><li>Respond to your requests, including refunds and complaints<\/li><li>Process payments and prevent fraud<\/li><li>Set up your account for our store<\/li><li>Comply with any legal obligations we have, such as calculating taxes<\/li><li>Improve our store offerings<\/li><li>Send you marketing messages, if you choose to receive them<\/li><\/ul><p>If you create an account, we will store your name, address, email and phone number, which will be used to populate the checkout for future orders.<\/p><p>We generally store information about you for as long as we need the information for the purposes for which we collect and use it, and we are not legally required to continue to keep it. For example, we will store order information for XXX years for tax and accounting purposes. This includes your name, email address and billing and shipping addresses.<\/p><p>We will also store comments or reviews, if you choose to leave them.<\/p><h2>Who on our team has access<\/h2><p>Members of our team have access to the information you provide us. For example, both Administrators and Shop Managers can access:<\/p><ul><li>Order information like what was purchased, when it was purchased and where it should be sent, and<\/li><li>Customer information like your name, email address, and billing and shipping information.<\/li><\/ul><p>Our team members have access to this information to help fulfill orders, process refunds and support you.<\/p><h2>What we share with others<\/h2><p>In this section you should list who you\u2019re sharing data with, and for what purpose. This could include, but may not be limited to, analytics, marketing, payment gateways, shipping providers, and third party embeds.<\/p><p>We share information with third parties who help us provide our orders and store services to you; for example &#8212;<\/p><h3>Payments<\/h3><p>In this subsection you should list which third party payment processors you\u2019re using to take payments on your store since these may handle customer data. We\u2019ve included PayPal as an example, but you should remove this if you\u2019re not using PayPal.<\/p><p>We accept payments through PayPal. When processing payments, some of your data will be passed to PayPal, including information required to process or support the payment, such as the purchase total and billing information.<\/p><p>Please see the <a href=\"https:\/\/www.paypal.com\/us\/webapps\/mpp\/ua\/privacy-full\" target=\"_blank\" rel=\"noopener\">PayPal Privacy Policy<\/a> for more details.<\/p><h2>WPML Translation Management<\/h2><p>WPML Translation Management will send the email address and name of each manager and assigned translator as well as the content itself to Advanced Translation Editor and to the translation services which are used.<\/p><h2>WPML String Translation<\/h2><p>WPML String Translation will send all strings to WPML\u2019s Advanced Translation Editor and to the translation services which are used.<\/p><h2>Burst Statistics<\/h2><p>This website uses Burst Statistics, a Privacy-Friendly Statistics Tool to analyze visitor behavior. For this functionality we (this website) collect anonymized data, stored locally without sharing it with other parties. For more information, please read the <a href=\"https:\/\/burst-statistics.com\/legal\/privacy-statement\/\" target=\"_blank\" rel=\"noopener\">Privacy Statement <\/a>from Burst.<\/p><h2>Complianz | The Privacy Suite for WordPress<\/h2><p>This website uses the Privacy Suite for WordPress by Complianz to collect and record Browser and Device-based Consent. For this functionality, your IP address is anonymized and stored in our database.&nbsp;This service does not process any personally identifiable information and does not share any data with the service provider.&nbsp;For more information, see the Complianz <a href=\"https:\/\/complianz.io\/legal\/privacy-statement\/\" target=\"_blank\" rel=\"noopener\">Privacy Statement<\/a>.<\/p><h2>Stripe<\/h2><p>By using this extension, you may be storing personal data or sharing data with an external service. <a href=\"https:\/\/woocommerce.com\/document\/privacy-payments\/#how-payment-providers-use-data\" target=\"_blank\" rel=\"noopener\">Learn more about how this works, including what you may want to include in your privacy policy<\/a>.<\/p><\/p><\/div>","protected":false},"excerpt":{"rendered":"","protected":false},"author":1,"featured_media":0,"parent":0,"menu_order":0,"comment_status":"closed","ping_status":"closed","template":"","meta":{"_acf_changed":false,"footnotes":""},"class_list":["post-81790","page","type-page","status-publish","hentry"],"acf":[],"jetpack_sharing_enabled":true,"_links":{"self":[{"href":"https:\/\/www.esim4.com\/es\/wp-json\/wp\/v2\/pages\/81790","targetHints":{"allow":["GET"]}}],"collection":[{"href":"https:\/\/www.esim4.com\/es\/wp-json\/wp\/v2\/pages"}],"about":[{"href":"https:\/\/www.esim4.com\/es\/wp-json\/wp\/v2\/types\/page"}],"author":[{"embeddable":true,"href":"https:\/\/www.esim4.com\/es\/wp-json\/wp\/v2\/users\/1"}],"replies":[{"embeddable":true,"href":"https:\/\/www.esim4.com\/es\/wp-json\/wp\/v2\/comments?post=81790"}],"version-history":[{"count":1,"href":"https:\/\/www.esim4.com\/es\/wp-json\/wp\/v2\/pages\/81790\/revisions"}],"predecessor-version":[{"id":81791,"href":"https:\/\/www.esim4.com\/es\/wp-json\/wp\/v2\/pages\/81790\/revisions\/81791"}],"wp:attachment":[{"href":"https:\/\/www.esim4.com\/es\/wp-json\/wp\/v2\/media?parent=81790"}],"curies":[{"name":"wp","href":"https:\/\/api.w.org\/{rel}","templated":true}]}}