{"id":81837,"date":"2024-11-05T01:26:41","date_gmt":"2024-11-04T14:26:41","guid":{"rendered":"https:\/\/www.esim4.com\/declaracion-de-privacidad-reino-unido\/"},"modified":"2024-12-06T17:21:38","modified_gmt":"2024-12-06T06:21:38","slug":"declaracion-de-privacidad-reino-unido","status":"publish","type":"page","link":"https:\/\/www.esim4.com\/es\/declaracion-de-privacidad-reino-unido\/","title":{"rendered":"Declaraci\u00f3n de privacidad (Reino Unido)"},"content":{"rendered":"\n<!-- Legal document generated by Complianz | GDPR\/CCPA Cookie Consent https:\/\/wordpress.org\/plugins\/complianz-gdpr -->\n<div id=\"cmplz-document\" class=\"cmplz-document privacy-statement cmplz-document-uk\"><p><i>This privacy statement was last updated on marzo 16, 2026 and applies to citizens and legal permanent residents of the United Kingdom.<\/i><br><br><\/p><p>In this privacy statement, we explain what we do with the data we obtain about you via <a href=\"https:\/\/www.esim4.com\/es\/\">https:\/\/www.esim4.com\/es\/<\/a>. We recommend you carefully read this statement. In our processing we comply with the requirements of privacy legislation. That means, among other things, that:<\/p><ul>\n                <li>we clearly state the purposes for which we process personal data. We do this by means of this privacy statement;<\/li>\n                <li>we aim to limit our collection of personal data to only the personal data required for legitimate purposes;<\/li>\n                <li>we first request your explicit consent to process your personal data in cases requiring your consent;<\/li>\n                <li>we take appropriate security measures to protect your personal data and also require this from parties that process personal data on our behalf;<\/li>\n                <li>we respect your right to access your personal data or have it corrected or deleted, at your request.<\/li>\n            <\/ul><p>If you have any questions, or want to know exactly what data we keep of you, please contact us.<\/p><h2>1. Prop\u00f3sito, datos y periodo de retenci\u00f3n<\/h2>Podemos recopilar o recibir informaci\u00f3n personal para un n\u00famero de prop\u00f3sitos relacionados con nuestras operaciones comerciales, que pueden incluir lo siguiente: (haga clic para expandir) <details class=\"cmplz-dropdown dropdown-privacy-statement\"><summary><div><h3>1.1 Contacto &#8211; Por tel\u00e9fono, correo, correo electr\u00f3nico y\/o formularios en el sitio<\/h3><\/div><\/summary><p class=\"cmplz-subtitle\">Para ello utilizamos los siguientes datos:<\/p><p><ul><li>Una direcci\u00f3n de correo electr\u00f3nico<\/li><li>Direcci\u00f3n IP<\/li><li>Datos de geolocalizaci\u00f3n<\/li><li>Nombre de cuenta o alias<\/li><\/ul><\/p><p class=\"cmplz-subtitle\">La base sobre la que podemos procesar estos datos es:<\/p><p><a target=\"_blank\" rel=\"noopener noreferrer nofollow\" href=\"https:\/\/cookiedatabase.org\/legal-bases\/#agreement\">Es necesario para la ejecuci\u00f3n de un contrato o de procedimientos preliminares relacionados con un contrato en el que el interesado es parte. <\/a><\/p><p class=\"cmplz-subtitle\">Per\u00edodo de retenci\u00f3n<\/p><p>Una vez finalizado el servicio, conservaremos estos datos durante el siguiente per\u00edodo: 12 months.<\/p><\/details><details class=\"cmplz-dropdown dropdown-privacy-statement\"><summary><div><h3>1.2 Pagos<\/h3><\/div><\/summary><p class=\"cmplz-subtitle\">Para ello utilizamos los siguientes datos:<\/p><p><ul><li>Una direcci\u00f3n de correo electr\u00f3nico<\/li><li>Direcci\u00f3n IP<\/li><li>Informaci\u00f3n sobre la actividad en internet, incluyendo, pero sin limitarse a, el historial de navegaci\u00f3n, el historial de b\u00fasqueda y la informaci\u00f3n relacionada con la interacci\u00f3n de un consumidor con una web, aplicaci\u00f3n o anuncio en internet<\/li><li>Datos de geolocalizaci\u00f3n<\/li><li>Nombre de cuenta o alias<\/li><\/ul><\/p><p class=\"cmplz-subtitle\">La base sobre la que podemos procesar estos datos es:<\/p><p><a target=\"_blank\" rel=\"noopener noreferrer nofollow\" href=\"https:\/\/cookiedatabase.org\/legal-bases\/#public\">Es necesario para el cumplimiento de una tarea realizada en inter\u00e9s p\u00fablico o en el ejercicio del poder p\u00fablico conferido al responsable del tratamiento<\/a><\/p><p class=\"cmplz-subtitle\">Per\u00edodo de retenci\u00f3n<\/p><p>Una vez finalizado el servicio, conservaremos estos datos durante el siguiente per\u00edodo: 12 months.<\/p><\/details><details class=\"cmplz-dropdown dropdown-privacy-statement\"><summary><div><h3>1.3 Para dar soporte a servicios o productos que un cliente quiere comprar o ha comprado<\/h3><\/div><\/summary><p class=\"cmplz-subtitle\">Para ello utilizamos los siguientes datos:<\/p><p><ul><li>Una direcci\u00f3n de correo electr\u00f3nico<\/li><li>Direcci\u00f3n IP<\/li><li>Datos de geolocalizaci\u00f3n<\/li><li>Nombre de cuenta o alias<\/li><\/ul><\/p><p class=\"cmplz-subtitle\">La base sobre la que podemos procesar estos datos es:<\/p><p><a target=\"_blank\" rel=\"noopener noreferrer nofollow\" href=\"https:\/\/cookiedatabase.org\/legal-bases\/#public\">Es necesario para el cumplimiento de una tarea realizada en inter\u00e9s p\u00fablico o en el ejercicio del poder p\u00fablico conferido al responsable del tratamiento<\/a><\/p><p class=\"cmplz-subtitle\">Per\u00edodo de retenci\u00f3n<\/p><p>Una vez finalizado el servicio, conservaremos estos datos durante el siguiente per\u00edodo: 12 Months.<\/p><\/details><details class=\"cmplz-dropdown dropdown-privacy-statement\"><summary><div><h3>1.4 Para poder ofrecer productos y servicios personalizados.<\/h3><\/div><\/summary><p class=\"cmplz-subtitle\">Para ello utilizamos los siguientes datos:<\/p><p><ul><li>Un nombre y apellido<\/li><li>Direcci\u00f3n IP<\/li><li>Datos de geolocalizaci\u00f3n<\/li><li>Una direcci\u00f3n de correo electr\u00f3nico<\/li><\/ul><\/p><p class=\"cmplz-subtitle\">La base sobre la que podemos procesar estos datos es:<\/p><p><a target=\"_blank\" rel=\"noopener noreferrer nofollow\" href=\"https:\/\/cookiedatabase.org\/legal-bases\/#public\">Es necesario para el cumplimiento de una tarea realizada en inter\u00e9s p\u00fablico o en el ejercicio del poder p\u00fablico conferido al responsable del tratamiento<\/a><\/p><p class=\"cmplz-subtitle\">Per\u00edodo de retenci\u00f3n<\/p><p>Una vez finalizado el servicio, conservaremos estos datos durante el siguiente per\u00edodo: 12 Months.<\/p><\/details><details class=\"cmplz-dropdown dropdown-privacy-statement\"><summary><div><h3>1.5 Entregas<\/h3><\/div><\/summary><p class=\"cmplz-subtitle\">Para ello utilizamos los siguientes datos:<\/p><p><ul><li>Una direcci\u00f3n de correo electr\u00f3nico<\/li><li>Datos de geolocalizaci\u00f3n<\/li><li>Direcci\u00f3n IP<\/li><li>Nombre de cuenta o alias<\/li><\/ul><\/p><p class=\"cmplz-subtitle\">La base sobre la que podemos procesar estos datos es:<\/p><p><a target=\"_blank\" rel=\"noopener noreferrer nofollow\" href=\"https:\/\/cookiedatabase.org\/legal-bases\/#consent\">Tras la prestaci\u00f3n del consentimiento. <\/a><\/p><p class=\"cmplz-subtitle\">Per\u00edodo de retenci\u00f3n<\/p><p>Una vez finalizado el servicio, conservaremos estos datos durante el siguiente per\u00edodo: 12 Months.<\/p><\/details><details class=\"cmplz-dropdown dropdown-privacy-statement\"><summary><div><h3>1.6 Recopilaci\u00f3n y an\u00e1lisis de estad\u00edsticas para la mejora de la web.<\/h3><\/div><\/summary><p class=\"cmplz-subtitle\">Para ello utilizamos los siguientes datos:<\/p><p><ul><li>Una direcci\u00f3n de correo electr\u00f3nico<\/li><li>Direcci\u00f3n IP<\/li><li>Datos de geolocalizaci\u00f3n<\/li><li>Nombre de cuenta o alias<\/li><\/ul><\/p><p class=\"cmplz-subtitle\">La base sobre la que podemos procesar estos datos es:<\/p><p><a target=\"_blank\" rel=\"noopener noreferrer nofollow\" href=\"https:\/\/cookiedatabase.org\/legal-bases\/#public\">Es necesario para el cumplimiento de una tarea realizada en inter\u00e9s p\u00fablico o en el ejercicio del poder p\u00fablico conferido al responsable del tratamiento<\/a><\/p><p class=\"cmplz-subtitle\">Per\u00edodo de retenci\u00f3n<\/p><p>Una vez finalizado el servicio, conservaremos estos datos durante el siguiente per\u00edodo: 12 Months.<\/p><\/details><details class=\"cmplz-dropdown dropdown-privacy-statement\"><summary><div><h3>1.7 Para poder cumplir con las obligaciones legales<\/h3><\/div><\/summary><p class=\"cmplz-subtitle\">Para ello utilizamos los siguientes datos:<\/p><p><ul><li>Una direcci\u00f3n de correo electr\u00f3nico<\/li><li>Datos de geolocalizaci\u00f3n<\/li><li>Direcci\u00f3n IP<\/li><li>Nombre de cuenta o alias<\/li><\/ul><\/p><p class=\"cmplz-subtitle\">La base sobre la que podemos procesar estos datos es:<\/p><p><a target=\"_blank\" rel=\"noopener noreferrer nofollow\" href=\"https:\/\/cookiedatabase.org\/legal-bases\/#public\">Es necesario para el cumplimiento de una tarea realizada en inter\u00e9s p\u00fablico o en el ejercicio del poder p\u00fablico conferido al responsable del tratamiento<\/a><\/p><p class=\"cmplz-subtitle\">Per\u00edodo de retenci\u00f3n<\/p><p>Una vez finalizado el servicio, conservaremos estos datos durante el siguiente per\u00edodo: 12 Monrha.<\/p><\/details><h2>2. Cookies<\/h2><p>Our website uses cookies. For more information about cookies, please refer to our <a href=\"https:\/\/www.esim4.com\/es\/politica-de-cookies-espana\/\">Cookie Policy<\/a>.&nbsp;<\/p><h2>3. Disclosure practices<\/h2><p><p>We disclose personal information if we are required by law or by a court order, in response to a law enforcement agency, to the extent permitted under other provisions of law, to provide information, or for an investigation on a matter related to public safety.<\/p><p>If our website or organisation is taken over, sold, or involved in a merger or acquisition, your details may be disclosed to our advisers and any prospective purchasers and will be passed on to the new owners.<\/p><\/p><p>We have concluded a data processing agreement with Google.<\/p><p>Google may not use the data for any other Google services.<\/p><h2>4. Security<\/h2><p>We are committed to the security of personal data. We take appropriate security measures to limit abuse of and unauthorised access to personal data. This ensures that only the necessary persons have access to your data, that access to the data is protected, and that our security measures are regularly reviewed.<\/p><h2>5. Third-party websites<\/h2><p>This privacy statement does not apply to third-party websites connected by links on our website. We cannot guarantee that these third parties handle your personal data in a reliable or secure manner. We recommend you read the privacy statements of these websites prior to making use of these websites.<\/p><h2>6. Amendments to this privacy statement<\/h2><p>We reserve the right to make amendments to this privacy statement. It is recommended that you consult this privacy statement regularly in order to be aware of any changes. In addition, we will actively inform you wherever possible.<\/p><h2>7. Accessing and modifying your data<\/h2><p>If you have any questions or want to know which personal data we have about you, please contact us. You can contact us by using the information below. You have the following rights:<\/p><ul>\n                <li>You have the right to know why your personal data is needed, what will happen to it, and how long it will be retained for.<\/li>\n                <li>Right of access: You have the right to access your personal data that is known to us.<\/li>\n                <li>Right to rectification: you have the right to supplement, correct, have deleted or blocked your personal data whenever you wish.<\/li>\n                <li>If you give us your consent to process your data, you have the right to revoke that consent and to have your personal data deleted.<\/li>\n                <li>Right to transfer your data: you have the right to request all your personal data from the controller and transfer it in its entirety to another controller.<\/li>\n                <li>Right to object: you may object to the processing of your data. We comply with this, unless there are justified grounds for processing.<\/li>\n            <\/ul><p>Please make sure to always clearly state who you are, so that we can be certain that we do not modify or delete any data of the wrong person.<\/p><h2>8. Submitting a complaint<\/h2><p>If you are not satisfied with the way in which we handle (a complaint about) the processing of your personal data, you have the right to submit a complaint to the Information Commissioner&#8217;s Office:<\/p><p><br>Wycliffe House<br>\n                        Water Lane<br>\n                        Wilmslow<br>\n                        Cheshire<br>\n                        SK9 5AF<\/p><p><br>Jersey Office of The Information Commissioner<br>\n                        2nd Floor 5 Castle Street<br>\n                        St. Helier<br>\n                        Jersey<br>\n                        JE2 3BT<\/p><p><br>St Martin\u2019s House<br>\n                        Le Bordage<br>\n                        St. Peter Port<br>\n                        Guernsey<br>\n                        GY1 1BR<\/p><h2>9. Children<\/h2><p>Our website is not designed to attract children and it is not our intent to collect personal data from children under the age of consent in their country of residence. We therefore request that children under the age of consent do not submit any personal data to us.<\/p><h2>10. Contact details<\/h2><p>Bay Call Pty Limited<br>\n        Suite 18, 281 &#8211; 287 Sussex Street, Sydney NSW 2000<br>\n        Australia<br>\n        Website: <a href=\"https:\/\/www.esim4.com\/es\/\">https:\/\/www.esim4.com\/es\/<\/a> <br>\n        Email: <span class=\"cmplz-obfuscate\">sal&#101;s@<span class=\"cmplz-fmail-domain\">&#101;x&#046;c&#111;m<\/span>e&#115;i&#109;4.&#099;o&#109;<\/span> <br>\n        N\u00famero de tel\u00e9fono: +61 2 9283 9292<\/p><h2>Annex<\/h2><p><h2>WPML<\/h2><p>WPML uses cookies to identify the visitor\u2019s current language, the last visited language and the language of users who have logged in.<\/p><p>While you use the plugin, WPML will share data regarding the site through Installer. No data from the user itself will be shared.<\/p><h2>WPML<\/h2><p>WPML uses cookies to identify the visitor\u2019s current language, the last visited language and the language of users who have logged in.<\/p><p>While you use the plugin, WPML will share data regarding the site through Installer. No data from the user itself will be shared.<\/p><h2>WPML<\/h2><p>WPML uses cookies to identify the visitor\u2019s current language, the last visited language and the language of users who have logged in.<\/p><p>While you use the plugin, WPML will share data regarding the site through Installer. No data from the user itself will be shared.<\/p><h2>WooCommerce<\/h2><p>This sample language includes the basics around what personal data your store may be collecting, storing and sharing, as well as who may have access to that data. Depending on what settings are enabled and which additional plugins are used, the specific information shared by your store will vary. We recommend consulting with a lawyer when deciding what information to disclose on your privacy policy.<\/p><p>We collect information about you during the checkout process on our store.<\/p><h2>What we collect and store<\/h2><p>While you visit our site, we\u2019ll track:<\/p><ul><li>Products you\u2019ve viewed: we\u2019ll use this to, for example, show you products you\u2019ve recently viewed<\/li><li>Location, IP address and browser type: we\u2019ll use this for purposes like estimating taxes and shipping<\/li><li>Shipping address: we\u2019ll ask you to enter this so we can, for instance, estimate shipping before you place an order, and send you the order!<\/li><\/ul><p>We\u2019ll also use cookies to keep track of cart contents while you\u2019re browsing our site.<\/p><p>Note: you may want to further detail your cookie policy, and link to that section from here.<\/p><p>When you purchase from us, we\u2019ll ask you to provide information including your name, billing address, shipping address, email address, phone number, credit card\/payment details and optional account information like username and password. We\u2019ll use this information for purposes, such as, to:<\/p><ul><li>Send you information about your account and order<\/li><li>Respond to your requests, including refunds and complaints<\/li><li>Process payments and prevent fraud<\/li><li>Set up your account for our store<\/li><li>Comply with any legal obligations we have, such as calculating taxes<\/li><li>Improve our store offerings<\/li><li>Send you marketing messages, if you choose to receive them<\/li><\/ul><p>If you create an account, we will store your name, address, email and phone number, which will be used to populate the checkout for future orders.<\/p><p>We generally store information about you for as long as we need the information for the purposes for which we collect and use it, and we are not legally required to continue to keep it. For example, we will store order information for XXX years for tax and accounting purposes. This includes your name, email address and billing and shipping addresses.<\/p><p>We will also store comments or reviews, if you choose to leave them.<\/p><h2>Who on our team has access<\/h2><p>Members of our team have access to the information you provide us. For example, both Administrators and Shop Managers can access:<\/p><ul><li>Order information like what was purchased, when it was purchased and where it should be sent, and<\/li><li>Customer information like your name, email address, and billing and shipping information.<\/li><\/ul><p>Our team members have access to this information to help fulfill orders, process refunds and support you.<\/p><h2>What we share with others<\/h2><p>In this section you should list who you\u2019re sharing data with, and for what purpose. This could include, but may not be limited to, analytics, marketing, payment gateways, shipping providers, and third party embeds.<\/p><p>We share information with third parties who help us provide our orders and store services to you; for example &#8212;<\/p><h3>Payments<\/h3><p>In this subsection you should list which third party payment processors you\u2019re using to take payments on your store since these may handle customer data. We\u2019ve included PayPal as an example, but you should remove this if you\u2019re not using PayPal.<\/p><p>We accept payments through PayPal. When processing payments, some of your data will be passed to PayPal, including information required to process or support the payment, such as the purchase total and billing information.<\/p><p>Please see the <a href=\"https:\/\/www.paypal.com\/us\/webapps\/mpp\/ua\/privacy-full\" target=\"_blank\" rel=\"noopener\">PayPal Privacy Policy<\/a> for more details.<\/p><h2>WPML Translation Management<\/h2><p>WPML Translation Management will send the email address and name of each manager and assigned translator as well as the content itself to Advanced Translation Editor and to the translation services which are used.<\/p><h2>WPML String Translation<\/h2><p>WPML String Translation will send all strings to WPML\u2019s Advanced Translation Editor and to the translation services which are used.<\/p><h2>Burst Statistics<\/h2><p>This website uses Burst Statistics, a Privacy-Friendly Statistics Tool to analyze visitor behavior. For this functionality we (this website) collect anonymized data, stored locally without sharing it with other parties. For more information, please read the <a href=\"https:\/\/burst-statistics.com\/legal\/privacy-statement\/\" target=\"_blank\" rel=\"noopener\">Privacy Statement <\/a>from Burst.<\/p><h2>Complianz | The Privacy Suite for WordPress<\/h2><p>This website uses the Privacy Suite for WordPress by Complianz to collect and record Browser and Device-based Consent. For this functionality, your IP address is anonymized and stored in our database.&nbsp;This service does not process any personally identifiable information and does not share any data with the service provider.&nbsp;For more information, see the Complianz <a href=\"https:\/\/complianz.io\/legal\/privacy-statement\/\" target=\"_blank\" rel=\"noopener\">Privacy Statement<\/a>.<\/p><h2>Stripe<\/h2><p>By using this extension, you may be storing personal data or sharing data with an external service. <a href=\"https:\/\/woocommerce.com\/document\/privacy-payments\/#how-payment-providers-use-data\" target=\"_blank\" rel=\"noopener\">Learn more about how this works, including what you may want to include in your privacy policy<\/a>.<\/p><\/p><\/div>","protected":false},"excerpt":{"rendered":"","protected":false},"author":1,"featured_media":0,"parent":0,"menu_order":0,"comment_status":"closed","ping_status":"closed","template":"","meta":{"_acf_changed":false,"footnotes":""},"class_list":["post-81837","page","type-page","status-publish","hentry"],"acf":[],"jetpack_sharing_enabled":true,"_links":{"self":[{"href":"https:\/\/www.esim4.com\/es\/wp-json\/wp\/v2\/pages\/81837","targetHints":{"allow":["GET"]}}],"collection":[{"href":"https:\/\/www.esim4.com\/es\/wp-json\/wp\/v2\/pages"}],"about":[{"href":"https:\/\/www.esim4.com\/es\/wp-json\/wp\/v2\/types\/page"}],"author":[{"embeddable":true,"href":"https:\/\/www.esim4.com\/es\/wp-json\/wp\/v2\/users\/1"}],"replies":[{"embeddable":true,"href":"https:\/\/www.esim4.com\/es\/wp-json\/wp\/v2\/comments?post=81837"}],"version-history":[{"count":1,"href":"https:\/\/www.esim4.com\/es\/wp-json\/wp\/v2\/pages\/81837\/revisions"}],"predecessor-version":[{"id":81839,"href":"https:\/\/www.esim4.com\/es\/wp-json\/wp\/v2\/pages\/81837\/revisions\/81839"}],"wp:attachment":[{"href":"https:\/\/www.esim4.com\/es\/wp-json\/wp\/v2\/media?parent=81837"}],"curies":[{"name":"wp","href":"https:\/\/api.w.org\/{rel}","templated":true}]}}