{"id":60802,"date":"2025-06-14T08:36:20","date_gmt":"2025-06-13T22:36:20","guid":{"rendered":"https:\/\/www.esim4.com\/product\/esim-guyana-5-gb-30-dias\/"},"modified":"2024-09-10T08:11:46","modified_gmt":"2024-09-09T22:11:46","slug":"esim-guyana-5-gb-30-dias","status":"publish","type":"product","link":"https:\/\/www.esim4.com\/es\/producto\/esim-guyana-5-gb-30-dias\/","title":{"rendered":"eSIM Guyana &#8211; 5 GB &#8211; 30 D\u00edas"},"content":{"rendered":"<p>  \u00a1Hola, Trotamundos! \ud83d\ude80 \u00bfTe est\u00e1s preparando para viajar a la joya oculta del mundo, Guyana? Deja que nuestra eSIM de 5 GB &#8211; 30 d\u00edas sea tu aliada digital de confianza, \u00a1asegur\u00e1ndote de que sigues conectado a cada paso!<\/p>\n<p>  eSIM de s\u00f3lo datos 4G.<br \/>Recargable en l\u00ednea sin caducidad.<br \/>Opera en la red Guyana Telephone &amp; Telegraph de Guyana. . Ya sea por trabajo o por ocio, conf\u00eda en nuestra s\u00f3lida conectividad m\u00f3vil local en tiempo real desde el momento en que pongas un pie en tu destino.<\/p>\n<p>  Descubre las ventajas de nuestra eSIM de prepago:<br \/>\n  &#8212;&#8212;&#8212;&#8212;&#8212;&#8212;&#8212;&#8212;&#8212;&#8212;&#8212;&#8212;&#8212;&#8212;&#8212;&#8211;<br \/>\n  \ud83c\udfaf Ponte en marcha en menos de un minuto. Disfruta de una conectividad local r\u00e1pida, te lleven donde te lleven tus viajes.<\/p>\n<p>  \ud83c\udf10 Sum\u00e9rgete en la fuerza de la conectividad 3G\/4G con nuestra eSIM. Aprovecha las velocidades locales de Internet y desp\u00eddete de las molestias del roaming tradicional.<\/p>\n<p>  \ud83d\udcb0 Disfruta de tarifas locales econ\u00f3micas. Abandona la incertidumbre de unos costes de itinerancia elevados e impredecibles.<\/p>\n<p>  \ud83d\udd70 Recupera tu tiempo sin cambiar de tarjeta SIM. Olv\u00eddate de las largas colas de los aeropuertos o de la molestia de cambiar f\u00edsicamente las tarjetas SIM.<\/p>\n<p>  Caracter\u00edsticas distintivas del producto:<br \/>\n  &#8212;&#8212;&#8212;&#8212;&#8212;&#8212;&#8212;&#8212;&#8212;&#8212;&#8212;&#8212;&#8212;&#8212;&#8212;&#8211;<br \/>\n  \u2714\ufe0f Acceso a datos: eSIM prepago 5 GB &#8211; 30 D\u00edas.<\/p>\n<p>  \u2714\ufe0f Validez: Disfruta de un periodo de validez de 5 GB &#8211; 30 D\u00edas a partir del d\u00eda de activaci\u00f3n de tu eSIM.<\/p>\n<p>  \u2714\ufe0f Velocidad: Aprovecha la conectividad 3G\/4G.<\/p>\n<p>  \u2714\ufe0f Tipo de plan: S\u00f3lo datos. Mantente al d\u00eda con todas tus aplicaciones favoritas y realiza llamadas a trav\u00e9s de plataformas como WhatsApp, Facebook, etc.<\/p>\n<p>  \u2714\ufe0f Privacidad: Respetamos tu privacidad. No necesitas verificar tu identidad: explora el mundo preservando tu anonimato.<\/p>\n<p>  \u2714\ufe0f Redes: Nuestra eSIM de Guyana se sincroniza con los proveedores de red locales, lo que garantiza una cobertura ininterrumpida.<\/p>\n<p>  \u2714\ufe0f Cobertura: Disfruta de cobertura total en todo tu destino.<\/p>\n<p>  \u2714\ufe0f Compatibilidad: Dise\u00f1ado exclusivamente para dispositivos desbloqueados compatibles con eSIM.<\/p>\n<p>  \u2714\ufe0f Entrega: Tras la compra, te enviaremos por correo electr\u00f3nico tu eSIM personalizada e instrucciones detalladas de configuraci\u00f3n para iOS y Android en 24 horas. S\u00f3lo tienes que escanear el c\u00f3digo QR para activarlo: \u00a1as\u00ed de sencillo!<\/p>\n<p>  <strong>\u00bfQu\u00e9 puedo hacer con 5 GB &#8211; 30 D\u00edas de datos?<\/strong><br \/>\nCon nuestro paquete de datos 5 GB &#8211; 30 D\u00edas, tendr\u00e1s datos m\u00e1s que suficientes para mantenerte conectado y aprovechar al m\u00e1ximo tu viaje. Esto es lo que puedes hacer con 5 GB &#8211; 30 D\u00edas de datos:<br \/>\n<\/p>\n<p>Mapa de Google<br \/>\nEncuentra 13.421.772 rutas<\/p>\n<p>Spotify<br \/>\nEscucha 1.024 canciones<\/p>\n<p>YouTube<br \/>\nVer 1,4 horas de v\u00eddeos<\/p>\n<p>Facebook<br \/>\nHaz 2.560 publicaciones en Facebook<\/p>\n<p>Instagram<br \/>\nHacer 17.476 publicaciones en Instagram<\/p>\n<p>  *** Descargo de responsabilidad: Estas estimaciones son s\u00f3lo de referencia; el uso real de datos puede variar.<\/p>\n<p>  Sube y comparte tus recuerdos de viaje en las redes sociales y mantente conectado con tus amigos y familiares mediante videollamadas.<\/p>\n<p>  En eSIM4, nos dedicamos a ofrecer las soluciones de eSIM e Internet m\u00f3vil m\u00e1s fiables de todo el mundo.  <\/p>\n<p>  Para cualquier consulta o ayuda, no dudes en ponerte en contacto con nosotros. \u00a1Por un viaje memorable! \ud83d\ude80<\/p>\n","protected":false},"excerpt":{"rendered":"<p>\u00a1Hola, Trotamundos! \ud83d\ude80 \u00bfTe est\u00e1s preparando para viajar a la joya oculta del mundo, Guyana? Deja que nuestra eSIM de 5 GB &#8211; 30 d\u00edas sea tu aliada digital de confianza, \u00a1asegur\u00e1ndote de que sigues conectado a cada paso! eSIM de s\u00f3lo datos 4G.Recargable en l\u00ednea sin caducidad.Opera en la red Guyana Telephone &amp; Telegraph [&#8230;]\n","protected":false},"featured_media":60806,"template":"","meta":{"_acf_changed":false},"product_brand":[],"product_cat":[1219],"product_tag":[],"class_list":{"0":"post-60802","1":"product","2":"type-product","3":"status-publish","4":"has-post-thumbnail","6":"product_cat-guyana-es","8":"first","9":"outofstock","10":"sale","11":"virtual","12":"purchasable","13":"product-type-simple"},"acf":[],"jetpack_sharing_enabled":true,"_links":{"self":[{"href":"https:\/\/www.esim4.com\/es\/wp-json\/wp\/v2\/product\/60802","targetHints":{"allow":["GET"]}}],"collection":[{"href":"https:\/\/www.esim4.com\/es\/wp-json\/wp\/v2\/product"}],"about":[{"href":"https:\/\/www.esim4.com\/es\/wp-json\/wp\/v2\/types\/product"}],"wp:featuredmedia":[{"embeddable":true,"href":"https:\/\/www.esim4.com\/es\/wp-json\/wp\/v2\/media\/60806"}],"wp:attachment":[{"href":"https:\/\/www.esim4.com\/es\/wp-json\/wp\/v2\/media?parent=60802"}],"wp:term":[{"taxonomy":"product_brand","embeddable":true,"href":"https:\/\/www.esim4.com\/es\/wp-json\/wp\/v2\/product_brand?post=60802"},{"taxonomy":"product_cat","embeddable":true,"href":"https:\/\/www.esim4.com\/es\/wp-json\/wp\/v2\/product_cat?post=60802"},{"taxonomy":"product_tag","embeddable":true,"href":"https:\/\/www.esim4.com\/es\/wp-json\/wp\/v2\/product_tag?post=60802"}],"curies":[{"name":"wp","href":"https:\/\/api.w.org\/{rel}","templated":true}]}}