{"id":40448,"date":"2023-04-13T10:11:02","date_gmt":"2023-04-13T00:11:02","guid":{"rendered":"https:\/\/www.esim4.com\/chariot\/"},"modified":"2024-09-10T20:47:14","modified_gmt":"2024-09-10T10:47:14","slug":"cart","status":"publish","type":"page","link":"https:\/\/www.esim4.com\/fr\/cart\/","title":{"rendered":"Chariot"},"content":{"rendered":"\n\n<div class=\"row row-full-width align-middle align-center\"  id=\"row-1676099108\">\n\n\n\t<div id=\"col-1083406095\" class=\"col medium-4 small-12 large-4\"  >\n\t\t\t\t<div class=\"col-inner text-center\"  >\n\t\t\t\n\t\t\t\n\n\t<div class=\"img has-hover x md-x lg-x y md-y lg-y\" id=\"image_195887898\">\n\t\t\t\t\t\t\t\t<div class=\"img-inner dark\" >\n\t\t\t<img loading=\"lazy\" decoding=\"async\" width=\"600\" height=\"259\" src=\"https:\/\/www.esim4.com\/wp-content\/uploads\/2024\/08\/visualhunter-0d9dcab4598e19a1dc088fb4fdf94151.png\" class=\"attachment-large size-large\" alt=\"\" srcset=\"https:\/\/www.esim4.com\/wp-content\/uploads\/2024\/08\/visualhunter-0d9dcab4598e19a1dc088fb4fdf94151.png 600w, https:\/\/www.esim4.com\/wp-content\/uploads\/2024\/08\/visualhunter-0d9dcab4598e19a1dc088fb4fdf94151-510x220.png 510w\" sizes=\"auto, (max-width: 600px) 100vw, 600px\">\t\t\t\t\t\t\n\t\t\t\t\t<\/div>\n\t\t\t\t\t\t\t\t\n<style>\n#image_195887898 {\n  width: 50%;\n}\n<\/style>\n\t<\/div>\n\t\n\n\n\t\t<\/div>\n\t\t\t\t\t<\/div>\n\n\t\n\n<\/div>\n<div class=\"row row-collapse row-full-width\"  id=\"row-554030471\">\n\n\n\t<div id=\"col-349529431\" class=\"col medium-4 small-12 large-4\"  >\n\t\t\t\t<div class=\"col-inner\"  >\n\t\t\t\n\t\t\t\n\n\t<div class=\"img has-hover x md-x lg-x y md-y lg-y\" id=\"image_1045909\">\n\t\t\t\t\t\t\t\t<div class=\"img-inner dark\" >\n\t\t\t<img loading=\"lazy\" decoding=\"async\" width=\"246\" height=\"75\" src=\"https:\/\/www.esim4.com\/wp-content\/uploads\/2024\/08\/sdfsdf.png\" class=\"attachment-large size-large\" alt=\"\">\t\t\t\t\t\t\n\t\t\t\t\t<\/div>\n\t\t\t\t\t\t\t\t\n<style>\n#image_1045909 {\n  width: 48%;\n}\n<\/style>\n\t<\/div>\n\t\n\n\t<div class=\"img has-hover x md-x lg-x y md-y lg-y\" id=\"image_1724479000\">\n\t\t\t\t\t\t\t\t<div class=\"img-inner dark\" >\n\t\t\t<img loading=\"lazy\" decoding=\"async\" width=\"530\" height=\"101\" src=\"https:\/\/www.esim4.com\/wp-content\/uploads\/2024\/08\/TP.png\" class=\"attachment-large size-large\" alt=\"\" srcset=\"https:\/\/www.esim4.com\/wp-content\/uploads\/2024\/08\/TP.png 530w, https:\/\/www.esim4.com\/wp-content\/uploads\/2024\/08\/TP-510x97.png 510w\" sizes=\"auto, (max-width: 530px) 100vw, 530px\">\t\t\t\t\t\t\n\t\t\t\t\t<\/div>\n\t\t\t\t\t\t\t\t\n<style>\n#image_1724479000 {\n  width: 30%;\n}\n<\/style>\n\t<\/div>\n\t\n\n<p><strong>Utilisation de l&rsquo;eSim4 pour la Croatie<\/strong><\/p>\n<p>J&rsquo;ai utilis\u00e9 l&rsquo;eSim4 pour la Croatie. J&rsquo;ai re\u00e7u le code QR imm\u00e9diatement apr\u00e8s la commande et l&rsquo;activation a \u00e9t\u00e9 facile. J&rsquo;ai oubli\u00e9 d&rsquo;activer l&rsquo;itin\u00e9rance sur le nouvel eSim, mais leur service client\u00e8le m&rsquo;a r\u00e9pondu instantan\u00e9ment et m&rsquo;a beaucoup aid\u00e9 \u00e0 identifier le probl\u00e8me. Ils ont une appli appel\u00e9e Yabb pour v\u00e9rifier ma consommation de donn\u00e9es, recharger l&rsquo;eSim, passer des appels et envoyer des SMS. Dans l&rsquo;ensemble, je suis tr\u00e8s satisfait.<\/p>\n\n\t\t<\/div>\n\t\t\t\t\n<style>\n#col-349529431 > .col-inner {\n  padding: 0px 15px 0px 0px;\n}\n<\/style>\n\t<\/div>\n\n\t\n\n\t<div id=\"col-444427808\" class=\"col medium-4 small-12 large-4\"  >\n\t\t\t\t<div class=\"col-inner\"  >\n\t\t\t\n\t\t\t\n\n\t<div class=\"img has-hover x md-x lg-x y md-y lg-y\" id=\"image_1517399449\">\n\t\t\t\t\t\t\t\t<div class=\"img-inner dark\" >\n\t\t\t<img loading=\"lazy\" decoding=\"async\" width=\"240\" height=\"67\" src=\"https:\/\/www.esim4.com\/wp-content\/uploads\/2024\/08\/Screenshot-2024-08-29-173643-jpg.webp\" class=\"attachment-large size-large\" alt=\"\">\t\t\t\t\t\t\n\t\t\t\t\t<\/div>\n\t\t\t\t\t\t\t\t\n<style>\n#image_1517399449 {\n  width: 44%;\n}\n<\/style>\n\t<\/div>\n\t\n\n\t<div class=\"img has-hover x md-x lg-x y md-y lg-y\" id=\"image_286642415\">\n\t\t\t\t\t\t\t\t<div class=\"img-inner dark\" >\n\t\t\t<img loading=\"lazy\" decoding=\"async\" width=\"530\" height=\"101\" src=\"https:\/\/www.esim4.com\/wp-content\/uploads\/2024\/08\/TP.png\" class=\"attachment-large size-large\" alt=\"\" srcset=\"https:\/\/www.esim4.com\/wp-content\/uploads\/2024\/08\/TP.png 530w, https:\/\/www.esim4.com\/wp-content\/uploads\/2024\/08\/TP-510x97.png 510w\" sizes=\"auto, (max-width: 530px) 100vw, 530px\">\t\t\t\t\t\t\n\t\t\t\t\t<\/div>\n\t\t\t\t\t\t\t\t\n<style>\n#image_286642415 {\n  width: 30%;\n}\n<\/style>\n\t<\/div>\n\t\n\n<p><strong>La vitesse des donn\u00e9es \u00e9tait plus rapide que celle de mon op\u00e9rateur national<\/strong><\/p>\n<p>J&rsquo;ai achet\u00e9 une eSIM de 1GB &#8211; 7 jours pour mon voyage au Japon sur leur site web. Le code QR pour installer l&rsquo;eSim est arriv\u00e9 par email quelques minutes apr\u00e8s ma commande. J&rsquo;ai install\u00e9 l&rsquo;eSim sur mon t\u00e9l\u00e9phone portable en Australie avant de partir pour Tokyo et lorsque je suis arriv\u00e9, mon t\u00e9l\u00e9phone indiquait que j&rsquo;avais une connexion de donn\u00e9es avec Docomo. La connexion n&rsquo;a jamais \u00e9t\u00e9 interrompue pendant mes 5 jours de vacances au Japon et la vitesse \u00e9tait plus rapide que celle que j&rsquo;obtenais avec mon op\u00e9rateur australien.<\/p>\n\n\t\t<\/div>\n\t\t\t\t\n<style>\n#col-444427808 > .col-inner {\n  padding: 0px 15px 0px 0px;\n}\n<\/style>\n\t<\/div>\n\n\t\n\n\t<div id=\"col-4057525\" class=\"col medium-4 small-12 large-4\"  >\n\t\t\t\t<div class=\"col-inner\"  >\n\t\t\t\n\t\t\t\n\n\t<div class=\"img has-hover x md-x lg-x y md-y lg-y\" id=\"image_1340811161\">\n\t\t\t\t\t\t\t\t<div class=\"img-inner dark\" >\n\t\t\t<img loading=\"lazy\" decoding=\"async\" width=\"295\" height=\"66\" src=\"https:\/\/www.esim4.com\/wp-content\/uploads\/2024\/08\/Screenshot-2024-08-29-173706-jpg.webp\" class=\"attachment-large size-large\" alt=\"\">\t\t\t\t\t\t\n\t\t\t\t\t<\/div>\n\t\t\t\t\t\t\t\t\n<style>\n#image_1340811161 {\n  width: 52%;\n}\n<\/style>\n\t<\/div>\n\t\n\n\t<div class=\"img has-hover x md-x lg-x y md-y lg-y\" id=\"image_1624733096\">\n\t\t\t\t\t\t\t\t<div class=\"img-inner dark\" >\n\t\t\t<img loading=\"lazy\" decoding=\"async\" width=\"530\" height=\"101\" src=\"https:\/\/www.esim4.com\/wp-content\/uploads\/2024\/08\/TP.png\" class=\"attachment-large size-large\" alt=\"\" srcset=\"https:\/\/www.esim4.com\/wp-content\/uploads\/2024\/08\/TP.png 530w, https:\/\/www.esim4.com\/wp-content\/uploads\/2024\/08\/TP-510x97.png 510w\" sizes=\"auto, (max-width: 530px) 100vw, 530px\">\t\t\t\t\t\t\n\t\t\t\t\t<\/div>\n\t\t\t\t\t\t\t\t\n<style>\n#image_1624733096 {\n  width: 30%;\n}\n<\/style>\n\t<\/div>\n\t\n\n<p><strong>Plus rapide que le Wifi des h\u00f4tels au Vietnam<\/strong><\/p>\n<p>Il a voyag\u00e9 des \u00c9tats-Unis \u00e0 Singapour, en Malaisie, \u00e0 Hong Kong, \u00e0 Ta\u00efwan, au Japon, en Tha\u00eflande et au Vi\u00eat Nam. Au d\u00e9part, j&rsquo;ai achet\u00e9 une eSIM pour chaque pays lorsque j&rsquo;ai atterri, mais je n&rsquo;ai pas utilis\u00e9 toutes les donn\u00e9es avant de partir pour la destination suivante. \u00c0 Hong Kong, j&rsquo;ai achet\u00e9 leur eSIM pour l&rsquo;Asie qui peut \u00eatre utilis\u00e9e pour tous les pays que je pr\u00e9voyais de visiter, de sorte que je n&rsquo;ai pas gaspill\u00e9 de donn\u00e9es inutilis\u00e9es. Je suis \u00e0 l&rsquo;h\u00f4tel intercontinental de Danang, au Vietnam, et la vitesse de cette eSIM est sup\u00e9rieure \u00e0 celle du Wifi de l&rsquo;h\u00f4tel.<\/p>\n\n\t\t<\/div>\n\t\t\t\t\n<style>\n#col-4057525 > .col-inner {\n  padding: 0px 15px 0px 0px;\n}\n<\/style>\n\t<\/div>\n\n\t\n\n<\/div>\n\n","protected":false},"excerpt":{"rendered":"","protected":false},"author":1,"featured_media":0,"parent":0,"menu_order":0,"comment_status":"closed","ping_status":"closed","template":"","meta":{"_acf_changed":false,"footnotes":""},"class_list":["post-40448","page","type-page","status-publish","hentry"],"acf":[],"jetpack_sharing_enabled":true,"_links":{"self":[{"href":"https:\/\/www.esim4.com\/fr\/wp-json\/wp\/v2\/pages\/40448","targetHints":{"allow":["GET"]}}],"collection":[{"href":"https:\/\/www.esim4.com\/fr\/wp-json\/wp\/v2\/pages"}],"about":[{"href":"https:\/\/www.esim4.com\/fr\/wp-json\/wp\/v2\/types\/page"}],"author":[{"embeddable":true,"href":"https:\/\/www.esim4.com\/fr\/wp-json\/wp\/v2\/users\/1"}],"replies":[{"embeddable":true,"href":"https:\/\/www.esim4.com\/fr\/wp-json\/wp\/v2\/comments?post=40448"}],"version-history":[{"count":1,"href":"https:\/\/www.esim4.com\/fr\/wp-json\/wp\/v2\/pages\/40448\/revisions"}],"predecessor-version":[{"id":40450,"href":"https:\/\/www.esim4.com\/fr\/wp-json\/wp\/v2\/pages\/40448\/revisions\/40450"}],"wp:attachment":[{"href":"https:\/\/www.esim4.com\/fr\/wp-json\/wp\/v2\/media?parent=40448"}],"curies":[{"name":"wp","href":"https:\/\/api.w.org\/{rel}","templated":true}]}}