{"id":40458,"date":"2023-04-22T08:14:22","date_gmt":"2023-04-21T22:14:22","guid":{"rendered":"https:\/\/www.esim4.com\/appareils-compatibles-avec-lesim\/"},"modified":"2024-09-11T03:29:53","modified_gmt":"2024-09-10T17:29:53","slug":"appareils-compatibles-avec-lesim","status":"publish","type":"page","link":"https:\/\/www.esim4.com\/fr\/appareils-compatibles-avec-lesim\/","title":{"rendered":"Appareils compatibles avec l&rsquo;eSIM"},"content":{"rendered":"\n  <div id=\"page-header-2142947766\" class=\"page-header-wrapper\">\n  <div class=\"page-title light simple-title\">\n\n    \n    <div class=\"page-title-inner container align-center text-center flex-row-col medium-flex-wrap\" >\n              <div class=\"title-wrapper flex-col\">\n          <h1 class=\"entry-title mb-0\">\n            Appareils compatibles avec l&rsquo;eSIM          <\/h1>\n        <\/div>\n                    <div class=\"title-content flex-col\">\n        <div class=\"title-breadcrumbs pb-half pt-half\"><nav class=\"woocommerce-breadcrumb breadcrumbs uppercase\">Accueil<\/nav><\/div>      <\/div>\n    <\/div>\n\n       <\/div>\n    <\/div>\n  \n\n<header class=\"mb-6\">\n<h1 class=\"measure-sm mb-6 text-blue-800 font-display font-bold text-2xl md:text-3xl\">Quels sont les appareils compatibles avec l&rsquo;eSIM ?<\/h1>\n<\/header>\n<div class=\"typeset space-y-6 measure-md text-lg\">\n<p>La liste ci-dessous s&rsquo;\u00e9toffe au fur et \u00e0 mesure que de nouveaux appareils compatibles avec l&rsquo;eSIM sont mis sur le march\u00e9.<\/p>\n<p>Pour utiliser une eSIM, votre appareil doit \u00eatre d\u00e9bloqu\u00e9 par l&rsquo;op\u00e9rateur et compatible avec la technologie eSIM.\nConsultez la liste ci-dessous pour savoir si votre appareil est compatible avec la technologie eSIM.\n(Notez que des restrictions sp\u00e9cifiques \u00e0 votre pays et \u00e0 votre op\u00e9rateur peuvent s&rsquo;appliquer.)*  <\/p>\n<p>\u00c0 compter d&rsquo;<b>octobre 2023<\/b>, les appareils compatibles avec l&rsquo;eSIM sont les suivants :<\/p>\n<h4><b>POMME*<\/b><\/h4>\n<ul>\n<li aria-level=\"1\">iPhone 15<\/li>\n<li aria-level=\"1\">iPhone 15 Plus<\/li>\n<li aria-level=\"1\">iPhone 15 Pro<\/li>\n<li aria-level=\"1\">iPhone 15 Pro Max<\/li>\n<li aria-level=\"1\">iPhone 14<\/li>\n<li aria-level=\"1\">iPhone 14 Plus<\/li>\n<li aria-level=\"1\">iPhone 14 Pro<\/li>\n<li aria-level=\"1\">iPhone 14 Pro Max<\/li>\n<li aria-level=\"1\">iPhone 13<\/li>\n<li aria-level=\"1\">iPhone 13 Mini<\/li>\n<li aria-level=\"1\">iPhone 13 Pro<\/li>\n<li aria-level=\"1\">iPhone 13 Pro Max<\/li>\n<li aria-level=\"1\">iPhone 12<\/li>\n<li aria-level=\"1\">iPhone 12 Mini<\/li>\n<li aria-level=\"1\">iPhone 12 Pro<\/li>\n<li aria-level=\"1\">iPhone 12 Pro Max<\/li>\n<li aria-level=\"1\">iPhone 11<\/li>\n<li aria-level=\"1\">iPhone 11 Pro<\/li>\n<li aria-level=\"1\">iPhone 11 Pro Max<\/li>\n<li aria-level=\"1\">iPhone XS<\/li>\n<li aria-level=\"1\">iPhone XS Max<\/li>\n<li aria-level=\"1\">iPhone XR<\/li>\n<li aria-level=\"1\">iPhone SE (2020)<\/li>\n<li aria-level=\"1\">iPhone SE (2022)<\/li>\n<li aria-level=\"1\">iPad Air (3\u00e8me g\u00e9n\u00e9ration)<\/li>\n<li aria-level=\"1\">iPad Air (4\u00e8me g\u00e9n\u00e9ration)<\/li>\n<li aria-level=\"1\">iPad Air (5\u00e8me g\u00e9n\u00e9ration)<\/li>\n<li aria-level=\"1\">iPad Pro 11 pouces (1\u00e8re g\u00e9n\u00e9ration)<\/li>\n<li aria-level=\"1\">iPad Pro 11 pouces (2\u00e8me g\u00e9n\u00e9ration)<\/li>\n<li aria-level=\"1\">iPad Pro 11 pouces (3\u00e8me g\u00e9n\u00e9ration)<\/li>\n<li aria-level=\"1\">iPad Pro 11 pouces (4\u00e8me g\u00e9n\u00e9ration)<\/li>\n<li aria-level=\"1\">iPad Pro 12,9 pouces (3e g\u00e9n\u00e9ration)<\/li>\n<li aria-level=\"1\">iPad Pro 12,9 pouces (4e g\u00e9n\u00e9ration)<\/li>\n<li aria-level=\"1\">iPad Pro 12.9 pouces (5\u00e8me g\u00e9n\u00e9ration)<\/li>\n<li>iPad Pro 12,9 pouces (6e g\u00e9n\u00e9ration)<\/li>\n<li aria-level=\"1\">iPad (7\u00e8me g\u00e9n\u00e9ration)<\/li>\n<li aria-level=\"1\">iPad (8\u00e8me g\u00e9n\u00e9ration)<\/li>\n<li aria-level=\"1\">iPad (9\u00e8me g\u00e9n\u00e9ration)<\/li>\n<li aria-level=\"1\">iPad (10\u00e8me g\u00e9n\u00e9ration)<\/li>\n<li aria-level=\"1\">iPad Mini (5\u00e8me g\u00e9n\u00e9ration)<\/li>\n<li aria-level=\"1\">iPad Mini (6\u00e8me g\u00e9n\u00e9ration)<\/li>\n<\/ul>\n<h6>*Les appareils Apple suivants ne sont pas \u00e9quip\u00e9s de la fonction eSIM :<br>&#8211; Appareils iPhone de la Chine continentale.<br>&#8211; Appareils iPhone de Hong Kong et Macao (\u00e0 l&rsquo;exception de l&rsquo;iPhone 13 Mini, de l&rsquo;iPhone 12 Mini, de l&rsquo;iPhone SE 2020 et de l&rsquo;iPhone XS).<\/h6>\n<h6>*Pour les iPhones et iPads achet\u00e9s en TURQUIE :<br>&#8211; Si vous configurez votre appareil pour la premi\u00e8re fois apr\u00e8s le 23 juin 2020, votre eSIM sera activ\u00e9e apr\u00e8s l&rsquo;installation. Contactez votre op\u00e9rateur si l&rsquo;option eSIM n&rsquo;est pas activ\u00e9e.<\/h6>\n<h6>*Seuls les appareils iPad dot\u00e9s des fonctions Wi-Fi + Cellulaire sont pris en charge.<\/h6>\n<h4><b>SAMSUNG*<\/b><\/h4>\n<ul>\n<li>Galaxy A54 <b> 5G*<\/b><\/li>\n<li>Galaxy <b> S23*<\/b><\/li>\n<li>Galaxy <b> S23+*<\/b><\/li>\n<li>Galaxy S23 <b> Ultra*<\/b><b><\/b><\/li>\n<li>Galaxy S22 <b> 5G*<\/b><\/li>\n<li>Galaxy S22+ <b> 5G*<\/b><\/li>\n<li>Galaxy S22 Ultra <b> 5G*<\/b><\/li>\n<li>Galaxy S21 <b> 5G*<\/b><\/li>\n<li>Galaxy S21+ <b> 5G*<\/b><\/li>\n<li>Galaxy S21 Ultra <b> 5G*<\/b><\/li>\n<li>Galaxy S20 <b> 5G*<\/b><\/li>\n<li>Galaxy <b> S20*<\/b><\/li>\n<li>Galaxy <b> S20+*<\/b><\/li>\n<li>Galaxy S20+ <b> 5G*<\/b><\/li>\n<li>Galaxy S20 <b> Ultra*<\/b><\/li>\n<li>Galaxy S20 Ultra <b> 5G*<\/b><\/li>\n<li>Galaxy Z Flip<\/li>\n<li>Galaxy Z Flip 3 5G<\/li>\n<li>Galaxy Z Flip 4<\/li>\n<li>Galaxy Z Flip 5<\/li>\n<li>Galaxy Z Fold<\/li>\n<li>Galaxy Z Fold 2<\/li>\n<li>Galaxy Z Fold 3<\/li>\n<li>Galaxy Z Fold 4<\/li>\n<li>Galaxy Z Fold 5<\/li>\n<li>Galaxy Note 20<\/li>\n<li>Galaxy Note 20 5G<\/li>\n<li>Galaxy Note 20 Ultra<\/li>\n<li>Galaxy Note 20 Ultra 5G<\/li>\n<\/ul>\n<h6>*Les appareils Samsung Galaxy suivants ne sont pas \u00e9quip\u00e9s de la fonction eSIM :<br>&#8211; Tous les appareils Galaxy provenant de Chine, de Hong Kong et de Ta\u00efwan.<br>&#8211; Tous les mod\u00e8les Galaxy FE \u00ab\u00a0Fan Edition\u00a0\u00bb.<br>&#8211; Mod\u00e8les am\u00e9ricains des Galaxy S20, S21* et Note 20 Ultra.<\/h6>\n<h6>*La plupart des appareils Samsung Galaxy achet\u00e9s en Cor\u00e9e du Sud ne prennent pas en charge les eSIM, \u00e0 l&rsquo;exception des Galaxy S23, S23+, S23 Ultra, Z Flip4, Z Fold4, Z Flip5, Z Fold5 et A54 5G.<\/h6>\n<h6>*La disponibilit\u00e9 de l&rsquo;eSIM du Galaxy A54 5G peut varier en fonction du pays\/de la r\u00e9gion et de l&rsquo;op\u00e9rateur.\nVeuillez contacter votre op\u00e9rateur ou le fabricant de votre appareil pour confirmer que votre appareil Galaxy A54 5G est compatible eSIM. <\/h6>\n<h6><b><\/b>*<b>Les appareils de la s\u00e9rie Galaxy S21 (\u00e0 l&rsquo;exception des mod\u00e8les FE) du Canada et des \u00c9tats-Unis peuvent \u00eatre compatibles eSIM \u00e0 condition que la mise \u00e0 jour One UI 4 soit install\u00e9e.\nVeuillez contacter votre op\u00e9rateur ou le fabricant de votre appareil pour confirmer que votre appareil Samsung est compatible eSIM. <\/b><\/h6>\n<h4><b>PIXEL GOOGLE<\/b><\/h4>\n<ul>\n<li aria-level=\"1\">Pliage de pixels<\/li>\n<li aria-level=\"1\">Pixel 7 Pro<\/li>\n<li>Pixel 7a<\/li>\n<li>Pixel 7<\/li>\n<li aria-level=\"1\">Pixel 6 Pro<\/li>\n<li>Pixel 6a<\/li>\n<li>Pixel 6<\/li>\n<li>Pixel 5a<\/li>\n<li aria-level=\"1\">Pixel 5<\/li>\n<li aria-level=\"1\">Pixel 4a<\/li>\n<li aria-level=\"1\">Pixel 4<\/li>\n<li aria-level=\"1\">Pixel 4 XL<\/li>\n<li aria-level=\"1\">Pixel 3 et 3 XL*<\/li>\n<li aria-level=\"1\">Pixel 3a et 3a XL*<\/li>\n<\/ul>\n<h6><b>*<\/b><b>Les appareils Google Pixel suivants NE disposent PAS de la fonctionnalit\u00e9 eSIM :<br><\/b><b><\/b><b> &#8211; <\/b><b>Les mod\u00e8les Pixel 3 provenant d&rsquo;Australie, de Ta\u00efwan et du Japon, et ceux achet\u00e9s avec un service aupr\u00e8s d&rsquo;op\u00e9rateurs am\u00e9ricains ou canadiens autres que Sprint et Google Fi.<br><\/b><b><\/b><b> &#8211; <\/b><b>Les mod\u00e8les Pixel 3a achet\u00e9s en Asie du Sud-Est et avec un service Verizon.<\/b><\/h6>\n<h4><b>MARTEAU*<\/b><\/h4>\n<ul>\n<li aria-level=\"1\">HAMMER Explorer PRO<\/li>\n<li aria-level=\"1\">Marteau Lame 3<\/li>\n<li aria-level=\"1\">Lame HAMMER 5G<\/li>\n<li aria-level=\"1\">myPhone NOW eSIM<\/li>\n<\/ul>\n<h6>*<b>La prise en charge de l&rsquo;eSIM n&rsquo;est disponible que dans certaines r\u00e9gions.\nVeuillez contacter votre op\u00e9rateur ou le fabricant de votre appareil pour confirmer que votre appareil Hammer est compatible eSIM. <\/b><\/h6>\n<h4><b>HONOR*<\/b><\/h4>\n<ul>\n<li>Honor Magic5 Pro<\/li>\n<li>Honor Magic4 Pro<\/li>\n<li>Honneur 90<\/li>\n<\/ul>\n<h6>*<b>La prise en charge de l&rsquo;eSIM n&rsquo;est disponible que dans certaines r\u00e9gions.\nVeuillez contacter votre op\u00e9rateur ou le fabricant de votre appareil pour confirmer que votre appareil Honor est compatible eSIM. <\/b><\/h6>\n<h4><b>HUAWEI<\/b><\/h4>\n<ul>\n<li aria-level=\"1\">Huawei P40  <\/li>\n<li aria-level=\"1\">Huawei P40 Pro*<\/li>\n<li aria-level=\"1\">Huawei Mate 40 Pro<\/li>\n<\/ul>\n<h6><b>*<\/b><b>Les appareils HUAWEI suivants ne sont pas dot\u00e9s de la fonction eSIM :<br><\/b><b><\/b><b> &#8211; <\/b><b>Huawei P40 Pro+<br><\/b><b><\/b><b> &#8211; <\/b><b>Tous les appareils Huawei achet\u00e9s en Chine ne sont pas compatibles avec l&rsquo;eSIM.<\/b><\/h6>\n<h4><b>MOTOROLA*<\/b><\/h4>\n<ul>\n<li aria-level=\"1\">Motorola Edge 40 Neo<\/li>\n<li>Motorola Edge 40 Pro<\/li>\n<li aria-level=\"1\">Motorola Edge<\/li>\n<li>Motorola Razr 40 Ultra<\/li>\n<li aria-level=\"1\">Motorola Razr 2022<\/li>\n<li aria-level=\"1\">Motorola Razr 2019<\/li>\n<li aria-level=\"1\">Motorola Razr 5G<\/li>\n<li>Motorola G53 5G<\/li>\n<\/ul>\n<h6>*la prise en charge eSIM n&rsquo;est disponible que dans certaines r\u00e9gions.\nVeuillez contacter votre op\u00e9rateur ou le fabricant de votre appareil pour confirmer que votre appareil Motorola est compatible eSIM. <\/h6>\n<h4><b>NOKIA*<\/b><\/h4>\n<ul>\n<li>Nokia XR21<\/li>\n<li>Nokia X30<\/li>\n<\/ul>\n<h6>*<b>La prise en charge de l&rsquo;eSIM n&rsquo;est disponible que dans certaines r\u00e9gions.\nVeuillez contacter votre op\u00e9rateur ou le fabricant de votre appareil pour confirmer que votre appareil Nokia est compatible eSIM. <\/b><\/h6>\n<h4><b>ONEPLUS*<\/b><\/h4>\n<ul>\n<li aria-level=\"1\">OnePlus 11<\/li>\n<\/ul>\n<h6>*<b>La prise en charge de l&rsquo;eSIM n&rsquo;est disponible que dans certaines r\u00e9gions.\nVeuillez contacter votre op\u00e9rateur ou le fabricant de votre appareil pour confirmer que votre appareil OnePlus est compatible eSIM. <\/b><\/h6>\n<h4><b>OPPO*<\/b><\/h4>\n<ul>\n<li aria-level=\"1\">OPPO Find N2 Flip<\/li>\n<li>OPPO Find X3 Pro<\/li>\n<li aria-level=\"1\">OPPO Find X5<\/li>\n<li aria-level=\"1\">OPPO Find X5 Pro<\/li>\n<li aria-level=\"1\">OPPO Reno A<\/li>\n<\/ul>\n<h6><b>*<\/b><b>La disponibilit\u00e9 de l&rsquo;eSIM peut varier en fonction du pays\/de la r\u00e9gion et de l&rsquo;op\u00e9rateur.\nVeuillez contacter votre op\u00e9rateur ou le fabricant de votre appareil pour confirmer que votre appareil Oppo est compatible eSIM. <\/b><\/h6>\n<h4><b>RAKUTEN*<\/b><\/h4>\n<ul>\n<li aria-level=\"1\">Rakuten Big<\/li>\n<li aria-level=\"1\">Rakuten Big S<\/li>\n<li aria-level=\"1\">Rakuten Mini<\/li>\n<li aria-level=\"1\">Rakuten Hand<\/li>\n<\/ul>\n<h6><b>*<\/b><b>La prise en charge de l&rsquo;eSIM n&rsquo;est disponible qu&rsquo;au Japon et dans certaines r\u00e9gions.\nVeuillez contacter votre op\u00e9rateur ou le fabricant de votre appareil pour confirmer que votre appareil Rakuten est compatible eSIM. <\/b><\/h6>\n<h4><b>SHARP*<\/b><\/h4>\n<ul>\n<li aria-level=\"1\">AQUOS Sense4 Lite<\/li>\n<li aria-level=\"1\">AQUOS R7<\/li>\n<li aria-level=\"1\">AQUOS Wish<\/li>\n<li aria-level=\"1\">AQUOS Zero6<\/li>\n<li aria-level=\"1\">AQUOS Sense6<\/li>\n<\/ul>\n<h6><b>*<\/b><b>La prise en charge de l&rsquo;eSIM n&rsquo;est disponible qu&rsquo;au Japon et dans certaines r\u00e9gions.\nVeuillez contacter votre op\u00e9rateur ou le fabricant de votre appareil pour confirmer que votre appareil Aquos est compatible eSIM. <\/b><\/h6>\n<h4><b>SONY<\/b><b>*<\/b><\/h4>\n<ul>\n<li>Sony Xperia 1 V<\/li>\n<li>Sony Xperia 1 IV<\/li>\n<li aria-level=\"1\">Sony Xperia 5 IV<\/li>\n<li aria-level=\"1\">Sony Xperia 10 III Lite<\/li>\n<li aria-level=\"1\">Sony Xperia 10 <b> IV*<\/b><\/li>\n<\/ul>\n<h6><b>*La disponibilit\u00e9 de l&rsquo;eSIM peut varier en fonction du pays\/de la r\u00e9gion et de l&rsquo;op\u00e9rateur.\nVeuillez contacter votre op\u00e9rateur ou le fabricant de votre appareil pour confirmer que votre appareil Xperia est compatible eSIM. <\/b><\/h6>\n<h6><b><\/b><b><\/b><b>*<\/b><b>La prise en charge de l&rsquo;eSIM du Sony Xperia 10 IV n&rsquo;est disponible qu&rsquo;en Europe.\nVeuillez contacter votre op\u00e9rateur ou le fabricant de votre appareil pour confirmer que votre Sony Xperia 10 IV est compatible eSIM. <\/b><b><\/b><\/h6>\n<h4><b>XIAOMI*<\/b><\/h4>\n<ul>\n<li>Xiaomi 13T<\/li>\n<li>Xiaomi 13T Pro<\/li>\n<li>Xiaomi 13<\/li>\n<li aria-level=\"1\">Xiaomi 13 Pro<\/li>\n<li aria-level=\"1\">Xiaomi 13 Lite<\/li>\n<li>Xiaomi 12T Pro<b><\/b><\/li>\n<li>Xiaomi Redmi Note 11 Pro <b> 5G*<\/b><\/li>\n<\/ul>\n<h6><b>*<\/b><b>La disponibilit\u00e9 de l&rsquo;eSIM peut varier en fonction du pays\/de la r\u00e9gion et de l&rsquo;op\u00e9rateur.\nVeuillez contacter votre op\u00e9rateur ou le fabricant de votre appareil pour confirmer que votre appareil Xiaomi est compatible eSIM. <\/b><\/h6>\n<h6><b>*<\/b><b>La prise en charge du Redmi Note 11 Pro 5G eSIM n&rsquo;est disponible qu&rsquo;au Japon.\nVeuillez contacter votre op\u00e9rateur ou le fabricant de l&rsquo;appareil pour confirmer que votre   <\/b><b>Redmi Note 11 Pro 5G <\/b><b>est compatible avec l&rsquo;eSIM.<\/b><\/h6>\n<h4><b>AUTRES*<\/b><\/h4>\n<ul>\n<li>Nuu Mobile X5<\/li>\n<li>Gemini PDA 4G+Wi-Fi<\/li>\n<li>Fairphone 4<\/li>\n<\/ul>\n<h6><b>*<\/b><b>La disponibilit\u00e9 de l&rsquo;eSIM peut varier en fonction du pays\/de la r\u00e9gion et de l&rsquo;op\u00e9rateur.\nVeuillez contacter votre op\u00e9rateur ou le fabricant de votre appareil pour confirmer que votre appareil est compatible avec la carte eSIM. <\/b><\/h6>\n<h3><b>WINDOWS 10*<\/b><b>\/ WINDOWS 11 ORDINATEURS PORTABLES<\/b><\/h3>\n<p><b>ACER<\/b><\/p>\n<ul>\n<li aria-level=\"1\">Acer Swift 3<\/li>\n<li aria-level=\"1\">Acer Swift 7<\/li>\n<li aria-level=\"1\">Acer TravelMate P2<\/li>\n<li aria-level=\"1\">Acer TravelMate Spin P4<\/li>\n<li aria-level=\"1\">Acer TravelMate P6<\/li>\n<\/ul>\n<h4><b>ASUS<\/b><\/h4>\n<ul>\n<li aria-level=\"1\">ASUS Mini Transformer T103HAF<\/li>\n<li aria-level=\"1\">ASUS NovaGo TP370QL<\/li>\n<li aria-level=\"1\">ASUS Vivobook Flip 14 TP401NA<\/li>\n<\/ul>\n<h4><b>DELL<\/b><\/h4>\n<ul>\n<li aria-level=\"1\">Dell Latitude 7210 2-en-1<\/li>\n<li aria-level=\"1\">Dell Latitude 9410<\/li>\n<li aria-level=\"1\">Dell Latitude 7310<\/li>\n<li aria-level=\"1\">Dell Latitude 7410<\/li>\n<li aria-level=\"1\">Dell Latitude 9510<\/li>\n<li aria-level=\"1\">Dell Latitude 5410<\/li>\n<li aria-level=\"1\">Dell Latitude 5411<\/li>\n<li aria-level=\"1\">Dell Latitude 5511<\/li>\n<\/ul>\n<h4><b>HP<\/b><\/h4>\n<ul>\n<li aria-level=\"1\">HP Elitebook G5<\/li>\n<li aria-level=\"1\">HP Probook G5<\/li>\n<li aria-level=\"1\">HP Zbook G5<\/li>\n<li aria-level=\"1\">HP Spectre Folio 13<\/li>\n<\/ul>\n<h4><b>LENOVO<\/b><\/h4>\n<ul>\n<li aria-level=\"1\">ThinkPad X1 Titanium Yoga 2 en 1<\/li>\n<li aria-level=\"1\">ThinkPad X1 Carbon Gen 9<\/li>\n<li aria-level=\"1\">ThinkPad X1 Fold<\/li>\n<li aria-level=\"1\">ThinkPad X1 Nano<\/li>\n<li aria-level=\"1\">ThinkPad X12 d\u00e9tachable<\/li>\n<li aria-level=\"1\">Lenovo Flex 5G<\/li>\n<li aria-level=\"1\">Lenovo Yoga C630<\/li>\n<li aria-level=\"1\">Lenovo Miix 630<\/li>\n<li aria-level=\"1\">Lenovo Yoga 520<\/li>\n<li aria-level=\"1\">Lenovo Yoga 720 (mod\u00e8les 2-en-1)<\/li>\n<\/ul>\n<h4><b>SURFACE*<\/b><\/h4>\n<ul>\n<li aria-level=\"1\">Surface Pro 9<\/li>\n<li aria-level=\"1\">Surface Go 3<\/li>\n<li aria-level=\"1\">Surface Pro X<\/li>\n<li aria-level=\"1\">Surface Duo 2<\/li>\n<li aria-level=\"1\">Surface Duo<\/li>\n<\/ul>\n<h6><b>*<\/b><b>Pour Windows 10 : votre PC doit \u00eatre \u00e9quip\u00e9 de la version 1703 de Windows 10 ou d&rsquo;une version ult\u00e9rieure pour que vous puissiez utiliser une eSIM.\nL&rsquo;appareil doit \u00e9galement \u00eatre compatible avec la technologie LTE. <\/b><\/h6>\n<h6><b>*<\/b><b>Surface : Les appareils verrouill\u00e9s par AT&amp;T ne prennent pas en charge les eSIM.\nSi votre appareil a \u00e9t\u00e9 achet\u00e9 aupr\u00e8s d&rsquo;un autre op\u00e9rateur, il se peut que ce dernier ait d\u00e9sactiv\u00e9 la fonction eSIM de la Surface Duo.\nVeuillez contacter l&rsquo;op\u00e9rateur pour le confirmer.  <\/b><\/h6>\n<\/div>\n\n","protected":false},"excerpt":{"rendered":"","protected":false},"author":1,"featured_media":0,"parent":0,"menu_order":0,"comment_status":"closed","ping_status":"closed","template":"","meta":{"_acf_changed":false,"footnotes":""},"class_list":["post-40458","page","type-page","status-publish","hentry"],"acf":[],"jetpack_sharing_enabled":true,"_links":{"self":[{"href":"https:\/\/www.esim4.com\/fr\/wp-json\/wp\/v2\/pages\/40458","targetHints":{"allow":["GET"]}}],"collection":[{"href":"https:\/\/www.esim4.com\/fr\/wp-json\/wp\/v2\/pages"}],"about":[{"href":"https:\/\/www.esim4.com\/fr\/wp-json\/wp\/v2\/types\/page"}],"author":[{"embeddable":true,"href":"https:\/\/www.esim4.com\/fr\/wp-json\/wp\/v2\/users\/1"}],"replies":[{"embeddable":true,"href":"https:\/\/www.esim4.com\/fr\/wp-json\/wp\/v2\/comments?post=40458"}],"version-history":[{"count":2,"href":"https:\/\/www.esim4.com\/fr\/wp-json\/wp\/v2\/pages\/40458\/revisions"}],"predecessor-version":[{"id":47461,"href":"https:\/\/www.esim4.com\/fr\/wp-json\/wp\/v2\/pages\/40458\/revisions\/47461"}],"wp:attachment":[{"href":"https:\/\/www.esim4.com\/fr\/wp-json\/wp\/v2\/media?parent=40458"}],"curies":[{"name":"wp","href":"https:\/\/api.w.org\/{rel}","templated":true}]}}