{"id":40464,"date":"2023-04-22T08:23:59","date_gmt":"2023-04-21T22:23:59","guid":{"rendered":"https:\/\/www.esim4.com\/comment-verifier-si-mon-appareil-ios-est-compatible-esim-et-debloque-par-un-operateur\/"},"modified":"2025-04-17T10:27:19","modified_gmt":"2025-04-17T00:27:19","slug":"comment-verifier-si-mon-appareil-ios-est-compatible-esim-et-debloque-par-un-operateur","status":"publish","type":"page","link":"https:\/\/www.esim4.com\/fr\/comment-verifier-si-mon-appareil-ios-est-compatible-esim-et-debloque-par-un-operateur\/","title":{"rendered":"Comment v\u00e9rifier si mon appareil iOS est compatible eSIM et d\u00e9bloqu\u00e9 par un op\u00e9rateur ?"},"content":{"rendered":"\n  <div id=\"page-header-56788859\" class=\"page-header-wrapper\">\n  <div class=\"page-title light simple-title\">\n\n    \n    <div class=\"page-title-inner container align-center text-center flex-row-col medium-flex-wrap\" >\n              <div class=\"title-wrapper flex-col\">\n          <h1 class=\"entry-title mb-0\">\n            Comment v\u00e9rifier si mon appareil iOS est compatible eSIM et d\u00e9bloqu\u00e9 par un op\u00e9rateur ?          <\/h1>\n        <\/div>\n                    <div class=\"title-content flex-col\">\n        <div class=\"title-breadcrumbs pb-half pt-half\"><nav class=\"woocommerce-breadcrumb breadcrumbs uppercase\">Accueil<\/nav><\/div>      <\/div>\n    <\/div>\n\n       <\/div>\n    <\/div>\n  \n\n<p>Pour savoir si votre appareil iOS est compatible eSIM et d\u00e9bloqu\u00e9 par un op\u00e9rateur, vous devrez :<\/p>\n<ul>\n<li>Allez sur&nbsp;<strong>Settings&gt; General&gt; About.<\/strong><\/li>\n<li>Faites d\u00e9filer vers le bas pour consulter la section<strong>&nbsp;\u00ab\u00a0Carrier lock<\/strong>\u00a0\u00bb&nbsp;.<\/li>\n<li>Il doit \u00eatre indiqu\u00e9&nbsp;<strong>\u00ab\u00a0NO SIM restrictions\u00a0\u00bb,<\/strong> ce qui signifie que l&rsquo;appareil est d\u00e9verrouill\u00e9.<\/li>\n<li>Faites d\u00e9filer vers le bas pour afficher la page<strong>&nbsp;\u00ab\u00a0SIM DISPONIBLE<\/strong>\u00a0\u00bb&nbsp;(iOS 15 et plus r\u00e9cent) ou&nbsp;section <strong>\u00ab\u00a0DIGITAL SIM\u00a0\u00bb (<\/strong>anciennes versions d&rsquo;iOS).\nIl devrait contenir un IMEI<strong>&nbsp;sous SIM DISPONIBLE ou SIM NUM\u00c9RIQUE<\/strong>, ce qui signifie que l&rsquo;appareil est compatible eSim. <\/li>\n<\/ul>\n<p>Selon la capacit\u00e9 de votre appareil, si vous avez plus d&rsquo;une carte SIM sur l&rsquo;appareil, vous devrez peut-\u00eatre&nbsp;<strong>d\u00e9sactiver\/supprimer temporairement l&rsquo;une des cartes SIM<\/strong>&nbsp;avant d&rsquo;essayer de t\u00e9l\u00e9charger l&rsquo;eSIM.<\/p>\n<p><img loading=\"lazy\" decoding=\"async\" class=\"alignnone size-full wp-image-4176\" src=\"https:\/\/www.esim4.com\/wp-content\/uploads\/2023\/04\/how-to-check-if-my-ios-device-is-esim-compatible-and-carrier-unlocked.png\" alt=\"\" width=\"1434\" height=\"1414\" srcset=\"https:\/\/www.esim4.com\/wp-content\/uploads\/2023\/04\/how-to-check-if-my-ios-device-is-esim-compatible-and-carrier-unlocked.png 1434w, https:\/\/www.esim4.com\/wp-content\/uploads\/2023\/04\/how-to-check-if-my-ios-device-is-esim-compatible-and-carrier-unlocked-406x400.png 406w, https:\/\/www.esim4.com\/wp-content\/uploads\/2023\/04\/how-to-check-if-my-ios-device-is-esim-compatible-and-carrier-unlocked-811x800.png 811w, https:\/\/www.esim4.com\/wp-content\/uploads\/2023\/04\/how-to-check-if-my-ios-device-is-esim-compatible-and-carrier-unlocked-768x757.png 768w, https:\/\/www.esim4.com\/wp-content\/uploads\/2023\/04\/how-to-check-if-my-ios-device-is-esim-compatible-and-carrier-unlocked-510x503.png 510w, https:\/\/www.esim4.com\/wp-content\/uploads\/2023\/04\/how-to-check-if-my-ios-device-is-esim-compatible-and-carrier-unlocked-100x100.png 100w\" sizes=\"auto, (max-width: 1434px) 100vw, 1434px\" \/><\/p>\n","protected":false},"excerpt":{"rendered":"","protected":false},"author":1,"featured_media":0,"parent":0,"menu_order":0,"comment_status":"closed","ping_status":"closed","template":"","meta":{"_acf_changed":false,"footnotes":""},"class_list":["post-40464","page","type-page","status-publish","hentry"],"acf":[],"jetpack_sharing_enabled":true,"_links":{"self":[{"href":"https:\/\/www.esim4.com\/fr\/wp-json\/wp\/v2\/pages\/40464","targetHints":{"allow":["GET"]}}],"collection":[{"href":"https:\/\/www.esim4.com\/fr\/wp-json\/wp\/v2\/pages"}],"about":[{"href":"https:\/\/www.esim4.com\/fr\/wp-json\/wp\/v2\/types\/page"}],"author":[{"embeddable":true,"href":"https:\/\/www.esim4.com\/fr\/wp-json\/wp\/v2\/users\/1"}],"replies":[{"embeddable":true,"href":"https:\/\/www.esim4.com\/fr\/wp-json\/wp\/v2\/comments?post=40464"}],"version-history":[{"count":3,"href":"https:\/\/www.esim4.com\/fr\/wp-json\/wp\/v2\/pages\/40464\/revisions"}],"predecessor-version":[{"id":88978,"href":"https:\/\/www.esim4.com\/fr\/wp-json\/wp\/v2\/pages\/40464\/revisions\/88978"}],"wp:attachment":[{"href":"https:\/\/www.esim4.com\/fr\/wp-json\/wp\/v2\/media?parent=40464"}],"curies":[{"name":"wp","href":"https:\/\/api.w.org\/{rel}","templated":true}]}}