{"id":40467,"date":"2023-05-05T01:17:53","date_gmt":"2023-05-04T15:17:53","guid":{"rendered":"https:\/\/www.esim4.com\/guide-dinstallation-pour-android\/"},"modified":"2024-09-17T18:37:52","modified_gmt":"2024-09-17T08:37:52","slug":"guide-dinstallation-pour-android","status":"publish","type":"page","link":"https:\/\/www.esim4.com\/fr\/guide-dinstallation-pour-android\/","title":{"rendered":"Guide d&rsquo;installation pour Android"},"content":{"rendered":"\n  <div id=\"page-header-133069602\" class=\"page-header-wrapper\">\n  <div class=\"page-title light simple-title\">\n\n    \n    <div class=\"page-title-inner container align-center text-center flex-row-col medium-flex-wrap\" >\n              <div class=\"title-wrapper flex-col\">\n          <h1 class=\"entry-title mb-0\">\n            Guide d&rsquo;installation pour Android          <\/h1>\n        <\/div>\n                    <div class=\"title-content flex-col\">\n        <div class=\"title-breadcrumbs pb-half pt-half\"><nav class=\"woocommerce-breadcrumb breadcrumbs uppercase\">Accueil<\/nav><\/div>      <\/div>\n    <\/div>\n\n       <\/div>\n    <\/div>\n  \n\n<p><span style=\"font-weight: 400;\">La proc\u00e9dure peut varier en fonction de votre appareil et des param\u00e8tres linguistiques.<\/span><\/p>\n<p><b>Informations importantes :<\/b><\/p>\n<p><span style=\"font-weight: 400;\">&#8211; Assurez-vous que votre appareil est compatible avec la carte eSIM et qu&rsquo;il n&rsquo;est pas bloqu\u00e9 par le r\u00e9seau.<\/span><span style=\"font-weight: 400;\"><br><\/span><span style=\"font-weight: 400;\">&#8211; Connectez-vous \u00e0 un r\u00e9seau Wi-Fi solide pour que l&rsquo;activation de l&rsquo;eSIM soit r\u00e9ussie.<\/span><span style=\"font-weight: 400;\"><br><\/span><span style=\"font-weight: 400;\">&#8211; La p\u00e9riode de validit\u00e9 de l&rsquo;eSIM commence d\u00e8s l&rsquo;installation.<\/span><span style=\"font-weight: 400;\"><br><\/span><span style=\"font-weight: 400;\">&#8211; Ne retirez pas l&rsquo;eSIM, car elle ne peut pas \u00eatre r\u00e9install\u00e9e ou r\u00e9g\u00e9n\u00e9r\u00e9e.<\/span><\/p>\n<p><span style=\"font-weight: 400;\">\u00c9tape 1 : Ajoutez une eSIM dans les param\u00e8tres de votre appareil.<\/span><\/p>\n<p><span style=\"font-weight: 400;\">Naviguez vers {Param\u00e8tres} &gt; { Connexions } &gt; { Gestionnaire de carte SIM }.  <br><\/span><\/p>\n<p><span style=\"font-weight: 400;\">\u00c9tape 2 : Choisissez { Ajouter un plan mobile } pour installer l&rsquo;eSIM.<\/span><\/p>\n<p><span style=\"font-weight: 400;\">S\u00e9lectionnez { Ajouter un forfait mobile } &gt; Appuyez sur { Scanner le code QR de l&rsquo;op\u00e9rateur }.<\/span><\/p>\n<p><span style=\"font-weight: 400;\">\u00c9tape 3 : Installez l&rsquo;eSIM \u00e0 l&rsquo;aide du code QR ou de l&rsquo;installation manuelle.<\/span><\/p>\n<p><span style=\"font-weight: 400;\">Scannez le code QR ou saisissez manuellement les d\u00e9tails de votre eSIM trouv\u00e9s dans l&rsquo;e-mail.<\/span><\/p>\n<p><span style=\"font-weight: 400;\">Assurez-vous d&rsquo;une connexion Wi-Fi solide pour r\u00e9ussir l&rsquo;activation de l&rsquo;eSIM.<\/span><\/p>\n<p><span style=\"font-weight: 400;\">\u00c9tape 4 : attendez la fin de l&rsquo;activation de l&rsquo;eSIM.<\/span><\/p>\n<p><span style=\"font-weight: 400;\">Votre eSIM se connecte au r\u00e9seau, ce qui peut prendre plusieurs minutes.<\/span><\/p>\n<p><span style=\"font-weight: 400;\">\u00c9tape 5 : Apposez une \u00e9tiquette sur votre eSIM.<\/span><\/p>\n<p><span style=\"font-weight: 400;\">Apr\u00e8s avoir ajout\u00e9 l&rsquo;eSIM, \u00e9tiquetez-la pour en faciliter la gestion.<\/span><\/p>\n<p><span style=\"font-weight: 400;\">Allez dans {Param\u00e8tres} &gt; { Connexions } &gt; { Gestionnaire de cartes SIM } &gt; Choisissez le profil eSIM &gt; Tapez sur { Nom } &gt; Saisissez un libell\u00e9 personnalis\u00e9, tel que \u00ab\u00a0{ Destination } &#8211; eSIM.\u00a0\u00bb<\/span><\/p>\n<p><span style=\"font-weight: 400;\">L&rsquo;installation est termin\u00e9e !<\/span><span style=\"font-weight: 400;\"><br><\/span><span style=\"font-weight: 400;\">Vous \u00eates presque pr\u00eat \u00e0 utiliser les donn\u00e9es.<\/span><\/p>\n<p><b>Comment acc\u00e9der aux donn\u00e9es<\/b><\/p>\n<p><span style=\"font-weight: 400;\">\u00c9tape 1 : Activez votre profil eSIM.<\/span><\/p>\n<p><span style=\"font-weight: 400;\">Naviguez vers {Param\u00e8tres} &gt; { Connexions } &gt; { Gestionnaire de carte SIM } &gt; Activez votre eSIM.<\/span><\/p>\n<p><span style=\"font-weight: 400;\">\u00c9tape 2 : Activez {Donn\u00e9es en itin\u00e9rance } uniquement pour votre profil eSIM.<\/span><\/p>\n<p><span style=\"font-weight: 400;\">Allez dans {Param\u00e8tres} &gt; { Connexions } &gt; { R\u00e9seaux mobiles } &gt; Activez l&rsquo;option \u00ab\u00a0Donn\u00e9es en itin\u00e9rance\u00a0\u00bb.<\/span><\/p>\n<p><span style=\"font-weight: 400;\">\u00c9tape 3 : S\u00e9lectionnez votre profil eSIM dans {Donn\u00e9es mobiles}.<\/span><\/p>\n<p><span style=\"font-weight: 400;\">Naviguez vers {Param\u00e8tres} &gt; { Connexions } &gt; Appuyez sur { Donn\u00e9es mobiles } &gt; Choisissez votre profil eSIM.<\/span><\/p>\n<p><span style=\"font-weight: 400;\">D\u00e9sactivez la fonction \u00ab\u00a0Commutation automatique des donn\u00e9es\u00a0\u00bb pour \u00e9viter les frais d&rsquo;itin\u00e9rance involontaires de votre op\u00e9rateur national.<\/span><\/p>\n<p><b>D\u00e9pannage &#8211; Impossible d&rsquo;acc\u00e9der \u00e0 Internet<\/b><b><br><\/b><span style=\"font-weight: 400;\">Si vous avez correctement install\u00e9 l&rsquo;eSIM mais que vous ne pouvez pas acc\u00e9der \u00e0 Internet, essayez les \u00e9tapes de d\u00e9pannage suivantes. NE retirez PAS l&rsquo;eSIM, car elle ne peut g\u00e9n\u00e9ralement pas \u00eatre r\u00e9install\u00e9e ou r\u00e9g\u00e9n\u00e9r\u00e9e.<\/span><\/p>\n<ol>\n<li><span style=\"font-weight: 400;\">  S\u00e9lectionnez manuellement un r\u00e9seau.<\/span><\/li>\n<\/ol>\n<p><span style=\"font-weight: 400;\">Allez dans {Param\u00e8tres} &gt; { Connexions } &gt; { R\u00e9seaux mobiles } &gt; { Op\u00e9rateurs de r\u00e9seau }.<\/span><span style=\"font-weight: 400;\"><br><\/span><span style=\"font-weight: 400;\">D\u00e9sactivez le mode automatique et appuyez sur OK pour lancer une recherche de r\u00e9seau.<\/span><\/p>\n<p><span style=\"font-weight: 400;\">Lorsque la liste des r\u00e9seaux disponibles s&rsquo;affiche, s\u00e9lectionnez l&rsquo;un d&rsquo;entre eux.<\/span><\/p>\n<ol start=\"2\">\n<li><span style=\"font-weight: 400;\">  Configurez l&rsquo;APN manuellement, s&rsquo;il est accessible.<\/span><\/li>\n<\/ol>\n<p><span style=\"font-weight: 400;\">Allez dans {Param\u00e8tres} &gt; { Connexions }.<\/span><span style=\"font-weight: 400;\"><br><\/span><span style=\"font-weight: 400;\">S\u00e9lectionnez { R\u00e9seau mobile } &gt; Tapez sur { Noms des points d&rsquo;acc\u00e8s } (ou s\u00e9lectionnez { Avanc\u00e9 } puis tapez sur { Noms des points d&rsquo;acc\u00e8s }).<\/span><span style=\"font-weight: 400;\"><br><\/span><span style=\"font-weight: 400;\">Cliquez sur \u00ab\u00a0Ajouter\u00a0\u00bb.<\/span><span style=\"font-weight: 400;\"><br><\/span><span style=\"font-weight: 400;\">Saisissez l&rsquo;APP de votre courriel et enregistrez.<\/span><span style=\"font-weight: 400;\"><br><\/span><span style=\"font-weight: 400;\">Choisissez l&rsquo;APN que vous venez de cr\u00e9er.<\/span><span style=\"font-weight: 400;\"><br><\/span><span style=\"font-weight: 400;\">Red\u00e9marrez votre appareil.<\/span><\/p>\n\n","protected":false},"excerpt":{"rendered":"","protected":false},"author":1,"featured_media":0,"parent":0,"menu_order":0,"comment_status":"closed","ping_status":"closed","template":"","meta":{"_acf_changed":false,"footnotes":""},"class_list":["post-40467","page","type-page","status-publish","hentry"],"acf":[],"jetpack_sharing_enabled":true,"_links":{"self":[{"href":"https:\/\/www.esim4.com\/fr\/wp-json\/wp\/v2\/pages\/40467","targetHints":{"allow":["GET"]}}],"collection":[{"href":"https:\/\/www.esim4.com\/fr\/wp-json\/wp\/v2\/pages"}],"about":[{"href":"https:\/\/www.esim4.com\/fr\/wp-json\/wp\/v2\/types\/page"}],"author":[{"embeddable":true,"href":"https:\/\/www.esim4.com\/fr\/wp-json\/wp\/v2\/users\/1"}],"replies":[{"embeddable":true,"href":"https:\/\/www.esim4.com\/fr\/wp-json\/wp\/v2\/comments?post=40467"}],"version-history":[{"count":3,"href":"https:\/\/www.esim4.com\/fr\/wp-json\/wp\/v2\/pages\/40467\/revisions"}],"predecessor-version":[{"id":76287,"href":"https:\/\/www.esim4.com\/fr\/wp-json\/wp\/v2\/pages\/40467\/revisions\/76287"}],"wp:attachment":[{"href":"https:\/\/www.esim4.com\/fr\/wp-json\/wp\/v2\/media?parent=40467"}],"curies":[{"name":"wp","href":"https:\/\/api.w.org\/{rel}","templated":true}]}}