{"id":40468,"date":"2023-04-26T02:06:07","date_gmt":"2023-04-25T16:06:07","guid":{"rendered":"https:\/\/www.esim4.com\/conditions-generales-dutilisation\/"},"modified":"2024-09-11T03:23:09","modified_gmt":"2024-09-10T17:23:09","slug":"conditions-generales-dutilisation","status":"publish","type":"page","link":"https:\/\/www.esim4.com\/fr\/conditions-generales-dutilisation\/","title":{"rendered":"Conditions g\u00e9n\u00e9rales d&rsquo;utilisation"},"content":{"rendered":"\n  <div id=\"page-header-1849011250\" class=\"page-header-wrapper\">\n  <div class=\"page-title light simple-title\">\n\n    \n    <div class=\"page-title-inner container align-center text-center flex-row-col medium-flex-wrap\" >\n              <div class=\"title-wrapper flex-col\">\n          <h1 class=\"entry-title mb-0\">\n            Conditions g\u00e9n\u00e9rales d&rsquo;utilisation          <\/h1>\n        <\/div>\n                    <div class=\"title-content flex-col\">\n        <div class=\"title-breadcrumbs pb-half pt-half\"><nav class=\"woocommerce-breadcrumb breadcrumbs uppercase\">Accueil<\/nav><\/div>      <\/div>\n    <\/div>\n\n       <\/div>\n    <\/div>\n  \n\n<p>Les pr\u00e9sentes conditions g\u00e9n\u00e9rales (\u00ab\u00a0Conditions\u00a0\u00bb) r\u00e9gissent votre acc\u00e8s aux services eSIM de Bay Call Pty Limited (les \u00ab\u00a0Services\u00a0\u00bb) fournis par Bay Call Pty Limited, ainsi que l&rsquo;utilisation que vous en faites.\nABN 60 104 926 678 (\u00ab\u00a0Bay Call Pty Limited\u00a0\u00bb, \u00ab\u00a0nous\u00a0\u00bb, \u00ab\u00a0notre\u00a0\u00bb ou \u00ab\u00a0nos\u00a0\u00bb).\nEn acc\u00e9dant aux Services ou en les utilisant, vous acceptez d&rsquo;\u00eatre li\u00e9 par les pr\u00e9sentes Conditions.\nSi vous n&rsquo;acceptez pas une partie de ces conditions, vous ne devez pas acc\u00e9der \u00e0 nos services ni les utiliser.   <\/p>\n<p><strong>Services<\/strong><\/p>\n<p>Bay Call Pty Limited propose une plateforme d&rsquo;achat et de gestion de cartes SIM \u00e9lectroniques (eSIM) pour appareils mobiles en tant que revendeur d&rsquo;eSIM pr\u00e9pay\u00e9es.\nNos services comprennent la vente de profils eSIM et de services associ\u00e9s, tels que la gestion des forfaits et l&rsquo;assistance \u00e0 la client\u00e8le, fournis par des op\u00e9rateurs et des prestataires de services tiers. <\/p>\n<p><strong>Admissibilit\u00e9 et inscription<\/strong><br>Pour utiliser nos services, vous devez \u00eatre \u00e2g\u00e9 d&rsquo;au moins 18 ans et \u00eatre en mesure de conclure des contrats juridiquement contraignants en vertu du droit applicable. Il peut vous \u00eatre demand\u00e9 de cr\u00e9er un compte pour acc\u00e9der \u00e0 certaines fonctionnalit\u00e9s de nos services. Vous vous engagez \u00e0 fournir des informations exactes et compl\u00e8tes lors de votre inscription et \u00e0 tenir \u00e0 jour les informations relatives \u00e0 votre compte. Vous \u00eates responsable du maintien de la confidentialit\u00e9 de votre compte et de votre mot de passe et de la restriction de l&rsquo;acc\u00e8s \u00e0 votre ordinateur ou \u00e0 votre appareil mobile.<\/p>\n<p><strong>Achats<\/strong><br>Lorsque vous effectuez un achat par l&rsquo;interm\u00e9diaire de nos services, vous acceptez de fournir des informations de paiement valides et \u00e0 jour. Vous d\u00e9clarez et garantissez que vous avez le droit l\u00e9gal d&rsquo;utiliser le(s) mode(s) de paiement fourni(s). Nous nous r\u00e9servons le droit de refuser, d&rsquo;annuler ou de modifier votre commande pour quelque raison que ce soit, y compris, mais sans s&rsquo;y limiter, la disponibilit\u00e9 du produit ou du service, des erreurs dans la description ou le prix, ou d&rsquo;autres raisons.<\/p>\n<p><strong>Compatibilit\u00e9 des appareils<\/strong><br>Les profils eSIM de Bay Call Pty Limited sont compatibles avec des appareils et des op\u00e9rateurs sp\u00e9cifiques. Il est de votre responsabilit\u00e9 de vous assurer que votre appareil est compatible avec le profil eSIM et les services associ\u00e9s avant l&rsquo;achat. Nous ne sommes pas responsables des probl\u00e8mes d&rsquo;incompatibilit\u00e9 survenant apr\u00e8s l&rsquo;achat d&rsquo;un profil eSIM.<\/p>\n<p><strong>Pas de remboursement<\/strong><br>Toutes les ventes de profils eSIM sont d\u00e9finitives et non remboursables. Dans le cas o\u00f9 un profil eSIM achet\u00e9 n&rsquo;est pas compatible avec votre appareil ou votre op\u00e9rateur, vous pouvez contacter notre \u00e9quipe d&rsquo;assistance \u00e0 la client\u00e8le pour obtenir de l&rsquo;aide. Toutefois, nous ne garantissons pas que nous serons en mesure de fournir une solution ou un remboursement dans de tels cas.<\/p>\n<p><strong>Limitation de la responsabilit\u00e9<\/strong><br>Dans toute la mesure permise par la loi, Bay Call Pty Limited et ses affili\u00e9s, dirigeants, administrateurs, employ\u00e9s, agents et conc\u00e9dants de licence ne seront pas responsables des dommages indirects, accessoires, sp\u00e9ciaux, cons\u00e9cutifs ou punitifs, ou de toute perte de profits, de donn\u00e9es, d&rsquo;utilisation ou de client\u00e8le, r\u00e9sultant de votre acc\u00e8s aux Services, de leur utilisation ou de votre incapacit\u00e9 \u00e0 y acc\u00e9der ou \u00e0 les utiliser, de la conduite ou du contenu d&rsquo;un tiers sur les Services, de tout contenu obtenu \u00e0 partir des Services, ou de l&rsquo;acc\u00e8s non autoris\u00e9, de l&rsquo;utilisation ou de l&rsquo;alt\u00e9ration de vos transmissions ou de votre contenu.<\/p>\n<p><strong>Droit applicable et juridiction<\/strong><br>Les pr\u00e9sentes conditions sont r\u00e9gies et interpr\u00e9t\u00e9es conform\u00e9ment au droit australien, sans tenir compte des dispositions relatives aux conflits de lois. Vous acceptez de vous soumettre \u00e0 la juridiction personnelle des tribunaux situ\u00e9s en Australie dans le but de r\u00e9gler tous les litiges d\u00e9coulant des pr\u00e9sentes conditions ou de votre utilisation des services, ou s&rsquo;y rapportant.<\/p>\n<p><strong>Modifications des conditions<\/strong><br>Nous nous r\u00e9servons le droit de modifier les pr\u00e9sentes conditions \u00e0 tout moment. Nous vous informerons des changements importants en publiant les conditions mises \u00e0 jour sur notre site web. En continuant \u00e0 utiliser les services apr\u00e8s la date d&rsquo;entr\u00e9e en vigueur des conditions mises \u00e0 jour, vous acceptez les modifications.<\/p>\n<p><strong>Propri\u00e9t\u00e9 intellectuelle<\/strong><br>Tous les droits de propri\u00e9t\u00e9 intellectuelle des services, y compris, mais sans s&rsquo;y limiter, les droits d&rsquo;auteur, les marques commerciales et les brevets, sont d\u00e9tenus par Bay Call Pty Limited ou ses conc\u00e9dants de licence. Vous ne pouvez utiliser aucun de nos droits de propri\u00e9t\u00e9 intellectuelle sans notre accord \u00e9crit pr\u00e9alable.<\/p>\n<p><strong>Indemnit\u00e9<\/strong><br>Vous acceptez d&rsquo;indemniser, de d\u00e9fendre et de d\u00e9gager de toute responsabilit\u00e9 Bay Call Pty Limited et ses affili\u00e9s<\/p>\n<p>L&rsquo;utilisateur est responsable de l&rsquo;utilisation des services et de l&rsquo;acc\u00e8s \u00e0 ces derniers, ainsi que de l&rsquo;acc\u00e8s \u00e0 ces derniers par les utilisateurs, les administrateurs, les employ\u00e9s, les agents et les conc\u00e9dants de licence, contre toute r\u00e9clamation, tout dommage, toute obligation, toute perte, toute responsabilit\u00e9, tout co\u00fbt et toute d\u00e9pense (y compris les honoraires raisonnables d&rsquo;avocat) d\u00e9coulant de ou li\u00e9s \u00e0\n(a) votre acc\u00e8s ou votre utilisation des services ;\n(b) votre violation des pr\u00e9sentes conditions ; ou\n(c) toute violation des lois ou r\u00e8glements applicables.   <\/p>\n<p><strong>Cessation d&rsquo;activit\u00e9<\/strong><\/p>\n<p>Nous pouvons r\u00e9silier ou suspendre votre acc\u00e8s aux services \u00e0 tout moment, sans pr\u00e9avis ni responsabilit\u00e9, pour quelque raison que ce soit, y compris, mais sans s&rsquo;y limiter, en cas de violation des pr\u00e9sentes conditions.\nEn cas de r\u00e9siliation, votre droit d&rsquo;utiliser les services cessera imm\u00e9diatement.\nSi vous souhaitez r\u00e9silier votre compte, vous pouvez simplement cesser d&rsquo;utiliser les services.\nToutes les dispositions des pr\u00e9sentes conditions qui, de par leur nature, devraient survivre \u00e0 la r\u00e9siliation survivront \u00e0 la r\u00e9siliation, y compris, mais sans s&rsquo;y limiter, les dispositions relatives \u00e0 la propri\u00e9t\u00e9, les exclusions de garantie, l&rsquo;indemnisation et les limitations de responsabilit\u00e9.   <\/p>\n<p><strong>S\u00e9v\u00e9rit\u00e9<\/strong><\/p>\n<p>Si une disposition des pr\u00e9sentes conditions est jug\u00e9e inapplicable ou invalide, elle sera limit\u00e9e ou supprim\u00e9e dans la mesure minimale n\u00e9cessaire pour que les conditions restent pleinement en vigueur et applicables.<\/p>\n<p><strong>Int\u00e9gralit\u00e9 de l&rsquo;accord<\/strong><\/p>\n<p>Les pr\u00e9sentes conditions et toutes les politiques ou r\u00e8gles de fonctionnement que nous publions sur notre site web ou concernant les services constituent l&rsquo;int\u00e9gralit\u00e9 de l&rsquo;accord et de la compr\u00e9hension entre vous et nous et r\u00e9gissent votre utilisation des services, rempla\u00e7ant tous les accords, communications et propositions ant\u00e9rieurs ou contemporains, qu&rsquo;ils soient oraux ou \u00e9crits, entre vous et nous (y compris, mais sans s&rsquo;y limiter, toutes les versions ant\u00e9rieures des conditions).<\/p>\n<p><strong>Affectation<\/strong><\/p>\n<p>Vous ne pouvez pas c\u00e9der, transf\u00e9rer ou conc\u00e9der en sous-licence les pr\u00e9sentes conditions sans notre accord \u00e9crit pr\u00e9alable.\nNous pouvons c\u00e9der, transf\u00e9rer ou conc\u00e9der en sous-licence les pr\u00e9sentes conditions sans restriction. <\/p>\n<p><strong>Pas de renonciation<\/strong><\/p>\n<p>Le fait que nous n&rsquo;appliquions pas un droit ou une disposition des pr\u00e9sentes conditions ne sera pas consid\u00e9r\u00e9 comme une renonciation \u00e0 ces droits.\nLa renonciation \u00e0 un tel droit ou \u00e0 une telle disposition ne sera effective que si elle est faite par \u00e9crit et sign\u00e9e par un repr\u00e9sentant d\u00fbment autoris\u00e9 de Bay Call Pty Limited.\nSauf mention expresse dans les pr\u00e9sentes conditions, l&rsquo;exercice par l&rsquo;une ou l&rsquo;autre partie de l&rsquo;un de ses recours en vertu des pr\u00e9sentes conditions ne portera pas pr\u00e9judice \u00e0 ses autres recours en vertu des pr\u00e9sentes conditions ou d&rsquo;une autre mani\u00e8re.  <\/p>\n<p><strong>Contactez nous<\/strong><\/p>\n<p>Si vous avez des questions concernant ces conditions, veuillez nous contacter \u00e0 l&rsquo;adresse suivante : sales@esim4.com<\/p>\n\n\n","protected":false},"excerpt":{"rendered":"","protected":false},"author":1,"featured_media":0,"parent":0,"menu_order":0,"comment_status":"closed","ping_status":"closed","template":"","meta":{"_acf_changed":false,"footnotes":""},"class_list":["post-40468","page","type-page","status-publish","hentry"],"acf":[],"jetpack_sharing_enabled":true,"_links":{"self":[{"href":"https:\/\/www.esim4.com\/fr\/wp-json\/wp\/v2\/pages\/40468","targetHints":{"allow":["GET"]}}],"collection":[{"href":"https:\/\/www.esim4.com\/fr\/wp-json\/wp\/v2\/pages"}],"about":[{"href":"https:\/\/www.esim4.com\/fr\/wp-json\/wp\/v2\/types\/page"}],"author":[{"embeddable":true,"href":"https:\/\/www.esim4.com\/fr\/wp-json\/wp\/v2\/users\/1"}],"replies":[{"embeddable":true,"href":"https:\/\/www.esim4.com\/fr\/wp-json\/wp\/v2\/comments?post=40468"}],"version-history":[{"count":1,"href":"https:\/\/www.esim4.com\/fr\/wp-json\/wp\/v2\/pages\/40468\/revisions"}],"predecessor-version":[{"id":40469,"href":"https:\/\/www.esim4.com\/fr\/wp-json\/wp\/v2\/pages\/40468\/revisions\/40469"}],"wp:attachment":[{"href":"https:\/\/www.esim4.com\/fr\/wp-json\/wp\/v2\/media?parent=40468"}],"curies":[{"name":"wp","href":"https:\/\/api.w.org\/{rel}","templated":true}]}}