{"id":40479,"date":"2023-05-05T01:09:19","date_gmt":"2023-05-04T15:09:19","guid":{"rendered":"https:\/\/www.esim4.com\/guide-dinstallation-pour-ios\/"},"modified":"2024-09-17T18:40:41","modified_gmt":"2024-09-17T08:40:41","slug":"guide-dinstallation-pour-ios","status":"publish","type":"page","link":"https:\/\/www.esim4.com\/fr\/guide-dinstallation-pour-ios\/","title":{"rendered":"Guide d&rsquo;installation pour iOS"},"content":{"rendered":"\n  <div id=\"page-header-322003239\" class=\"page-header-wrapper\">\n  <div class=\"page-title light simple-title\">\n\n    \n    <div class=\"page-title-inner container align-center text-center flex-row-col medium-flex-wrap\" >\n              <div class=\"title-wrapper flex-col\">\n          <h1 class=\"entry-title mb-0\">\n            Guide d&rsquo;installation pour iOS          <\/h1>\n        <\/div>\n                    <div class=\"title-content flex-col\">\n        <div class=\"title-breadcrumbs pb-half pt-half\"><nav class=\"woocommerce-breadcrumb breadcrumbs uppercase\">Accueil<\/nav><\/div>      <\/div>\n    <\/div>\n\n       <\/div>\n    <\/div>\n  \n\n\t<div id=\"gap-584085593\" class=\"gap-element clearfix\" style=\"display:block; height:auto;\">\n\t\t\n<style>\n#gap-584085593 {\n  padding-top: 30px;\n}\n<\/style>\n\t<\/div>\n\t\n\n<div class=\"row\"  id=\"row-490089347\">\n\n\n\t<div id=\"col-1269958573\" class=\"col medium-6 small-12 large-6\"  >\n\t\t\t\t<div class=\"col-inner\"  >\n\t\t\t\n\t\t\t\n\n<p><span style=\"font-weight: 400;\">Suivez ces instructions, qui peuvent varier en fonction de votre appareil et des param\u00e8tres linguistiques.<\/span><\/p>\n<p><b>Informations importantes :<\/b><\/p>\n<p><span style=\"font-weight: 400;\">&#8211; Assurez-vous que votre appareil est compatible avec la carte eSIM et qu&rsquo;il n&rsquo;est pas bloqu\u00e9 par le r\u00e9seau.<br><\/span><span style=\"font-weight: 400;\">&#8211; Connectez-vous \u00e0 un r\u00e9seau Wi-Fi puissant pour activer l&rsquo;eSIM avec succ\u00e8s.<br><\/span><span style=\"font-weight: 400;\">&#8211; Notez que la validit\u00e9 de l&rsquo;eSIM commence d\u00e8s l&rsquo;installation.<br><\/span><span style=\"font-weight: 400;\">&#8211; Ne retirez pas l&rsquo;eSIM, car elle ne peut pas \u00eatre r\u00e9install\u00e9e ou r\u00e9g\u00e9n\u00e9r\u00e9e.<\/span><\/p>\n<p><span style=\"font-weight: 400;\">  1.  <\/span><span style=\"color: #333333;\">Ajouter une eSIM \u00e0 partir des param\u00e8tres de votre appareil.<\/span><\/p>\n<p><span style=\"font-weight: 400;\"> <\/span><span style=\"font-weight: 400;\">Acc\u00e9dez \u00e0 {Param\u00e8tres} &gt; { Cellulaire\/Donn\u00e9es mobiles } &gt; { Ajouter eSIM\/Plan de donn\u00e9es }<\/span><\/p>\n<p><span style=\"color: #333333;\">2. Choisissez l&rsquo;option du code QR pour installer l&rsquo;eSIM.<\/span><\/p>\n<p><span style=\"font-weight: 400;\">Pour les appareils \u00e9quip\u00e9s d&rsquo;iOS 16 et plus, s\u00e9lectionnez { Utiliser le code QR }. Sinon, passez \u00e0 l&rsquo;\u00e9tape suivante.<\/span><\/p>\n<p><span style=\"color: #333333;\">3.Installation de l&rsquo;eSIM \u00e0 l&rsquo;aide d&rsquo;un code QR ou d&rsquo;une saisie manuelle.<\/span><\/p>\n<p><span style=\"font-weight: 400;\"> <\/span><span style=\"font-weight: 400;\">Scannez le code QR ou saisissez manuellement vos informations eSIM, qui se trouvent dans votre courrier \u00e9lectronique.<\/span><\/p>\n<p><span style=\"font-weight: 400;\"> <\/span><span style=\"font-weight: 400;\">Veillez \u00e0 disposer d&rsquo;une connexion Wi-Fi solide pour que l&rsquo;activation de la carte eSIM soit r\u00e9ussie.<\/span><\/p>\n<p><span style=\"font-weight: 400;\">4. En attente de l&rsquo;activation de l&rsquo;eSIM.<\/span><\/p>\n<p><span style=\"font-weight: 400;\"> <\/span><span style=\"font-weight: 400;\">L&rsquo;eSIM se connectera au r\u00e9seau, ce qui peut prendre quelques minutes.\nUne fois la connexion \u00e9tablie, appuyez sur \u00ab\u00a0Termin\u00e9\u00a0\u00bb. <\/span><\/p>\n<p><span style=\"font-weight: 400;\">5. <\/span><span style=\"color: #333333;\">\u00c9tiquetage de votre eSIM.<\/span><\/p>\n<p><span style=\"font-weight: 400;\">Apr\u00e8s avoir ajout\u00e9 votre eSIM, \u00e9tiquetez-la pour faciliter la gestion de vos profils.<\/span><\/p>\n<p><span style=\"font-weight: 400;\">Allez dans {Param\u00e8tres} &gt; { Cellulaire\/Donn\u00e9es mobiles } &gt; profil eSIM &gt; { Libell\u00e9 du plan cellulaire } &gt; Saisissez un libell\u00e9 personnalis\u00e9 (par exemple, { Destination } &#8211; eSIM ).<\/span><\/p>\n<p><span style=\"font-weight: 400;\">L&rsquo;installation est termin\u00e9e !\nVous \u00eates presque pr\u00eat \u00e0 utiliser les donn\u00e9es. <\/span><\/p>\n<p><span style=\"font-weight: 400;\"> <\/span><\/p>\n<p><b>Acc\u00e8s aux donn\u00e9es :<\/b><\/p>\n<p><span style=\"font-weight: 400;\">1. Activez le profil eSIM.<\/span><\/p>\n<p><span style=\"font-weight: 400;\">Naviguez vers {Param\u00e8tres} &gt; { Cellulaire\/Donn\u00e9es mobiles } &gt; Profil eSim &gt; Activez la fonction \u00ab\u00a0Activer cette ligne\u00a0\u00bb.<\/span><\/p>\n<p><span style=\"font-weight: 400;\">2. Activez {Donn\u00e9es en itin\u00e9rance } pour votre profil eSIM uniquement.<\/span><\/p>\n<p><span style=\"font-weight: 400;\">Allez dans {Param\u00e8tres} &gt; { Cellulaire\/Donn\u00e9es mobiles } &gt; Profil eSIM &gt; Activez l&rsquo;option \u00ab\u00a0Donn\u00e9es en itin\u00e9rance\u00a0\u00bb.<\/span><\/p>\n<p><span style=\"font-weight: 400;\">3. Choisissez votre profil eSIM pour { Donn\u00e9es cellulaires }.<\/span><\/p>\n<p><span style=\"font-weight: 400;\">Acc\u00e9dez \u00e0 {Param\u00e8tres} &gt; { Cellulaire\/Donn\u00e9es mobiles } &gt; { Donn\u00e9es cellulaires } &gt; S\u00e9lectionnez votre profil eSIM.<\/span><\/p>\n<p><span style=\"font-weight: 400;\">D\u00e9sactivez l&rsquo;option \u00ab\u00a0Autoriser la commutation des donn\u00e9es cellulaires\u00a0\u00bb pour \u00e9viter les frais d&rsquo;itin\u00e9rance inutiles de votre op\u00e9rateur national.<\/span><\/p>\n<p><span style=\"font-weight: 400;\"> <\/span><\/p>\n<p><b>D\u00e9pannage : Pas d&rsquo;acc\u00e8s \u00e0 Internet<\/b><\/p>\n<p><span style=\"font-weight: 400;\">Si vous avez correctement install\u00e9 l&rsquo;eSIM mais que vous ne pouvez toujours pas acc\u00e9der \u00e0 l&rsquo;internet, essayez ce qui suit :<\/span><\/p>\n<p><span style=\"font-weight: 400;\">&#8211; Ne retirez pas l&rsquo;eSIM, car elle ne peut pas \u00eatre r\u00e9install\u00e9e ou r\u00e9g\u00e9n\u00e9r\u00e9e.<\/span><\/p>\n<p><span style=\"font-weight: 400;\">&#8211; S\u00e9lectionnez manuellement un r\u00e9seau.<\/span><\/p>\n<p><span style=\"font-weight: 400;\">Allez dans {Param\u00e8tres} &gt; { Cellulaire\/Donn\u00e9es mobiles } &gt; Profil eSIM &gt; { S\u00e9lection du r\u00e9seau } &gt; D\u00e9sactivez \u00ab\u00a0Automatique\u00a0\u00bb &gt; Recherchez et s\u00e9lectionnez manuellement le r\u00e9seau d&rsquo;assistance.<\/span><\/p>\n<p><span style=\"font-weight: 400;\"> <\/span><\/p>\n<p> <\/p>\n\n\t\t<\/div>\n\t\t\t\t\t<\/div>\n\n\t\n\n\t<div id=\"col-1533779365\" class=\"col medium-6 small-12 large-6\"  >\n\t\t\t\t<div class=\"col-inner\"  >\n\t\t\t\n\t\t\t\n\n<div class=\"container section-title-container\" ><h3 class=\"section-title section-title-normal\"><b><\/b><span class=\"section-title-main\" >Installation de l&#039;eSIM dans l&#039;iOS avec le code QR<\/span><b><\/b><\/h3><\/div>\n\n<div class=\"video video-fit mb\" style=\"padding-top:100%;\"><iframe loading=\"lazy\" title=\"Apple iOS - How to install travel eSIM with  the QR Code\" width=\"1020\" height=\"574\" src=\"https:\/\/www.youtube.com\/embed\/3Pi_QyZli_s?feature=oembed\" frameborder=\"0\" allow=\"accelerometer; autoplay; clipboard-write; encrypted-media; gyroscope; picture-in-picture; web-share\" referrerpolicy=\"strict-origin-when-cross-origin\" allowfullscreen><\/iframe><\/div>\n\n<div class=\"container section-title-container\" ><h3 class=\"section-title section-title-normal\"><b><\/b><span class=\"section-title-main\" >Installation manuelle de l&#039;eSIM dans iOS<\/span><b><\/b><\/h3><\/div>\n\n<div class=\"video video-fit mb\" style=\"padding-top:100%;\"><p><iframe loading=\"lazy\" title=\"Apple iOS - How to install travel eSIm manually\" width=\"1020\" height=\"574\" src=\"https:\/\/www.youtube.com\/embed\/__qgZn3iAv8?feature=oembed\" frameborder=\"0\" allow=\"accelerometer; autoplay; clipboard-write; encrypted-media; gyroscope; picture-in-picture; web-share\" referrerpolicy=\"strict-origin-when-cross-origin\" allowfullscreen><\/iframe><\/p>\n<\/div>\n\n\n\t\t<\/div>\n\t\t\t\t\t<\/div>\n\n\t\n\n<\/div>\n\n","protected":false},"excerpt":{"rendered":"","protected":false},"author":1,"featured_media":0,"parent":0,"menu_order":0,"comment_status":"closed","ping_status":"closed","template":"","meta":{"_acf_changed":false,"footnotes":""},"class_list":["post-40479","page","type-page","status-publish","hentry"],"acf":[],"jetpack_sharing_enabled":true,"_links":{"self":[{"href":"https:\/\/www.esim4.com\/fr\/wp-json\/wp\/v2\/pages\/40479","targetHints":{"allow":["GET"]}}],"collection":[{"href":"https:\/\/www.esim4.com\/fr\/wp-json\/wp\/v2\/pages"}],"about":[{"href":"https:\/\/www.esim4.com\/fr\/wp-json\/wp\/v2\/types\/page"}],"author":[{"embeddable":true,"href":"https:\/\/www.esim4.com\/fr\/wp-json\/wp\/v2\/users\/1"}],"replies":[{"embeddable":true,"href":"https:\/\/www.esim4.com\/fr\/wp-json\/wp\/v2\/comments?post=40479"}],"version-history":[{"count":4,"href":"https:\/\/www.esim4.com\/fr\/wp-json\/wp\/v2\/pages\/40479\/revisions"}],"predecessor-version":[{"id":76290,"href":"https:\/\/www.esim4.com\/fr\/wp-json\/wp\/v2\/pages\/40479\/revisions\/76290"}],"wp:attachment":[{"href":"https:\/\/www.esim4.com\/fr\/wp-json\/wp\/v2\/media?parent=40479"}],"curies":[{"name":"wp","href":"https:\/\/api.w.org\/{rel}","templated":true}]}}