{"id":81802,"date":"2024-11-05T01:26:38","date_gmt":"2024-11-04T14:26:38","guid":{"rendered":"https:\/\/www.esim4.com\/declaration-de-confidentialite-br\/"},"modified":"2024-12-06T17:21:20","modified_gmt":"2024-12-06T06:21:20","slug":"declaration-de-confidentialite-br","status":"publish","type":"page","link":"https:\/\/www.esim4.com\/fr\/declaration-de-confidentialite-br\/","title":{"rendered":"D\u00e9claration de confidentialit\u00e9 (BR)"},"content":{"rendered":"\n<!-- Legal document generated by Complianz | GDPR\/CCPA Cookie Consent https:\/\/wordpress.org\/plugins\/complianz-gdpr -->\n<div id=\"cmplz-document\" class=\"cmplz-document privacy-statement cmplz-document-br\"><p><i>Cette d\u00e9claration de confidentialit\u00e9 a \u00e9t\u00e9 mise \u00e0 jour le mars 16, 2026 et s\u2019applique aux citoyens et aux r\u00e9sidents permanents l\u00e9gaux du Br\u00e9sil.<\/i><br \/><br \/><\/p><p>Dans cette d\u00e9claration de confidentialit\u00e9, nous expliquons ce que nous faisons avec les donn\u00e9es que nous obtenons \u00e0 votre sujet via <a href=\"https:\/\/www.esim4.com\/fr\/\">https:\/\/www.esim4.com\/fr\/<\/a>. Nous vous recommandons de lire attentivement cette d\u00e9claration. Lors de notre traitement, nous nous conformons aux exigences de la l\u00e9gislation sur la confidentialit\u00e9. Cela signifie, entre autres, que\u00a0:<\/p><ul>\n                <li>nous indiquons clairement dans quelles finalit\u00e9s nous traitons les donn\u00e9es personnelles. Nous faisons cela au moyen de cette d\u00e9claration de confidentialit\u00e9\u00a0;<\/li>\n                <li>nous visons \u00e0 limiter notre recueil de donn\u00e9es personnelles uniquement aux donn\u00e9es personnelles n\u00e9cessaires \u00e0 des finalit\u00e9s l\u00e9gitimes;<\/li>\n                <li>nous demandons d\u2019abord votre consentement explicite pour traiter vos donn\u00e9es personnelles dans les cas n\u00e9cessitant votre consentement;<\/li>\n                <li>nous prenons des mesures de s\u00e9curit\u00e9 appropri\u00e9es afin de prot\u00e9ger vos donn\u00e9es personnelles, et nous en demandons autant des parties traitant des donn\u00e9es personnelles pour nous;<\/li>\n                <li>nous respectons votre droit de consulter, corriger ou supprimer vos donn\u00e9es personnelles si vous en formulez la demande.<\/li>\n            <\/ul><p>Si vous avez des questions ou souhaitez savoir exactement quelles donn\u00e9es nous conservons, veuillez nous contacter.<\/p><h2>1. Finalit\u00e9, donn\u00e9es et dur\u00e9e de conservation<\/h2>Nous pouvons collecter ou recevoir des informations personnelles pour un certain nombre de raisons li\u00e9es \u00e0 nos activit\u00e9s commerciales, notamment les suivantes\u00a0: (cliquez pour d\u00e9plier)<details class=\"cmplz-dropdown dropdown-privacy-statement\"><summary><div><h3>1.1 Contact &#8211; Par t\u00e9l\u00e9phone, courrier, e-mail et\/ou formulaires web<\/h3><\/div><\/summary><p class=\"cmplz-subtitle\">Dans cette finalit\u00e9, nous utilisons les donn\u00e9es suivantes\u00a0:<\/p><p><ul><li>Une adresse e-mail<\/li><li>Adresse IP<\/li><li>Donn\u00e9es de g\u00e9olocalisation<\/li><li>Nom du compte ou pseudonyme<\/li><\/ul><\/p><p class=\"cmplz-subtitle\">La base sur laquelle nous pouvons traiter ces donn\u00e9es est\u00a0:<\/p><p><a target=\"_blank\" rel=\"noopener noreferrer nofollow\" href=\"https:\/\/cookiedatabase.org\/legal-bases\/#agreement\">N\u00e9cessaire pour l\u2019ex\u00e9cution d\u2019un contrat ou des proc\u00e9dures pr\u00e9liminaires li\u00e9es \u00e0 un contrat auquel la personne concern\u00e9e est partie prenante. <\/a><\/p><p class=\"cmplz-subtitle\">Dur\u00e9e de conservation<\/p><p>\u00c0 la fin du service, nous conservons ces donn\u00e9es pendant la p\u00e9riode de temps suivante\u00a0: 12 months.<\/p><\/details><details class=\"cmplz-dropdown dropdown-privacy-statement\"><summary><div><h3>1.2 Paiements<\/h3><\/div><\/summary><p class=\"cmplz-subtitle\">Dans cette finalit\u00e9, nous utilisons les donn\u00e9es suivantes\u00a0:<\/p><p><ul><li>Une adresse e-mail<\/li><li>Adresse IP<\/li><li>Informations sur l\u2019activit\u00e9 internet, y compris, mais sans s\u2019y limiter, l\u2019historique de navigation, l\u2019historique de recherche et les informations concernant l\u2019interaction d\u2019un consommateur avec un site web, une application ou une publicit\u00e9 internet<\/li><li>Donn\u00e9es de g\u00e9olocalisation<\/li><li>Nom du compte ou pseudonyme<\/li><\/ul><\/p><p class=\"cmplz-subtitle\">La base sur laquelle nous pouvons traiter ces donn\u00e9es est\u00a0:<\/p><p><a target=\"_blank\" rel=\"noopener noreferrer nofollow\" href=\"https:\/\/cookiedatabase.org\/legal-bases\/#public\">N\u00e9cessaire \u00e0 l\u2019ex\u00e9cution d\u2019une mission d\u2019int\u00e9r\u00eat public ou \u00e0 l\u2019exercice de l\u2019autorit\u00e9 publique dont est investi le responsable du traitement.<\/a><\/p><p class=\"cmplz-subtitle\">Dur\u00e9e de conservation<\/p><p>\u00c0 la fin du service, nous conservons ces donn\u00e9es pendant la p\u00e9riode de temps suivante\u00a0: 12 months.<\/p><\/details><details class=\"cmplz-dropdown dropdown-privacy-statement\"><summary><div><h3>1.3 Pour prendre en charge les services ou produits que votre client souhaite acheter ou a achet\u00e9s<\/h3><\/div><\/summary><p class=\"cmplz-subtitle\">Dans cette finalit\u00e9, nous utilisons les donn\u00e9es suivantes\u00a0:<\/p><p><ul><li>Une adresse e-mail<\/li><li>Adresse IP<\/li><li>Donn\u00e9es de g\u00e9olocalisation<\/li><li>Nom du compte ou pseudonyme<\/li><\/ul><\/p><p class=\"cmplz-subtitle\">La base sur laquelle nous pouvons traiter ces donn\u00e9es est\u00a0:<\/p><p><a target=\"_blank\" rel=\"noopener noreferrer nofollow\" href=\"https:\/\/cookiedatabase.org\/legal-bases\/#public\">N\u00e9cessaire \u00e0 l\u2019ex\u00e9cution d\u2019une mission d\u2019int\u00e9r\u00eat public ou \u00e0 l\u2019exercice de l\u2019autorit\u00e9 publique dont est investi le responsable du traitement.<\/a><\/p><p class=\"cmplz-subtitle\">Dur\u00e9e de conservation<\/p><p>\u00c0 la fin du service, nous conservons ces donn\u00e9es pendant la p\u00e9riode de temps suivante\u00a0: 12 Months.<\/p><\/details><details class=\"cmplz-dropdown dropdown-privacy-statement\"><summary><div><h3>1.4 Pour pouvoir proposer des produits et services personnalis\u00e9s<\/h3><\/div><\/summary><p class=\"cmplz-subtitle\">Dans cette finalit\u00e9, nous utilisons les donn\u00e9es suivantes\u00a0:<\/p><p><ul><li>Un pr\u00e9nom et un nom de famille<\/li><li>Adresse IP<\/li><li>Donn\u00e9es de g\u00e9olocalisation<\/li><li>Une adresse e-mail<\/li><\/ul><\/p><p class=\"cmplz-subtitle\">La base sur laquelle nous pouvons traiter ces donn\u00e9es est\u00a0:<\/p><p><a target=\"_blank\" rel=\"noopener noreferrer nofollow\" href=\"https:\/\/cookiedatabase.org\/legal-bases\/#public\">N\u00e9cessaire \u00e0 l\u2019ex\u00e9cution d\u2019une mission d\u2019int\u00e9r\u00eat public ou \u00e0 l\u2019exercice de l\u2019autorit\u00e9 publique dont est investi le responsable du traitement.<\/a><\/p><p class=\"cmplz-subtitle\">Dur\u00e9e de conservation<\/p><p>\u00c0 la fin du service, nous conservons ces donn\u00e9es pendant la p\u00e9riode de temps suivante\u00a0: 12 Months.<\/p><\/details><details class=\"cmplz-dropdown dropdown-privacy-statement\"><summary><div><h3>1.5 Livraisons<\/h3><\/div><\/summary><p class=\"cmplz-subtitle\">Dans cette finalit\u00e9, nous utilisons les donn\u00e9es suivantes\u00a0:<\/p><p><ul><li>Une adresse e-mail<\/li><li>Donn\u00e9es de g\u00e9olocalisation<\/li><li>Adresse IP<\/li><li>Nom du compte ou pseudonyme<\/li><\/ul><\/p><p class=\"cmplz-subtitle\">La base sur laquelle nous pouvons traiter ces donn\u00e9es est\u00a0:<\/p><p><a target=\"_blank\" rel=\"noopener noreferrer nofollow\" href=\"https:\/\/cookiedatabase.org\/legal-bases\/#consent\">Apr\u00e8s avoir donn\u00e9 son consentement.<\/a><\/p><p class=\"cmplz-subtitle\">Dur\u00e9e de conservation<\/p><p>\u00c0 la fin du service, nous conservons ces donn\u00e9es pendant la p\u00e9riode de temps suivante\u00a0: 12 Months.<\/p><\/details><details class=\"cmplz-dropdown dropdown-privacy-statement\"><summary><div><h3>1.6 Compiler et analyser des statistiques pour l\u2019am\u00e9lioration du site web.<\/h3><\/div><\/summary><p class=\"cmplz-subtitle\">Dans cette finalit\u00e9, nous utilisons les donn\u00e9es suivantes\u00a0:<\/p><p><ul><li>Une adresse e-mail<\/li><li>Adresse IP<\/li><li>Donn\u00e9es de g\u00e9olocalisation<\/li><li>Nom du compte ou pseudonyme<\/li><\/ul><\/p><p class=\"cmplz-subtitle\">La base sur laquelle nous pouvons traiter ces donn\u00e9es est\u00a0:<\/p><p><a target=\"_blank\" rel=\"noopener noreferrer nofollow\" href=\"https:\/\/cookiedatabase.org\/legal-bases\/#public\">N\u00e9cessaire \u00e0 l\u2019ex\u00e9cution d\u2019une mission d\u2019int\u00e9r\u00eat public ou \u00e0 l\u2019exercice de l\u2019autorit\u00e9 publique dont est investi le responsable du traitement.<\/a><\/p><p class=\"cmplz-subtitle\">Dur\u00e9e de conservation<\/p><p>\u00c0 la fin du service, nous conservons ces donn\u00e9es pendant la p\u00e9riode de temps suivante\u00a0: 12 Months.<\/p><\/details><details class=\"cmplz-dropdown dropdown-privacy-statement\"><summary><div><h3>1.7 Pour pouvoir se conformer aux obligations l\u00e9gales<\/h3><\/div><\/summary><p class=\"cmplz-subtitle\">Dans cette finalit\u00e9, nous utilisons les donn\u00e9es suivantes\u00a0:<\/p><p><ul><li>Une adresse e-mail<\/li><li>Donn\u00e9es de g\u00e9olocalisation<\/li><li>Adresse IP<\/li><li>Nom du compte ou pseudonyme<\/li><\/ul><\/p><p class=\"cmplz-subtitle\">La base sur laquelle nous pouvons traiter ces donn\u00e9es est\u00a0:<\/p><p><a target=\"_blank\" rel=\"noopener noreferrer nofollow\" href=\"https:\/\/cookiedatabase.org\/legal-bases\/#public\">N\u00e9cessaire \u00e0 l\u2019ex\u00e9cution d\u2019une mission d\u2019int\u00e9r\u00eat public ou \u00e0 l\u2019exercice de l\u2019autorit\u00e9 publique dont est investi le responsable du traitement.<\/a><\/p><p class=\"cmplz-subtitle\">Dur\u00e9e de conservation<\/p><p>\u00c0 la fin du service, nous conservons ces donn\u00e9es pendant la p\u00e9riode de temps suivante\u00a0: 12 Monrha.<\/p><\/details><h2>2. Que se passe-t-il si vous ne nous fournissez pas vos informations personnelles\u00a0?<\/h2><p>Si vous ne nous fournissez pas vos informations personnelles, nous pourrions ne pas \u00eatre en mesure de vous fournir les informations, les produits ou l\u2019assistance que vous recherchez.<\/p><h2>3. Cookies<\/h2><p>Notre site web utilise des cookies. Pour plus d\u2019informations sur les cookies, veuillez vous r\u00e9f\u00e9rer \u00e0 notre <a href=\"https:\/\/www.esim4.com\/fr\/politique-en-matiere-de-cookies-br\/\">Politique de cookies<\/a>.&nbsp;<\/p><h2>4. Pratiques de divulgation<\/h2><p><p>Nous divulguons des informations personnelles si nous y sommes tenus par la loi ou par une ordonnance du tribunal, en r\u00e9ponse \u00e0 un organisme d\u2019application de la loi, dans la mesure permise par d\u2019autres dispositions de la loi, pour fournir des informations, ou pour une enqu\u00eate sur une question li\u00e9e \u00e0 la s\u00e9curit\u00e9 publique.<\/p><p>Si notre site web ou notre organisation est repris, vendu ou impliqu\u00e9 dans une fusion ou une acquisition, vos donn\u00e9es peuvent \u00eatre divulgu\u00e9es \u00e0 nos conseillers et \u00e0 tout acheteur potentiel et seront transmises aux nouveaux propri\u00e9taires.<\/p><\/p><p>Nous avons conclu un accord de traitement des donn\u00e9es avec Google.<\/p><p>Google ne peut utiliser les donn\u00e9es pour aucun autre service Google.<\/p><h2>5. S\u00e9curit\u00e9<\/h2><p>Nous nous engageons \u00e0 assurer la s\u00e9curit\u00e9 des donn\u00e9es personnelles. Nous prenons des mesures de s\u00e9curit\u00e9 appropri\u00e9es pour limiter les abus et les acc\u00e8s non autoris\u00e9s aux donn\u00e9es personnelles. Nous veillons ainsi \u00e0 ce que seules les personnes n\u00e9cessaires aient acc\u00e8s \u00e0 vos donn\u00e9es, \u00e0 ce que l\u2019acc\u00e8s aux donn\u00e9es soit prot\u00e9g\u00e9 et \u00e0 ce que nos mesures de s\u00e9curit\u00e9 soient r\u00e9guli\u00e8rement v\u00e9rifi\u00e9es.<\/p><h2>6. Sites web tierces parties<\/h2><p>Cette d\u00e9claration de confidentialit\u00e9 ne s\u2019applique pas aux sites web de tierces parties connect\u00e9s par des liens sur notre site web. Nous ne pouvons garantir que ces tierces parties g\u00e8rent vos donn\u00e9es personnelles de mani\u00e8re fiable ou s\u00e9curis\u00e9e. Nous vous recommandons de lire les d\u00e9clarations de confidentialit\u00e9 de ces sites web avant de les utiliser.<\/p><h2>7. Modifications apport\u00e9es \u00e0 cette d\u00e9claration de confidentialit\u00e9<\/h2><p>Nous nous r\u00e9servons le droit de modifier la pr\u00e9sente d\u00e9claration de confidentialit\u00e9. Il est recommand\u00e9 de consulter r\u00e9guli\u00e8rement cette d\u00e9claration de confidentialit\u00e9 afin de prendre connaissance de toute modification \u00e9ventuelle. De plus, nous vous informerons activement dans la mesure du possible.<\/p><h2>8. Acc\u00e9der \u00e0 vos donn\u00e9es et les modifier<\/h2><p>Si vous avez des questions ou si vous souhaitez savoir quelles donn\u00e9es personnelles nous d\u00e9tenons \u00e0 votre sujet, veuillez nous contacter. Vous pouvez nous contacter en utilisant les informations ci-dessous. Vos droits en mati\u00e8re de donn\u00e9es personnelles\u00a0:<\/p><ul>\n                <li>confirmation de l\u2019existence du traitement\u00a0;<\/li>\n                <li>acc\u00e8s aux donn\u00e9es\u00a0;<\/li>\n                <li>correction de donn\u00e9es incompl\u00e8tes, inexactes ou p\u00e9rim\u00e9es\u00a0;<\/li>\n                <li>anonymisation, blocage ou suppression des donn\u00e9es inutiles, excessives ou trait\u00e9es en d\u00e9saccord avec les dispositions de la Loi G\u00e9n\u00e9rale sur la Protection des Donn\u00e9es personnelles (LGPD)\u00a0;<\/li>\n                <li>portabilit\u00e9 des donn\u00e9es \u00e0 un autre prestataire de services ou de produits, sur demande expresse, conform\u00e9ment \u00e0 la r\u00e9glementation de l\u2019autorit\u00e9 nationale, en respectant les secrets commerciaux et industriels\u00a0;<\/li>\n                <li>effacement des donn\u00e9es personnelles trait\u00e9es avec le consentement du titulaire, sauf dans les cas pr\u00e9vus par l\u2019art. 16 de la Loi G\u00e9n\u00e9rale pour la Protection des Donn\u00e9es personnelles (LGPD)\u00a0;<\/li>\n                <li>informations sur les entit\u00e9s publiques et priv\u00e9es avec lesquelles le responsable du traitement a partag\u00e9 des donn\u00e9es\u00a0;<\/li>\n                <li>informations sur la possibilit\u00e9 de ne pas donner son consentement et sur les cons\u00e9quences du refus.<\/li>\n            <\/ul><p>Pour exercer ces droits, veuillez nous contacter. Veuillez vous reporter aux coordonn\u00e9es figurant au bas de la pr\u00e9sente d\u00e9claration de confidentialit\u00e9.<\/p>\n            <p>Assurez-vous de toujours indiquer clairement qui vous \u00eates, afin que nous puissions \u00eatre certains de ne pas modifier ni supprimer les donn\u00e9es de la mauvaise personne.<\/p><h2>9. D\u00e9poser une plainte<\/h2><p>Si vous n\u2019\u00eates pas satisfait de la mani\u00e8re dont nous traitons (concernant une plainte) le traitement de vos donn\u00e9es personnelles, vous avez le droit de d\u00e9poser une plainte aupr\u00e8s de l\u2019Autorit\u00e9 Nationale de Protection des Donn\u00e9es (ANPD)\u00a0:<\/p><p><br \/>Autoridade Nacional de Prote\u00e7\u00e3o de Dados\n\t\t\t\t\t\t<br \/>\n\t\t\t\t\t\t<br \/>Esplanada dos Minist\u00e9rios,\n\t\t\t\t\t\t<br \/>Bloco C,\n\t\t\t\t\t\t<br \/>2\u00ba andar,\n\t\t\t\t\t\t<br \/>CEP 70297-400 &#8211; Bras\u00edlia \u2013 DF.\n\t\t\t\t\t\t<br \/><a href=\"https:\/\/www.gov.br\/anpd\/pt-br\/canais_atendimento\/\" target=\"_blank\" rel=\"noopener\">Site web<\/a><\/p><h2>10. Enfants<\/h2><p>Notre site web n\u2019est pas con\u00e7u pour les enfants et il n\u2019est pas dans notre intention de recueillir des donn\u00e9es personnelles aupr\u00e8s d\u2019enfants sous l\u2019\u00e2ge de consentement de leur pays de r\u00e9sidence. Nous demandons par cons\u00e9quent aux enfants sous l\u2019\u00e2ge de consentement de ne nous envoyer aucune donn\u00e9e personnelle.<\/p><h2>11. Coordonn\u00e9es<\/h2><p>Bay Call Pty Limited<br \/>\n        Suite 18, 281 &#8211; 287 Sussex Street, Sydney NSW 2000<br \/>\n        Australie<br \/>\n        Site web\u00a0: <a href=\"https:\/\/www.esim4.com\/fr\/\">https:\/\/www.esim4.com\/fr\/<\/a> <br \/>\n        E-mail\u00a0: <span class=\"cmplz-obfuscate\">s&#097;les@<span class=\"cmplz-fmail-domain\">&#101;&#120;.&#099;&#111;&#109;<\/span>e&#115;im4&#046;&#099;&#111;m<\/span> <br \/>\n        Num\u00e9ro de t\u00e9l\u00e9phone\u00a0: +61 2 9283 9292<\/p><h2>Annexe<\/h2><p><h2>WPML<\/h2><p>WPML uses cookies to identify the visitor\u2019s current language, the last visited language and the language of users who have logged in.<\/p><p>While you use the plugin, WPML will share data regarding the site through Installer. No data from the user itself will be shared.<\/p><h2>WPML<\/h2><p>WPML uses cookies to identify the visitor\u2019s current language, the last visited language and the language of users who have logged in.<\/p><p>While you use the plugin, WPML will share data regarding the site through Installer. No data from the user itself will be shared.<\/p><h2>WPML<\/h2><p>WPML uses cookies to identify the visitor\u2019s current language, the last visited language and the language of users who have logged in.<\/p><p>While you use the plugin, WPML will share data regarding the site through Installer. No data from the user itself will be shared.<\/p><h2>WooCommerce<\/h2><p>This sample language includes the basics around what personal data your store may be collecting, storing and sharing, as well as who may have access to that data. Depending on what settings are enabled and which additional plugins are used, the specific information shared by your store will vary. We recommend consulting with a lawyer when deciding what information to disclose on your privacy policy.<\/p><p>We collect information about you during the checkout process on our store.<\/p><h2>What we collect and store<\/h2><p>While you visit our site, we\u2019ll track:<\/p><ul><li>Products you\u2019ve viewed: we\u2019ll use this to, for example, show you products you\u2019ve recently viewed<\/li><li>Location, IP address and browser type: we\u2019ll use this for purposes like estimating taxes and shipping<\/li><li>Shipping address: we\u2019ll ask you to enter this so we can, for instance, estimate shipping before you place an order, and send you the order!<\/li><\/ul><p>We\u2019ll also use cookies to keep track of cart contents while you\u2019re browsing our site.<\/p><p>Note: you may want to further detail your cookie policy, and link to that section from here.<\/p><p>When you purchase from us, we\u2019ll ask you to provide information including your name, billing address, shipping address, email address, phone number, credit card\/payment details and optional account information like username and password. We\u2019ll use this information for purposes, such as, to:<\/p><ul><li>Send you information about your account and order<\/li><li>Respond to your requests, including refunds and complaints<\/li><li>Process payments and prevent fraud<\/li><li>Set up your account for our store<\/li><li>Comply with any legal obligations we have, such as calculating taxes<\/li><li>Improve our store offerings<\/li><li>Send you marketing messages, if you choose to receive them<\/li><\/ul><p>If you create an account, we will store your name, address, email and phone number, which will be used to populate the checkout for future orders.<\/p><p>We generally store information about you for as long as we need the information for the purposes for which we collect and use it, and we are not legally required to continue to keep it. For example, we will store order information for XXX years for tax and accounting purposes. This includes your name, email address and billing and shipping addresses.<\/p><p>We will also store comments or reviews, if you choose to leave them.<\/p><h2>Who on our team has access<\/h2><p>Members of our team have access to the information you provide us. For example, both Administrators and Shop Managers can access:<\/p><ul><li>Order information like what was purchased, when it was purchased and where it should be sent, and<\/li><li>Customer information like your name, email address, and billing and shipping information.<\/li><\/ul><p>Our team members have access to this information to help fulfill orders, process refunds and support you.<\/p><h2>What we share with others<\/h2><p>In this section you should list who you\u2019re sharing data with, and for what purpose. This could include, but may not be limited to, analytics, marketing, payment gateways, shipping providers, and third party embeds.<\/p><p>We share information with third parties who help us provide our orders and store services to you; for example &#8212;<\/p><h3>Payments<\/h3><p>In this subsection you should list which third party payment processors you\u2019re using to take payments on your store since these may handle customer data. We\u2019ve included PayPal as an example, but you should remove this if you\u2019re not using PayPal.<\/p><p>We accept payments through PayPal. When processing payments, some of your data will be passed to PayPal, including information required to process or support the payment, such as the purchase total and billing information.<\/p><p>Please see the <a href=\"https:\/\/www.paypal.com\/us\/webapps\/mpp\/ua\/privacy-full\" target=\"_blank\" rel=\"noopener\">PayPal Privacy Policy<\/a> for more details.<\/p><h2>WPML Translation Management<\/h2><p>WPML Translation Management will send the email address and name of each manager and assigned translator as well as the content itself to Advanced Translation Editor and to the translation services which are used.<\/p><h2>WPML String Translation<\/h2><p>WPML String Translation will send all strings to WPML\u2019s Advanced Translation Editor and to the translation services which are used.<\/p><h2>Burst Statistics<\/h2><p>This website uses Burst Statistics, a Privacy-Friendly Statistics Tool to analyze visitor behavior. For this functionality we (this website) collect anonymized data, stored locally without sharing it with other parties. For more information, please read the <a href=\"https:\/\/burst-statistics.com\/legal\/privacy-statement\/\" target=\"_blank\" rel=\"noopener\">Privacy Statement <\/a>from Burst.<\/p><h2>Complianz | The Privacy Suite for WordPress<\/h2><p>This website uses the Privacy Suite for WordPress by Complianz to collect and record Browser and Device-based Consent. For this functionality, your IP address is anonymized and stored in our database.&nbsp;This service does not process any personally identifiable information and does not share any data with the service provider.&nbsp;For more information, see the Complianz <a href=\"https:\/\/complianz.io\/legal\/privacy-statement\/\" target=\"_blank\" rel=\"noopener\">Privacy Statement<\/a>.<\/p><h2>Stripe<\/h2><p>By using this extension, you may be storing personal data or sharing data with an external service. <a href=\"https:\/\/woocommerce.com\/document\/privacy-payments\/#how-payment-providers-use-data\" target=\"_blank\" rel=\"noopener\">Learn more about how this works, including what you may want to include in your privacy policy<\/a>.<\/p><\/p><\/div>","protected":false},"excerpt":{"rendered":"","protected":false},"author":1,"featured_media":0,"parent":0,"menu_order":0,"comment_status":"closed","ping_status":"closed","template":"","meta":{"_acf_changed":false,"footnotes":""},"class_list":["post-81802","page","type-page","status-publish","hentry"],"acf":[],"jetpack_sharing_enabled":true,"_links":{"self":[{"href":"https:\/\/www.esim4.com\/fr\/wp-json\/wp\/v2\/pages\/81802","targetHints":{"allow":["GET"]}}],"collection":[{"href":"https:\/\/www.esim4.com\/fr\/wp-json\/wp\/v2\/pages"}],"about":[{"href":"https:\/\/www.esim4.com\/fr\/wp-json\/wp\/v2\/types\/page"}],"author":[{"embeddable":true,"href":"https:\/\/www.esim4.com\/fr\/wp-json\/wp\/v2\/users\/1"}],"replies":[{"embeddable":true,"href":"https:\/\/www.esim4.com\/fr\/wp-json\/wp\/v2\/comments?post=81802"}],"version-history":[{"count":1,"href":"https:\/\/www.esim4.com\/fr\/wp-json\/wp\/v2\/pages\/81802\/revisions"}],"predecessor-version":[{"id":81804,"href":"https:\/\/www.esim4.com\/fr\/wp-json\/wp\/v2\/pages\/81802\/revisions\/81804"}],"wp:attachment":[{"href":"https:\/\/www.esim4.com\/fr\/wp-json\/wp\/v2\/media?parent=81802"}],"curies":[{"name":"wp","href":"https:\/\/api.w.org\/{rel}","templated":true}]}}