{"id":44614,"date":"2025-09-08T16:33:14","date_gmt":"2025-09-08T06:33:14","guid":{"rendered":"https:\/\/www.esim4.com\/product\/esim-guam-illimite-4-jours\/"},"modified":"2024-09-10T08:11:42","modified_gmt":"2024-09-09T22:11:42","slug":"esim-guam-illimite-4-jours","status":"publish","type":"product","link":"https:\/\/www.esim4.com\/fr\/produit\/esim-guam-illimite-4-jours\/","title":{"rendered":"eSIM Guam &#8211; Illimit\u00e9 &#8211; 4 jours"},"content":{"rendered":"<p>  Bonjour, Globetrotter ! \ud83d\ude80 Vous vous appr\u00eatez \u00e0 partir en voyage \u00e0 Guam, le joyau cach\u00e9 du monde ? Laissez notre eSIM illimit\u00e9e &#8211; 4 jours \u00eatre votre alli\u00e9 num\u00e9rique fiable, en vous assurant de rester connect\u00e9 \u00e0 chaque \u00e9tape !<\/p>\n<p>  Op\u00e8re sur le r\u00e9seau GTA \u00e0 Guam. Donn\u00e9es \u00e0 haut d\u00e9bit illimit\u00e9es jusqu&rsquo;\u00e0 2 Go d&rsquo;utilisation quotidienne. Apr\u00e8s 2GB, la vitesse sera r\u00e9duite \u00e0 1Mbps.<br \/>  . Que ce soit pour le travail ou les loisirs, comptez sur notre connectivit\u00e9 mobile locale robuste et en temps r\u00e9el d\u00e8s que vous posez le pied sur votre lieu de destination !<\/p>\n<p>  D\u00e9couvrez les avantages de notre eSIM pr\u00e9pay\u00e9e :<br \/>\n  &#8212;&#8212;&#8212;&#8212;&#8212;&#8212;&#8212;&#8212;&#8212;&#8212;&#8212;&#8212;&#8212;&#8212;&#8212;&#8211;<br \/>\n  \ud83c\udfaf Soyez op\u00e9rationnel en moins d&rsquo;une minute. Profitez d&rsquo;une connectivit\u00e9 locale rapide, quel que soit l&rsquo;endroit o\u00f9 vous voyagez.<\/p>\n<p>  \ud83c\udf10 Profitez de la puissance de la connectivit\u00e9 3G\/4G gr\u00e2ce \u00e0 notre eSIM. Profitez des d\u00e9bits internet locaux et dites adieu aux inconv\u00e9nients de l&rsquo;itin\u00e9rance traditionnelle.<\/p>\n<p>  \ud83d\udcb0 B\u00e9n\u00e9ficiez de tarifs locaux avantageux. Abandonnez l&rsquo;incertitude de co\u00fbts d&rsquo;itin\u00e9rance \u00e9lev\u00e9s et impr\u00e9visibles.<\/p>\n<p>  \ud83d\udd70 R\u00e9cup\u00e9rez votre temps sans changer de carte SIM. Oubliez les longues files d&rsquo;attente dans les a\u00e9roports ou la contrainte de changer physiquement de carte SIM.<\/p>\n<p>  Caract\u00e9ristiques distinctives du produit :<br \/>\n  &#8212;&#8212;&#8212;&#8212;&#8212;&#8212;&#8212;&#8212;&#8212;&#8212;&#8212;&#8212;&#8212;&#8212;&#8212;&#8211;<br \/>\n  \u2714\ufe0f Acc\u00e8s aux donn\u00e9es : eSIM pr\u00e9pay\u00e9 illimit\u00e9 &#8211; 4 jours.<\/p>\n<p>  \u2714\ufe0f Validit\u00e9 : B\u00e9n\u00e9ficiez d&rsquo;une p\u00e9riode de validit\u00e9 illimit\u00e9e de 4 jours \u00e0 compter de la date d&rsquo;activation de votre eSIM.<\/p>\n<p>  \u2714\ufe0f Vitesse : Profitez de la connectivit\u00e9 3G\/4G.<\/p>\n<p>  \u2714\ufe0f Type de plan : Donn\u00e9es uniquement. Restez en contact avec toutes vos applications pr\u00e9f\u00e9r\u00e9es et passez des appels via des plateformes telles que WhatsApp, Facebook et bien plus encore.<\/p>\n<p>  \u2714\ufe0f Confidentialit\u00e9 : Nous respectons votre vie priv\u00e9e. Pas besoin de v\u00e9rification d&rsquo;identit\u00e9 &#8211; explorez le monde tout en pr\u00e9servant votre anonymat.<\/p>\n<p>  \u2714\ufe0f R\u00e9seaux : Notre eSIM Guam se synchronise avec les fournisseurs de r\u00e9seaux locaux, garantissant ainsi une couverture ininterrompue.<\/p>\n<p>  \u2714\ufe0f Couverture : B\u00e9n\u00e9ficiez d&rsquo;une couverture compl\u00e8te sur l&rsquo;ensemble de votre destination.<\/p>\n<p>  \u2714\ufe0f Compatibilit\u00e9 : Con\u00e7u exclusivement pour les appareils d\u00e9bloqu\u00e9s prenant en charge l&rsquo;eSIM.<\/p>\n<p>  \u2714\ufe0f Livraison : D\u00e8s l&rsquo;achat, nous vous enverrons par e-mail votre eSIM personnalis\u00e9e et des instructions de configuration d\u00e9taill\u00e9es pour iOS et Android dans les 24 heures. Il suffit de scanner le code QR pour l&rsquo;activer &#8211; c&rsquo;est aussi simple que cela !<\/p>\n<p>  <strong>Que puis-je faire avec les donn\u00e9es illimit\u00e9es &#8211; 4 jours ?<\/strong><br \/>\nAvec notre forfait de donn\u00e9es Illimit\u00e9 &#8211; 4 jours, vous disposerez de suffisamment de donn\u00e9es pour rester connect\u00e9 et profiter au maximum de votre voyage. Voici ce que vous pouvez faire avec les donn\u00e9es illimit\u00e9es &#8211; 4 jours :<br \/>\n<\/p>\n<p>Carte Google<br \/>\nTrouver des itin\u00e9raires ILLIMIT\u00c9S<\/p>\n<p>Spotify<br \/>\n\u00c9couter des chansons ILLIMIT\u00c9ES<\/p>\n<p>YouTube<br \/>\nRegardez des heures de vid\u00e9os ILLIMIT\u00c9ES<\/p>\n<p>Facebook<br \/>\nFaites des publications illimit\u00e9es sur Facebook<\/p>\n<p>Instagram<br \/>\nCr\u00e9ez des posts Instagram ILLIMIT\u00c9S<\/p>\n<p>  *** Avis de non-responsabilit\u00e9 : ces estimations sont donn\u00e9es \u00e0 titre indicatif ; l&rsquo;utilisation r\u00e9elle des donn\u00e9es peut varier.<\/p>\n<p>  T\u00e9l\u00e9chargez et partagez vos souvenirs de voyage sur les m\u00e9dias sociaux et restez en contact avec vos amis et votre famille gr\u00e2ce aux appels vid\u00e9o.<\/p>\n<p>  Chez eSIM4, nous nous engageons \u00e0 offrir les solutions eSIM et Internet mobile les plus fiables \u00e0 travers le monde.  <\/p>\n<p>  Pour toute question ou assistance, n&rsquo;h\u00e9sitez pas \u00e0 nous contacter. Nous vous souhaitons un voyage m\u00e9morable ! \ud83d\ude80<\/p>\n","protected":false},"excerpt":{"rendered":"<p>Bonjour, Globetrotter ! \ud83d\ude80 Vous vous appr\u00eatez \u00e0 partir en voyage \u00e0 Guam, le joyau cach\u00e9 du monde ? Laissez notre eSIM illimit\u00e9e &#8211; 4 jours \u00eatre votre alli\u00e9 num\u00e9rique fiable, en vous assurant de rester connect\u00e9 \u00e0 chaque \u00e9tape ! Op\u00e8re sur le r\u00e9seau GTA \u00e0 Guam. Donn\u00e9es \u00e0 haut d\u00e9bit illimit\u00e9es jusqu&rsquo;\u00e0 2 [&#8230;]\n","protected":false},"featured_media":44615,"template":"","meta":{"_acf_changed":false},"product_brand":[],"product_cat":[712],"product_tag":[],"class_list":{"0":"post-44614","1":"product","2":"type-product","3":"status-publish","4":"has-post-thumbnail","6":"product_cat-guam-fr","8":"first","9":"outofstock","10":"sale","11":"virtual","12":"purchasable","13":"product-type-simple"},"acf":[],"jetpack_sharing_enabled":true,"_links":{"self":[{"href":"https:\/\/www.esim4.com\/fr\/wp-json\/wp\/v2\/product\/44614","targetHints":{"allow":["GET"]}}],"collection":[{"href":"https:\/\/www.esim4.com\/fr\/wp-json\/wp\/v2\/product"}],"about":[{"href":"https:\/\/www.esim4.com\/fr\/wp-json\/wp\/v2\/types\/product"}],"wp:featuredmedia":[{"embeddable":true,"href":"https:\/\/www.esim4.com\/fr\/wp-json\/wp\/v2\/media\/44615"}],"wp:attachment":[{"href":"https:\/\/www.esim4.com\/fr\/wp-json\/wp\/v2\/media?parent=44614"}],"wp:term":[{"taxonomy":"product_brand","embeddable":true,"href":"https:\/\/www.esim4.com\/fr\/wp-json\/wp\/v2\/product_brand?post=44614"},{"taxonomy":"product_cat","embeddable":true,"href":"https:\/\/www.esim4.com\/fr\/wp-json\/wp\/v2\/product_cat?post=44614"},{"taxonomy":"product_tag","embeddable":true,"href":"https:\/\/www.esim4.com\/fr\/wp-json\/wp\/v2\/product_tag?post=44614"}],"curies":[{"name":"wp","href":"https:\/\/api.w.org\/{rel}","templated":true}]}}